{"id":821,"date":"2021-02-23T18:05:46","date_gmt":"2021-02-23T17:05:46","guid":{"rendered":"https:\/\/instant-en-soie.ch\/?page_id=821"},"modified":"2022-12-24T13:52:09","modified_gmt":"2022-12-24T12:52:09","slug":"tabac","status":"publish","type":"page","link":"https:\/\/instant-en-soie.ch\/index.php\/tabac\/","title":{"rendered":"Tabac"},"content":{"rendered":"\t\t<div data-elementor-type=\"wp-page\" data-elementor-id=\"821\" class=\"elementor elementor-821\">\n\t\t\t\t\t\t<section class=\"elementor-section elementor-top-section elementor-element elementor-element-6733461 elementor-section-boxed elementor-section-height-default elementor-section-height-default\" data-id=\"6733461\" data-element_type=\"section\" data-e-type=\"section\">\n\t\t\t\t\t\t<div class=\"elementor-container elementor-column-gap-default\">\n\t\t\t\t\t<div class=\"elementor-column elementor-col-100 elementor-top-column elementor-element elementor-element-d418d69\" data-id=\"d418d69\" data-element_type=\"column\" data-e-type=\"column\">\n\t\t\t<div class=\"elementor-widget-wrap elementor-element-populated\">\n\t\t\t\t\t\t<section class=\"elementor-section elementor-inner-section elementor-element elementor-element-0623db6 elementor-section-boxed elementor-section-height-default elementor-section-height-default\" data-id=\"0623db6\" data-element_type=\"section\" data-e-type=\"section\">\n\t\t\t\t\t\t<div class=\"elementor-container elementor-column-gap-default\">\n\t\t\t\t\t<div class=\"elementor-column elementor-col-50 elementor-inner-column elementor-element elementor-element-dfa9ce1\" data-id=\"dfa9ce1\" data-element_type=\"column\" data-e-type=\"column\">\n\t\t\t<div class=\"elementor-widget-wrap elementor-element-populated\">\n\t\t\t\t\t\t<div class=\"elementor-element elementor-element-2e5ffa8 elementor-button-success elementor-align-center animated-fast elementor-invisible elementor-widget elementor-widget-button\" data-id=\"2e5ffa8\" data-element_type=\"widget\" data-e-type=\"widget\" data-settings=\"{&quot;_animation&quot;:&quot;fadeIn&quot;,&quot;_animation_delay&quot;:1500}\" data-widget_type=\"button.default\">\n\t\t\t\t<div class=\"elementor-widget-container\">\n\t\t\t\t\t\t\t\t\t<div class=\"elementor-button-wrapper\">\n\t\t\t\t\t<a class=\"elementor-button elementor-button-link elementor-size-md\" href=\"https:\/\/instant-en-soie.ch\/index.php\/contact\/\">\n\t\t\t\t\t\t<span class=\"elementor-button-content-wrapper\">\n\t\t\t\t\t\t<span class=\"elementor-button-icon\">\n\t\t\t\t<i aria-hidden=\"true\" class=\"far fa-calendar-alt\"><\/i>\t\t\t<\/span>\n\t\t\t\t\t\t\t\t\t<span class=\"elementor-button-text\">R\u00e9servez votre s\u00e9ance HYPNOSE TABAC maintenant <\/span>\n\t\t\t\t\t<\/span>\n\t\t\t\t\t<\/a>\n\t\t\t\t<\/div>\n\t\t\t\t\t\t\t\t<\/div>\n\t\t\t\t<\/div>\n\t\t\t\t<div class=\"elementor-element elementor-element-fe3391b elementor-invisible elementor-widget elementor-widget-text-editor\" data-id=\"fe3391b\" data-element_type=\"widget\" data-e-type=\"widget\" data-settings=\"{&quot;_animation&quot;:&quot;fadeInUp&quot;}\" data-widget_type=\"text-editor.default\">\n\t\t\t\t<div class=\"elementor-widget-container\">\n\t\t\t\t\t\t\t\t\t<h1>Arr\u00eat du tabac<\/h1><p><strong>Canton de Fribourg<\/strong><\/p><p><span style=\"font-weight: 400;\">L&rsquo;hypnose est une aide pr\u00e9cieuse pour arr\u00eater de fumer.\u00a0Si vous arrivez sur cette page, c\u2019est que vous avez d\u00e9j\u00e0 fait un grand pas pour votre sant\u00e9 physique, mais pas seulement\u2026.\u00e9galement pour votre bien-\u00eatre \u00e9motionnel. Alors, prenez le temps de lire ceci jusqu\u2019au bout<\/span><\/p>\t\t\t\t\t\t\t\t<\/div>\n\t\t\t\t<\/div>\n\t\t\t\t<div class=\"elementor-element elementor-element-7ee90b0 elementor-invisible elementor-widget elementor-widget-text-editor\" data-id=\"7ee90b0\" data-element_type=\"widget\" data-e-type=\"widget\" data-settings=\"{&quot;_animation&quot;:&quot;fadeInUp&quot;}\" data-widget_type=\"text-editor.default\">\n\t\t\t\t<div class=\"elementor-widget-container\">\n\t\t\t\t\t\t\t\t\t<h1>120.- la s\u00e9ance<\/h1><p><b>2 s\u00e9ances conseill\u00e9es<\/b><span style=\"font-weight: 400;\">\u00a0<\/span><\/p><p><span style=\"font-weight: 400;\">Le nombre de s\u00e9ances n\u00e9cessaires diff\u00e8re d\u2019une personne \u00e0 l\u2019autre. Je recontacte mes patients quelques temps apr\u00e8s les s\u00e9ances pour \u00e9valuer le taux de r\u00e9ussite et adapter au mieux ma pratique.\u00a0<\/span><\/p>\t\t\t\t\t\t\t\t<\/div>\n\t\t\t\t<\/div>\n\t\t\t\t<div class=\"elementor-element elementor-element-9211991 elementor-invisible elementor-widget elementor-widget-text-editor\" data-id=\"9211991\" data-element_type=\"widget\" data-e-type=\"widget\" data-settings=\"{&quot;_animation&quot;:&quot;fadeInUp&quot;}\" data-widget_type=\"text-editor.default\">\n\t\t\t\t<div class=\"elementor-widget-container\">\n\t\t\t\t\t\t\t\t\t<h1>Motiv\u00e9(e) ?<\/h1><h4 style=\"letter-spacing: -0.1px;\">Cliquez pour appel direct\u00a0<a style=\"font-size: 18px; letter-spacing: -0.1px;\" href=\"tel:+41797481405\">079 748 14 05<br \/><\/a><\/h4><h4 style=\"letter-spacing: -0.1px;\">Cliquez pour contact par\u00a0<a style=\"letter-spacing: -0.1px; font-size: 18px;\" href=\"https:\/\/wa.me\/41797481405\">Whatsapp<\/a><\/h4><h4 style=\"letter-spacing: -0.1px;\">E-mail\u00a0<a style=\"letter-spacing: -0.1px; font-size: 18px;\" href=\"mailto:contact@instant-en-soie.ch%20?subject=Prise%20de%20contact%20hypnose%20tabac\">contact@instant-en-soie.ch<\/a><\/h4><div><h4 style=\"letter-spacing: -0.1px;\"><a href=\"https:\/\/instant-en-soie.ch\/index.php\/contact\/\">Horaires d&rsquo;ouverture<\/a><\/h4><\/div><h4 style=\"letter-spacing: -0.1px;\"><strong>Cabinet Instant en Soie\u00a0<\/strong><\/h4><h4 style=\"letter-spacing: -0.1px;\"><strong>Route d&rsquo;Est\u00e9venens 94<\/strong><\/h4><h4 style=\"letter-spacing: -0.1px;\"><strong>1687 Est\u00e9venens<\/strong><\/h4>\t\t\t\t\t\t\t\t<\/div>\n\t\t\t\t<\/div>\n\t\t\t\t\t<\/div>\n\t\t<\/div>\n\t\t\t\t<div class=\"elementor-column elementor-col-50 elementor-inner-column elementor-element elementor-element-d996980\" data-id=\"d996980\" data-element_type=\"column\" data-e-type=\"column\">\n\t\t\t<div class=\"elementor-widget-wrap elementor-element-populated\">\n\t\t\t\t\t\t<div class=\"elementor-element elementor-element-621259f elementor-invisible elementor-widget elementor-widget-text-editor\" data-id=\"621259f\" data-element_type=\"widget\" data-e-type=\"widget\" data-settings=\"{&quot;_animation&quot;:&quot;fadeInUp&quot;}\" data-widget_type=\"text-editor.default\">\n\t\t\t\t<div class=\"elementor-widget-container\">\n\t\t\t\t\t\t\t\t\t<h1>M\u00e9thode<\/h1><p><strong>L\u2019arr\u00eat du tabac peut se faire selon 2 m\u00e9thodes<\/strong><\/p><ol><li><span style=\"font-weight: 400;\">En travaillant simplement sur l\u2019habitude. Ce cas se r\u00e9soud bien en quelques s\u00e9ances (2 s\u00e9ances en moyenne).<\/span><\/li><li><span style=\"font-weight: 400;\">Soit cela n\u00e9cessite une introspection pour aller \u00e0 la rencontre de la partie de vous qui r\u00e9siste \u00e0 l\u2019arr\u00eat du tabac car cette partie \u00e0 une \u00ab blessure \u00bb qui est apais\u00e9e par le fait de fumer. Cette approfondissement permet d\u2019aller r\u00e9parer des traumas dont vous n\u2019avez plus conscience ou sortir des \u00e9motions enfouies et occult\u00e9es jusqu\u2019\u00e0 maintenant.Cela peut n\u00e9cessiter plus de s\u00e9ances\u2026\u00a0 mais surtout, cela vous permet de travailler sur vous, pour atteindre un mieux-\u00eatre, une progression sur votre chemin de vie pour \u00eatre encore plus en accord avec vous-m\u00eame.<\/span><\/li><\/ol><p><span style=\"font-weight: 400;\">Je vous propose \u00e9galement l\u2019aide d\u2019un stick d\u2019huile essentielle si cela r\u00e9sonne en vous. Ceci comme outil de \u00ab secours \u00bb et pour pallier aux peurs d\u2019avoir envie qui pourraient survenir ou aux envies elles-m\u00eames.Dans tout les cas, ce sont de merveilleuses exp\u00e9riences v\u00e9cues par les patients qui vont \u00e0 la rencontre d\u2019eux-m\u00eame ou ont l\u2019occasion de d\u00e9couvrir leur potentiel, leur ressource.<\/span><\/p>\t\t\t\t\t\t\t\t<\/div>\n\t\t\t\t<\/div>\n\t\t\t\t<div class=\"elementor-element elementor-element-28f9be5 elementor-invisible elementor-widget elementor-widget-google_maps\" data-id=\"28f9be5\" data-element_type=\"widget\" data-e-type=\"widget\" data-settings=\"{&quot;_animation&quot;:&quot;fadeInRight&quot;}\" data-widget_type=\"google_maps.default\">\n\t\t\t\t<div class=\"elementor-widget-container\">\n\t\t\t\t\t\t\t<div class=\"elementor-custom-embed\">\n\t\t\t<iframe loading=\"lazy\"\n\t\t\t\t\tsrc=\"https:\/\/maps.google.com\/maps?q=Instant%20en%20Soie&#038;t=m&#038;z=10&#038;output=embed&#038;iwloc=near\"\n\t\t\t\t\ttitle=\"Instant en Soie\"\n\t\t\t\t\taria-label=\"Instant en Soie\"\n\t\t\t><\/iframe>\n\t\t<\/div>\n\t\t\t\t\t\t<\/div>\n\t\t\t\t<\/div>\n\t\t\t\t<div class=\"elementor-element elementor-element-88134dc elementor-button-info elementor-align-center elementor-invisible elementor-widget elementor-widget-button\" data-id=\"88134dc\" data-element_type=\"widget\" data-e-type=\"widget\" data-settings=\"{&quot;_animation&quot;:&quot;fadeIn&quot;}\" data-widget_type=\"button.default\">\n\t\t\t\t<div class=\"elementor-widget-container\">\n\t\t\t\t\t\t\t\t\t<div class=\"elementor-button-wrapper\">\n\t\t\t\t\t<a class=\"elementor-button elementor-button-link elementor-size-md\" href=\"https:\/\/instant-en-soie.ch\/index.php\/presentation\/\">\n\t\t\t\t\t\t<span class=\"elementor-button-content-wrapper\">\n\t\t\t\t\t\t<span class=\"elementor-button-icon\">\n\t\t\t\t<i aria-hidden=\"true\" class=\"fas fa-arrow-circle-right\"><\/i>\t\t\t<\/span>\n\t\t\t\t\t\t\t\t\t<span class=\"elementor-button-text\">Qui suis-je ?<\/span>\n\t\t\t\t\t<\/span>\n\t\t\t\t\t<\/a>\n\t\t\t\t<\/div>\n\t\t\t\t\t\t\t\t<\/div>\n\t\t\t\t<\/div>\n\t\t\t\t\t<\/div>\n\t\t<\/div>\n\t\t\t\t\t<\/div>\n\t\t<\/section>\n\t\t\t\t<div class=\"elementor-element elementor-element-372fe0c elementor-widget elementor-widget-spacer\" data-id=\"372fe0c\" data-element_type=\"widget\" data-e-type=\"widget\" data-widget_type=\"spacer.default\">\n\t\t\t\t<div class=\"elementor-widget-container\">\n\t\t\t\t\t\t\t<div class=\"elementor-spacer\">\n\t\t\t<div class=\"elementor-spacer-inner\"><\/div>\n\t\t<\/div>\n\t\t\t\t\t\t<\/div>\n\t\t\t\t<\/div>\n\t\t\t\t<section class=\"elementor-section elementor-inner-section elementor-element elementor-element-1afbfd7 elementor-section-boxed elementor-section-height-default elementor-section-height-default\" data-id=\"1afbfd7\" data-element_type=\"section\" data-e-type=\"section\">\n\t\t\t\t\t\t<div class=\"elementor-container elementor-column-gap-default\">\n\t\t\t\t\t<div class=\"elementor-column elementor-col-50 elementor-inner-column elementor-element elementor-element-f83d0e0\" data-id=\"f83d0e0\" data-element_type=\"column\" data-e-type=\"column\">\n\t\t\t<div class=\"elementor-widget-wrap\">\n\t\t\t\t\t\t\t<\/div>\n\t\t<\/div>\n\t\t\t\t<div class=\"elementor-column elementor-col-50 elementor-inner-column elementor-element elementor-element-3163b9a\" data-id=\"3163b9a\" data-element_type=\"column\" data-e-type=\"column\">\n\t\t\t<div class=\"elementor-widget-wrap\">\n\t\t\t\t\t\t\t<\/div>\n\t\t<\/div>\n\t\t\t\t\t<\/div>\n\t\t<\/section>\n\t\t\t\t\t<\/div>\n\t\t<\/div>\n\t\t\t\t\t<\/div>\n\t\t<\/section>\n\t\t\t\t<\/div>\n\t\t","protected":false},"excerpt":{"rendered":"<p>R\u00e9servez votre s\u00e9ance HYPNOSE TABAC maintenant Arr\u00eat du tabac Canton de Fribourg L&rsquo;hypnose est une aide pr\u00e9cieuse pour arr\u00eater de fumer.\u00a0Si vous arrivez sur cette page, c\u2019est que vous avez d\u00e9j\u00e0 fait un grand pas pour votre sant\u00e9 physique, mais pas seulement\u2026.\u00e9galement pour votre bien-\u00eatre \u00e9motionnel. Alors, prenez le temps de lire ceci jusqu\u2019au bout [&hellip;]<\/p>\n","protected":false},"author":1,"featured_media":0,"parent":0,"menu_order":0,"comment_status":"closed","ping_status":"closed","template":"elementor_header_footer","meta":{"_exactmetrics_skip_tracking":false,"_exactmetrics_sitenote_active":false,"_exactmetrics_sitenote_note":"","_exactmetrics_sitenote_category":0,"footnotes":""},"class_list":["post-821","page","type-page","status-publish","hentry"],"yoast_head":"<!-- This site is optimized with the Yoast SEO plugin v27.5 - https:\/\/yoast.com\/product\/yoast-seo-wordpress\/ -->\n<title>Tabac - Instant en soie<\/title>\n<meta name=\"robots\" content=\"index, follow, max-snippet:-1, max-image-preview:large, max-video-preview:-1\" \/>\n<link rel=\"canonical\" href=\"https:\/\/instant-en-soie.ch\/index.php\/tabac\/\" \/>\n<meta property=\"og:locale\" content=\"fr_FR\" \/>\n<meta property=\"og:type\" content=\"article\" \/>\n<meta property=\"og:title\" content=\"Tabac - Instant en soie\" \/>\n<meta property=\"og:description\" content=\"R\u00e9servez votre s\u00e9ance HYPNOSE TABAC maintenant Arr\u00eat du tabac Canton de Fribourg L&rsquo;hypnose est une aide pr\u00e9cieuse pour arr\u00eater de fumer.\u00a0Si vous arrivez sur cette page, c\u2019est que vous avez d\u00e9j\u00e0 fait un grand pas pour votre sant\u00e9 physique, mais pas seulement\u2026.\u00e9galement pour votre bien-\u00eatre \u00e9motionnel. Alors, prenez le temps de lire ceci jusqu\u2019au bout [&hellip;]\" \/>\n<meta property=\"og:url\" content=\"https:\/\/instant-en-soie.ch\/index.php\/tabac\/\" \/>\n<meta property=\"og:site_name\" content=\"Instant en soie\" \/>\n<meta property=\"article:publisher\" content=\"https:\/\/www.facebook.com\/instantensoie\/\" \/>\n<meta property=\"article:modified_time\" content=\"2022-12-24T12:52:09+00:00\" \/>\n<meta name=\"twitter:card\" content=\"summary_large_image\" \/>\n<meta name=\"twitter:label1\" content=\"Dur\u00e9e de lecture estim\u00e9e\" \/>\n\t<meta name=\"twitter:data1\" content=\"2 minutes\" \/>\n<script type=\"application\/ld+json\" class=\"yoast-schema-graph\">{\"@context\":\"https:\\\/\\\/schema.org\",\"@graph\":[{\"@type\":\"WebPage\",\"@id\":\"https:\\\/\\\/instant-en-soie.ch\\\/index.php\\\/tabac\\\/\",\"url\":\"https:\\\/\\\/instant-en-soie.ch\\\/index.php\\\/tabac\\\/\",\"name\":\"Tabac - Instant en soie\",\"isPartOf\":{\"@id\":\"https:\\\/\\\/instant-en-soie.ch\\\/#website\"},\"datePublished\":\"2021-02-23T17:05:46+00:00\",\"dateModified\":\"2022-12-24T12:52:09+00:00\",\"breadcrumb\":{\"@id\":\"https:\\\/\\\/instant-en-soie.ch\\\/index.php\\\/tabac\\\/#breadcrumb\"},\"inLanguage\":\"fr-FR\",\"potentialAction\":[{\"@type\":\"ReadAction\",\"target\":[\"https:\\\/\\\/instant-en-soie.ch\\\/index.php\\\/tabac\\\/\"]}]},{\"@type\":\"BreadcrumbList\",\"@id\":\"https:\\\/\\\/instant-en-soie.ch\\\/index.php\\\/tabac\\\/#breadcrumb\",\"itemListElement\":[{\"@type\":\"ListItem\",\"position\":1,\"name\":\"Accueil\",\"item\":\"https:\\\/\\\/instant-en-soie.ch\\\/\"},{\"@type\":\"ListItem\",\"position\":2,\"name\":\"Tabac\"}]},{\"@type\":\"WebSite\",\"@id\":\"https:\\\/\\\/instant-en-soie.ch\\\/#website\",\"url\":\"https:\\\/\\\/instant-en-soie.ch\\\/\",\"name\":\"Instant en soie\",\"description\":\"Lib\u00e9rez vos ressources int\u00e9rieures\",\"publisher\":{\"@id\":\"https:\\\/\\\/instant-en-soie.ch\\\/#\\\/schema\\\/person\\\/c35de4dba4b7acebcffdb28457742c9b\"},\"potentialAction\":[{\"@type\":\"SearchAction\",\"target\":{\"@type\":\"EntryPoint\",\"urlTemplate\":\"https:\\\/\\\/instant-en-soie.ch\\\/?s={search_term_string}\"},\"query-input\":{\"@type\":\"PropertyValueSpecification\",\"valueRequired\":true,\"valueName\":\"search_term_string\"}}],\"inLanguage\":\"fr-FR\"},{\"@type\":[\"Person\",\"Organization\"],\"@id\":\"https:\\\/\\\/instant-en-soie.ch\\\/#\\\/schema\\\/person\\\/c35de4dba4b7acebcffdb28457742c9b\",\"name\":\"St\u00e9phanie\",\"image\":{\"@type\":\"ImageObject\",\"inLanguage\":\"fr-FR\",\"@id\":\"https:\\\/\\\/instant-en-soie.ch\\\/wp-content\\\/uploads\\\/2018\\\/10\\\/cropped-icon-G_S.2-1.png\",\"url\":\"https:\\\/\\\/instant-en-soie.ch\\\/wp-content\\\/uploads\\\/2018\\\/10\\\/cropped-icon-G_S.2-1.png\",\"contentUrl\":\"https:\\\/\\\/instant-en-soie.ch\\\/wp-content\\\/uploads\\\/2018\\\/10\\\/cropped-icon-G_S.2-1.png\",\"width\":512,\"height\":512,\"caption\":\"St\u00e9phanie\"},\"logo\":{\"@id\":\"https:\\\/\\\/instant-en-soie.ch\\\/wp-content\\\/uploads\\\/2018\\\/10\\\/cropped-icon-G_S.2-1.png\"},\"sameAs\":[\"https:\\\/\\\/www.instant-en-soie.ch\",\"https:\\\/\\\/www.facebook.com\\\/instantensoie\\\/\"]}]}<\/script>\n<!-- \/ Yoast SEO plugin. -->","yoast_head_json":{"title":"Tabac - Instant en soie","robots":{"index":"index","follow":"follow","max-snippet":"max-snippet:-1","max-image-preview":"max-image-preview:large","max-video-preview":"max-video-preview:-1"},"canonical":"https:\/\/instant-en-soie.ch\/index.php\/tabac\/","og_locale":"fr_FR","og_type":"article","og_title":"Tabac - Instant en soie","og_description":"R\u00e9servez votre s\u00e9ance HYPNOSE TABAC maintenant Arr\u00eat du tabac Canton de Fribourg L&rsquo;hypnose est une aide pr\u00e9cieuse pour arr\u00eater de fumer.\u00a0Si vous arrivez sur cette page, c\u2019est que vous avez d\u00e9j\u00e0 fait un grand pas pour votre sant\u00e9 physique, mais pas seulement\u2026.\u00e9galement pour votre bien-\u00eatre \u00e9motionnel. Alors, prenez le temps de lire ceci jusqu\u2019au bout [&hellip;]","og_url":"https:\/\/instant-en-soie.ch\/index.php\/tabac\/","og_site_name":"Instant en soie","article_publisher":"https:\/\/www.facebook.com\/instantensoie\/","article_modified_time":"2022-12-24T12:52:09+00:00","twitter_card":"summary_large_image","twitter_misc":{"Dur\u00e9e de lecture estim\u00e9e":"2 minutes"},"schema":{"@context":"https:\/\/schema.org","@graph":[{"@type":"WebPage","@id":"https:\/\/instant-en-soie.ch\/index.php\/tabac\/","url":"https:\/\/instant-en-soie.ch\/index.php\/tabac\/","name":"Tabac - Instant en soie","isPartOf":{"@id":"https:\/\/instant-en-soie.ch\/#website"},"datePublished":"2021-02-23T17:05:46+00:00","dateModified":"2022-12-24T12:52:09+00:00","breadcrumb":{"@id":"https:\/\/instant-en-soie.ch\/index.php\/tabac\/#breadcrumb"},"inLanguage":"fr-FR","potentialAction":[{"@type":"ReadAction","target":["https:\/\/instant-en-soie.ch\/index.php\/tabac\/"]}]},{"@type":"BreadcrumbList","@id":"https:\/\/instant-en-soie.ch\/index.php\/tabac\/#breadcrumb","itemListElement":[{"@type":"ListItem","position":1,"name":"Accueil","item":"https:\/\/instant-en-soie.ch\/"},{"@type":"ListItem","position":2,"name":"Tabac"}]},{"@type":"WebSite","@id":"https:\/\/instant-en-soie.ch\/#website","url":"https:\/\/instant-en-soie.ch\/","name":"Instant en soie","description":"Lib\u00e9rez vos ressources int\u00e9rieures","publisher":{"@id":"https:\/\/instant-en-soie.ch\/#\/schema\/person\/c35de4dba4b7acebcffdb28457742c9b"},"potentialAction":[{"@type":"SearchAction","target":{"@type":"EntryPoint","urlTemplate":"https:\/\/instant-en-soie.ch\/?s={search_term_string}"},"query-input":{"@type":"PropertyValueSpecification","valueRequired":true,"valueName":"search_term_string"}}],"inLanguage":"fr-FR"},{"@type":["Person","Organization"],"@id":"https:\/\/instant-en-soie.ch\/#\/schema\/person\/c35de4dba4b7acebcffdb28457742c9b","name":"St\u00e9phanie","image":{"@type":"ImageObject","inLanguage":"fr-FR","@id":"https:\/\/instant-en-soie.ch\/wp-content\/uploads\/2018\/10\/cropped-icon-G_S.2-1.png","url":"https:\/\/instant-en-soie.ch\/wp-content\/uploads\/2018\/10\/cropped-icon-G_S.2-1.png","contentUrl":"https:\/\/instant-en-soie.ch\/wp-content\/uploads\/2018\/10\/cropped-icon-G_S.2-1.png","width":512,"height":512,"caption":"St\u00e9phanie"},"logo":{"@id":"https:\/\/instant-en-soie.ch\/wp-content\/uploads\/2018\/10\/cropped-icon-G_S.2-1.png"},"sameAs":["https:\/\/www.instant-en-soie.ch","https:\/\/www.facebook.com\/instantensoie\/"]}]}},"_links":{"self":[{"href":"https:\/\/instant-en-soie.ch\/index.php\/wp-json\/wp\/v2\/pages\/821","targetHints":{"allow":["GET"]}}],"collection":[{"href":"https:\/\/instant-en-soie.ch\/index.php\/wp-json\/wp\/v2\/pages"}],"about":[{"href":"https:\/\/instant-en-soie.ch\/index.php\/wp-json\/wp\/v2\/types\/page"}],"author":[{"embeddable":true,"href":"https:\/\/instant-en-soie.ch\/index.php\/wp-json\/wp\/v2\/users\/1"}],"replies":[{"embeddable":true,"href":"https:\/\/instant-en-soie.ch\/index.php\/wp-json\/wp\/v2\/comments?post=821"}],"version-history":[{"count":235,"href":"https:\/\/instant-en-soie.ch\/index.php\/wp-json\/wp\/v2\/pages\/821\/revisions"}],"predecessor-version":[{"id":1748,"href":"https:\/\/instant-en-soie.ch\/index.php\/wp-json\/wp\/v2\/pages\/821\/revisions\/1748"}],"wp:attachment":[{"href":"https:\/\/instant-en-soie.ch\/index.php\/wp-json\/wp\/v2\/media?parent=821"}],"curies":[{"name":"wp","href":"https:\/\/api.w.org\/{rel}","templated":true}]}}