{"id":482,"date":"2020-01-30T19:02:44","date_gmt":"2020-01-30T18:02:44","guid":{"rendered":"https:\/\/instant-en-soie.ch\/?page_id=482"},"modified":"2021-03-12T12:01:58","modified_gmt":"2021-03-12T11:01:58","slug":"reflexologie","status":"publish","type":"page","link":"https:\/\/instant-en-soie.ch\/index.php\/reflexologie\/","title":{"rendered":"R\u00e9flexologie"},"content":{"rendered":"\t\t<div data-elementor-type=\"wp-page\" data-elementor-id=\"482\" class=\"elementor elementor-482\">\n\t\t\t\t\t\t<section class=\"elementor-section elementor-top-section elementor-element elementor-element-dd4acac elementor-section-boxed elementor-section-height-default elementor-section-height-default\" data-id=\"dd4acac\" data-element_type=\"section\" data-e-type=\"section\">\n\t\t\t\t\t\t<div class=\"elementor-container elementor-column-gap-default\">\n\t\t\t\t\t<div class=\"elementor-column elementor-col-100 elementor-top-column elementor-element elementor-element-7c2a12b\" data-id=\"7c2a12b\" data-element_type=\"column\" data-e-type=\"column\">\n\t\t\t<div class=\"elementor-widget-wrap elementor-element-populated\">\n\t\t\t\t\t\t<section class=\"elementor-section elementor-inner-section elementor-element elementor-element-286e4ba elementor-section-boxed elementor-section-height-default elementor-section-height-default\" data-id=\"286e4ba\" data-element_type=\"section\" data-e-type=\"section\">\n\t\t\t\t\t\t<div class=\"elementor-container elementor-column-gap-default\">\n\t\t\t\t\t<div class=\"elementor-column elementor-col-50 elementor-inner-column elementor-element elementor-element-ca2364c\" data-id=\"ca2364c\" data-element_type=\"column\" data-e-type=\"column\">\n\t\t\t<div class=\"elementor-widget-wrap elementor-element-populated\">\n\t\t\t\t\t\t<div class=\"elementor-element elementor-element-9edb60f elementor-button-info elementor-align-center animated-slow elementor-invisible elementor-widget elementor-widget-button\" data-id=\"9edb60f\" data-element_type=\"widget\" data-e-type=\"widget\" data-settings=\"{&quot;_animation&quot;:&quot;fadeIn&quot;,&quot;_animation_delay&quot;:1000}\" data-widget_type=\"button.default\">\n\t\t\t\t<div class=\"elementor-widget-container\">\n\t\t\t\t\t\t\t\t\t<div class=\"elementor-button-wrapper\">\n\t\t\t\t\t<a class=\"elementor-button elementor-button-link elementor-size-md\" href=\"https:\/\/instant-en-soie.ch\/index.php\/contact\/\">\n\t\t\t\t\t\t<span class=\"elementor-button-content-wrapper\">\n\t\t\t\t\t\t<span class=\"elementor-button-icon\">\n\t\t\t\t<i aria-hidden=\"true\" class=\"fas fa-hand-point-right\"><\/i>\t\t\t<\/span>\n\t\t\t\t\t\t\t\t\t<span class=\"elementor-button-text\">Prendre rendez-vous<\/span>\n\t\t\t\t\t<\/span>\n\t\t\t\t\t<\/a>\n\t\t\t\t<\/div>\n\t\t\t\t\t\t\t\t<\/div>\n\t\t\t\t<\/div>\n\t\t\t\t\t<\/div>\n\t\t<\/div>\n\t\t\t\t<div class=\"elementor-column elementor-col-50 elementor-inner-column elementor-element elementor-element-7f2ebb3 animated-slow elementor-invisible\" data-id=\"7f2ebb3\" data-element_type=\"column\" data-e-type=\"column\" data-settings=\"{&quot;background_background&quot;:&quot;gradient&quot;,&quot;animation&quot;:&quot;fadeInUp&quot;}\">\n\t\t\t<div class=\"elementor-widget-wrap elementor-element-populated\">\n\t\t\t\t\t\t<div class=\"elementor-element elementor-element-f2efdf0 elementor-invisible elementor-widget elementor-widget-text-editor\" data-id=\"f2efdf0\" data-element_type=\"widget\" data-e-type=\"widget\" data-settings=\"{&quot;_animation&quot;:&quot;fadeInUp&quot;}\" data-widget_type=\"text-editor.default\">\n\t\t\t\t<div class=\"elementor-widget-container\">\n\t\t\t\t\t\t\t\t\t<h1 style=\"text-align: center;\">R\u00e9flexologie<\/h1><p><span style=\"font-weight: 400;\">Je vous re\u00e7ois \u00e0 1687 Est\u00e9venens, acc\u00e8s facile et parking gratuit. <\/span><\/p><p><span style=\"font-weight: 400;\">Les s\u00e9ances de r\u00e9flexologies peuvent \u00eatre prises en charge en partie par certaines assurances compl\u00e9mentaires (<a style=\"font-family: inherit; letter-spacing: 0px;\" href=\"https:\/\/instant-en-soie.ch\/index.php\/tarifs\/\">Voir tarifs<\/a>).<\/span><\/p><p><span style=\"font-family: var( --e-global-typography-primary-font-family ), Sans-serif; background-color: transparent; letter-spacing: 0px;\">La r\u00e9flexologie plantaire est un massage des pieds qui se pratique le plus souvent couch\u00e9. Au cabinet, je vous installe sur la table de massage, dans une ambiance calme et tamis\u00e9e accompagn\u00e9 d\u2019une musique douce pour votre confort.<\/span><\/p><p><span style=\"font-weight: 400;\">J\u2019utilise selon vos envies et besoins, des huiles essentielles ou diapason (ustensile qui \u00e9met des vibrations pour amplifier les effets du massage).<\/span><\/p><p><span style=\"font-weight: 400;\">Cette technique de massage des points r\u00e9flexes sous vos pieds qui correspondent aux diff\u00e9rentes parties du corps vous permet dans un 1er temps de vous d\u00e9tendre et de vous apporter une harmonisation des diff\u00e9rents syst\u00e8mes de votre corps.<\/span><\/p><p><span style=\"font-weight: 400;\">Il soutient par cons\u00e9quent les capacit\u00e9s d\u2019auto-gu\u00e9rison du corps.<\/span><\/p><p><span style=\"font-weight: 400;\">Des s\u00e9ances r\u00e9guli\u00e8res vous aident \u00e0 pr\u00e9venir la maladie, mais peuvent aussi am\u00e9liorer ou r\u00e9tablir des inconforts qu\u2019entra\u00eenent la vie que nous menons actuellement (l\u2019ecz\u00e9ma, des troubles digestifs sans origines m\u00e9dicales prouv\u00e9es\u2026 ).<\/span><\/p><p><span style=\"font-weight: 400;\">Mais aussi, cela peut soutenir une maladie suivie m\u00e9dicalement (avec l\u2019accord de votre m\u00e9decin) afin de vous offrir un moment de bien-\u00eatre.<\/span><\/p><p><span style=\"font-weight: 400;\">Le r\u00e9flexologie a une action\u00a0sur\u00a0les\u00a0syst\u00e8mes\u00a0:<\/span><br \/>nerveux ( ex.: c\u00e9phal\u00e9es)\u00a0<\/p><ul><li style=\"text-align: left;\"><b>respiratoire (ex.: toux)\u00a0<\/b><\/li><li style=\"text-align: left;\"><b>digestif (troubles intestinaux d\u2019origine \u00e9motionnelle,\u2026)<\/b><\/li><li style=\"text-align: left;\"><b>hormonaux (soutien dans les difficult\u00e9s \u00e0 concevoir un enfant,\u2026)<\/b><\/li><li style=\"text-align: left;\"><b>lymphatique et immunitaire (\u0153d\u00e8me des membres inf\u00e9rieurs,\u2026)<\/b><\/li><li style=\"text-align: left;\"><b>locomoteur (tension dans les muscles,\u2026)<\/b><\/li><\/ul><p><span style=\"font-weight: 400;\">Il est tout \u00e0 fait possible de venir se d\u00e9tendre lors d\u2019une s\u00e9ance unique, mais pour traiter un probl\u00e8me en particulier il est int\u00e9ressant de faire 3 s\u00e9ances afin de ressentir les effets b\u00e9n\u00e9fiques, puis de continuer au rythme qui convient pour garder l\u2019\u00e9quilibre en place et le bien-\u00eatre restaur\u00e9 lors des premi\u00e8res s\u00e9ances.<\/span><\/p><p><span style=\"font-weight: 400;\">Avec l\u2019exp\u00e9rience, je suis frapp\u00e9e par les effets positifs obtenus apr\u00e8s juste quelques s\u00e9ances.<\/span><\/p><p><span style=\"font-weight: 400;\">La formation de r\u00e9flexologie g\u00e9n\u00e9rale, qui comprend le visage, les mains, l\u2019approfondissement du traitement des intestins ont potentialis\u00e9 la r\u00e9flexologie plantaire.<\/span><\/p><p><span style=\"font-weight: 400;\">Gr\u00e2ce au massage du visage en d\u00e9but de s\u00e9ance, vous rel\u00e2chez plus rapidement les tensions, et ressentez une profonde d\u00e9tente rapidement.<\/span><\/p><p><span style=\"font-weight: 400;\">La r\u00e9flexologie des mains permet d\u2019acc\u00e9der au massage des zones r\u00e9flexes m\u00eame pour les personnes qui n\u2019aiment pas qu\u2019on leur touche les pieds, celles qui sont complex\u00e9es et chatouilleuses, ou encore celles qui ont des pieds abim\u00e9s, pl\u00e2tr\u00e9s.<\/span><\/p><p><span style=\"font-weight: 400;\">Le massage des zones r\u00e9flexes intestinales permet de travailler sur les \u00ab\u00a0n\u0153uds\u00a0\u00bb, \u00ab\u00a0cicatrices\u00a0\u00bb qui se sont cr\u00e9\u00e9es \u00e0 la suite de blessures, traumatismes v\u00e9cus de 0 \u00e0 21 ans qui selon Nelson Labb\u00e9 et Madeleine Turgeon\u00a0:<\/span><\/p><p><i>\u00ab\u00a0Le gros intestin est un 2\u00e8me cerveau qui garde en m\u00e9moire les chocs v\u00e9cus depuis le d\u00e9but de notre existence. Ces chocs s\u2019inscrivent d&rsquo;abord dans notre c\u00f4lon droit par des pincements des nerfs et se r\u00e9percutent ensuite dans notre c\u00f4lon gauche qui enregistre avec une grande pr\u00e9cision la nature des \u00e9motions v\u00e9cues lors de ces chocs. \u00c0 chaque fois que nous revivons un \u00e9v\u00e9nement semblable, le c\u00f4lon gauche l\u2019inscrit en amplifiant le pincement\u00a0 au m\u00eame endroit r\u00e9duisant ainsi le diam\u00e8tre de notre intestin et provoquant de la congestion dans l\u2019ensemble du corps. C\u2019est ainsi que nous sommes gouvern\u00e9s par quelques \u00e9motions et ressentis, toujours les m\u00eames. En d\u00e9faisant les n\u0153uds qui enserrent l\u2019intestin, nous nous trouvons \u00e0 la source de beaucoup de situations chroniques, en apparence sans issue.\u00a0\u00bb<\/i><\/p><p><b>Alors si vous avez envie d\u2019essayer je me ferais un plaisir de vous en faire d\u00e9couvrir les bienfaits.<\/b><\/p><p>Je me r\u00e9jouis d\u00e9j\u00e0 de vous accueillir.<\/p><p>\u00a0<\/p>\t\t\t\t\t\t\t\t<\/div>\n\t\t\t\t<\/div>\n\t\t\t\t\t<\/div>\n\t\t<\/div>\n\t\t\t\t\t<\/div>\n\t\t<\/section>\n\t\t\t\t\t<\/div>\n\t\t<\/div>\n\t\t\t\t\t<\/div>\n\t\t<\/section>\n\t\t\t\t<section class=\"elementor-section elementor-top-section elementor-element elementor-element-c595ed6 elementor-section-boxed elementor-section-height-default elementor-section-height-default\" data-id=\"c595ed6\" data-element_type=\"section\" data-e-type=\"section\">\n\t\t\t\t\t\t<div class=\"elementor-container elementor-column-gap-default\">\n\t\t\t\t\t<div class=\"elementor-column elementor-col-100 elementor-top-column elementor-element elementor-element-1398b50\" data-id=\"1398b50\" data-element_type=\"column\" data-e-type=\"column\">\n\t\t\t<div class=\"elementor-widget-wrap elementor-element-populated\">\n\t\t\t\t\t\t<div class=\"elementor-element elementor-element-3e2a0bd elementor-widget elementor-widget-spacer\" data-id=\"3e2a0bd\" data-element_type=\"widget\" data-e-type=\"widget\" data-widget_type=\"spacer.default\">\n\t\t\t\t<div class=\"elementor-widget-container\">\n\t\t\t\t\t\t\t<div class=\"elementor-spacer\">\n\t\t\t<div class=\"elementor-spacer-inner\"><\/div>\n\t\t<\/div>\n\t\t\t\t\t\t<\/div>\n\t\t\t\t<\/div>\n\t\t\t\t\t<\/div>\n\t\t<\/div>\n\t\t\t\t\t<\/div>\n\t\t<\/section>\n\t\t\t\t<\/div>\n\t\t","protected":false},"excerpt":{"rendered":"<p>Prendre rendez-vous R\u00e9flexologie Je vous re\u00e7ois \u00e0 1687 Est\u00e9venens, acc\u00e8s facile et parking gratuit. Les s\u00e9ances de r\u00e9flexologies peuvent \u00eatre prises en charge en partie par certaines assurances compl\u00e9mentaires (Voir tarifs). La r\u00e9flexologie plantaire est un massage des pieds qui se pratique le plus souvent couch\u00e9. Au cabinet, je vous installe sur la table de [&hellip;]<\/p>\n","protected":false},"author":1,"featured_media":0,"parent":0,"menu_order":0,"comment_status":"closed","ping_status":"closed","template":"elementor_header_footer","meta":{"_exactmetrics_skip_tracking":false,"_exactmetrics_sitenote_active":false,"_exactmetrics_sitenote_note":"","_exactmetrics_sitenote_category":0,"footnotes":""},"class_list":["post-482","page","type-page","status-publish","hentry"],"yoast_head":"<!-- This site is optimized with the Yoast SEO plugin v27.5 - https:\/\/yoast.com\/product\/yoast-seo-wordpress\/ -->\n<title>R\u00e9flexologie - Instant en soie<\/title>\n<meta name=\"robots\" content=\"index, follow, max-snippet:-1, max-image-preview:large, max-video-preview:-1\" \/>\n<link rel=\"canonical\" href=\"https:\/\/instant-en-soie.ch\/index.php\/reflexologie\/\" \/>\n<meta property=\"og:locale\" content=\"fr_FR\" \/>\n<meta property=\"og:type\" content=\"article\" \/>\n<meta property=\"og:title\" content=\"R\u00e9flexologie - Instant en soie\" \/>\n<meta property=\"og:description\" content=\"Prendre rendez-vous R\u00e9flexologie Je vous re\u00e7ois \u00e0 1687 Est\u00e9venens, acc\u00e8s facile et parking gratuit. Les s\u00e9ances de r\u00e9flexologies peuvent \u00eatre prises en charge en partie par certaines assurances compl\u00e9mentaires (Voir tarifs). La r\u00e9flexologie plantaire est un massage des pieds qui se pratique le plus souvent couch\u00e9. Au cabinet, je vous installe sur la table de [&hellip;]\" \/>\n<meta property=\"og:url\" content=\"https:\/\/instant-en-soie.ch\/index.php\/reflexologie\/\" \/>\n<meta property=\"og:site_name\" content=\"Instant en soie\" \/>\n<meta property=\"article:publisher\" content=\"https:\/\/www.facebook.com\/instantensoie\/\" \/>\n<meta property=\"article:modified_time\" content=\"2021-03-12T11:01:58+00:00\" \/>\n<meta name=\"twitter:card\" content=\"summary_large_image\" \/>\n<meta name=\"twitter:label1\" content=\"Dur\u00e9e de lecture estim\u00e9e\" \/>\n\t<meta name=\"twitter:data1\" content=\"3 minutes\" \/>\n<script type=\"application\/ld+json\" class=\"yoast-schema-graph\">{\"@context\":\"https:\\\/\\\/schema.org\",\"@graph\":[{\"@type\":\"WebPage\",\"@id\":\"https:\\\/\\\/instant-en-soie.ch\\\/index.php\\\/reflexologie\\\/\",\"url\":\"https:\\\/\\\/instant-en-soie.ch\\\/index.php\\\/reflexologie\\\/\",\"name\":\"R\u00e9flexologie - Instant en soie\",\"isPartOf\":{\"@id\":\"https:\\\/\\\/instant-en-soie.ch\\\/#website\"},\"datePublished\":\"2020-01-30T18:02:44+00:00\",\"dateModified\":\"2021-03-12T11:01:58+00:00\",\"breadcrumb\":{\"@id\":\"https:\\\/\\\/instant-en-soie.ch\\\/index.php\\\/reflexologie\\\/#breadcrumb\"},\"inLanguage\":\"fr-FR\",\"potentialAction\":[{\"@type\":\"ReadAction\",\"target\":[\"https:\\\/\\\/instant-en-soie.ch\\\/index.php\\\/reflexologie\\\/\"]}]},{\"@type\":\"BreadcrumbList\",\"@id\":\"https:\\\/\\\/instant-en-soie.ch\\\/index.php\\\/reflexologie\\\/#breadcrumb\",\"itemListElement\":[{\"@type\":\"ListItem\",\"position\":1,\"name\":\"Accueil\",\"item\":\"https:\\\/\\\/instant-en-soie.ch\\\/\"},{\"@type\":\"ListItem\",\"position\":2,\"name\":\"R\u00e9flexologie\"}]},{\"@type\":\"WebSite\",\"@id\":\"https:\\\/\\\/instant-en-soie.ch\\\/#website\",\"url\":\"https:\\\/\\\/instant-en-soie.ch\\\/\",\"name\":\"Instant en soie\",\"description\":\"Lib\u00e9rez vos ressources int\u00e9rieures\",\"publisher\":{\"@id\":\"https:\\\/\\\/instant-en-soie.ch\\\/#\\\/schema\\\/person\\\/c35de4dba4b7acebcffdb28457742c9b\"},\"potentialAction\":[{\"@type\":\"SearchAction\",\"target\":{\"@type\":\"EntryPoint\",\"urlTemplate\":\"https:\\\/\\\/instant-en-soie.ch\\\/?s={search_term_string}\"},\"query-input\":{\"@type\":\"PropertyValueSpecification\",\"valueRequired\":true,\"valueName\":\"search_term_string\"}}],\"inLanguage\":\"fr-FR\"},{\"@type\":[\"Person\",\"Organization\"],\"@id\":\"https:\\\/\\\/instant-en-soie.ch\\\/#\\\/schema\\\/person\\\/c35de4dba4b7acebcffdb28457742c9b\",\"name\":\"St\u00e9phanie\",\"image\":{\"@type\":\"ImageObject\",\"inLanguage\":\"fr-FR\",\"@id\":\"https:\\\/\\\/instant-en-soie.ch\\\/wp-content\\\/uploads\\\/2018\\\/10\\\/cropped-icon-G_S.2-1.png\",\"url\":\"https:\\\/\\\/instant-en-soie.ch\\\/wp-content\\\/uploads\\\/2018\\\/10\\\/cropped-icon-G_S.2-1.png\",\"contentUrl\":\"https:\\\/\\\/instant-en-soie.ch\\\/wp-content\\\/uploads\\\/2018\\\/10\\\/cropped-icon-G_S.2-1.png\",\"width\":512,\"height\":512,\"caption\":\"St\u00e9phanie\"},\"logo\":{\"@id\":\"https:\\\/\\\/instant-en-soie.ch\\\/wp-content\\\/uploads\\\/2018\\\/10\\\/cropped-icon-G_S.2-1.png\"},\"sameAs\":[\"https:\\\/\\\/www.instant-en-soie.ch\",\"https:\\\/\\\/www.facebook.com\\\/instantensoie\\\/\"]}]}<\/script>\n<!-- \/ Yoast SEO plugin. -->","yoast_head_json":{"title":"R\u00e9flexologie - Instant en soie","robots":{"index":"index","follow":"follow","max-snippet":"max-snippet:-1","max-image-preview":"max-image-preview:large","max-video-preview":"max-video-preview:-1"},"canonical":"https:\/\/instant-en-soie.ch\/index.php\/reflexologie\/","og_locale":"fr_FR","og_type":"article","og_title":"R\u00e9flexologie - Instant en soie","og_description":"Prendre rendez-vous R\u00e9flexologie Je vous re\u00e7ois \u00e0 1687 Est\u00e9venens, acc\u00e8s facile et parking gratuit. Les s\u00e9ances de r\u00e9flexologies peuvent \u00eatre prises en charge en partie par certaines assurances compl\u00e9mentaires (Voir tarifs). La r\u00e9flexologie plantaire est un massage des pieds qui se pratique le plus souvent couch\u00e9. Au cabinet, je vous installe sur la table de [&hellip;]","og_url":"https:\/\/instant-en-soie.ch\/index.php\/reflexologie\/","og_site_name":"Instant en soie","article_publisher":"https:\/\/www.facebook.com\/instantensoie\/","article_modified_time":"2021-03-12T11:01:58+00:00","twitter_card":"summary_large_image","twitter_misc":{"Dur\u00e9e de lecture estim\u00e9e":"3 minutes"},"schema":{"@context":"https:\/\/schema.org","@graph":[{"@type":"WebPage","@id":"https:\/\/instant-en-soie.ch\/index.php\/reflexologie\/","url":"https:\/\/instant-en-soie.ch\/index.php\/reflexologie\/","name":"R\u00e9flexologie - Instant en soie","isPartOf":{"@id":"https:\/\/instant-en-soie.ch\/#website"},"datePublished":"2020-01-30T18:02:44+00:00","dateModified":"2021-03-12T11:01:58+00:00","breadcrumb":{"@id":"https:\/\/instant-en-soie.ch\/index.php\/reflexologie\/#breadcrumb"},"inLanguage":"fr-FR","potentialAction":[{"@type":"ReadAction","target":["https:\/\/instant-en-soie.ch\/index.php\/reflexologie\/"]}]},{"@type":"BreadcrumbList","@id":"https:\/\/instant-en-soie.ch\/index.php\/reflexologie\/#breadcrumb","itemListElement":[{"@type":"ListItem","position":1,"name":"Accueil","item":"https:\/\/instant-en-soie.ch\/"},{"@type":"ListItem","position":2,"name":"R\u00e9flexologie"}]},{"@type":"WebSite","@id":"https:\/\/instant-en-soie.ch\/#website","url":"https:\/\/instant-en-soie.ch\/","name":"Instant en soie","description":"Lib\u00e9rez vos ressources int\u00e9rieures","publisher":{"@id":"https:\/\/instant-en-soie.ch\/#\/schema\/person\/c35de4dba4b7acebcffdb28457742c9b"},"potentialAction":[{"@type":"SearchAction","target":{"@type":"EntryPoint","urlTemplate":"https:\/\/instant-en-soie.ch\/?s={search_term_string}"},"query-input":{"@type":"PropertyValueSpecification","valueRequired":true,"valueName":"search_term_string"}}],"inLanguage":"fr-FR"},{"@type":["Person","Organization"],"@id":"https:\/\/instant-en-soie.ch\/#\/schema\/person\/c35de4dba4b7acebcffdb28457742c9b","name":"St\u00e9phanie","image":{"@type":"ImageObject","inLanguage":"fr-FR","@id":"https:\/\/instant-en-soie.ch\/wp-content\/uploads\/2018\/10\/cropped-icon-G_S.2-1.png","url":"https:\/\/instant-en-soie.ch\/wp-content\/uploads\/2018\/10\/cropped-icon-G_S.2-1.png","contentUrl":"https:\/\/instant-en-soie.ch\/wp-content\/uploads\/2018\/10\/cropped-icon-G_S.2-1.png","width":512,"height":512,"caption":"St\u00e9phanie"},"logo":{"@id":"https:\/\/instant-en-soie.ch\/wp-content\/uploads\/2018\/10\/cropped-icon-G_S.2-1.png"},"sameAs":["https:\/\/www.instant-en-soie.ch","https:\/\/www.facebook.com\/instantensoie\/"]}]}},"_links":{"self":[{"href":"https:\/\/instant-en-soie.ch\/index.php\/wp-json\/wp\/v2\/pages\/482","targetHints":{"allow":["GET"]}}],"collection":[{"href":"https:\/\/instant-en-soie.ch\/index.php\/wp-json\/wp\/v2\/pages"}],"about":[{"href":"https:\/\/instant-en-soie.ch\/index.php\/wp-json\/wp\/v2\/types\/page"}],"author":[{"embeddable":true,"href":"https:\/\/instant-en-soie.ch\/index.php\/wp-json\/wp\/v2\/users\/1"}],"replies":[{"embeddable":true,"href":"https:\/\/instant-en-soie.ch\/index.php\/wp-json\/wp\/v2\/comments?post=482"}],"version-history":[{"count":104,"href":"https:\/\/instant-en-soie.ch\/index.php\/wp-json\/wp\/v2\/pages\/482\/revisions"}],"predecessor-version":[{"id":1434,"href":"https:\/\/instant-en-soie.ch\/index.php\/wp-json\/wp\/v2\/pages\/482\/revisions\/1434"}],"wp:attachment":[{"href":"https:\/\/instant-en-soie.ch\/index.php\/wp-json\/wp\/v2\/media?parent=482"}],"curies":[{"name":"wp","href":"https:\/\/api.w.org\/{rel}","templated":true}]}}