{"id":30,"date":"2018-10-03T15:54:20","date_gmt":"2018-10-03T13:54:20","guid":{"rendered":"http:\/\/tercier.ch\/?page_id=30"},"modified":"2023-08-23T08:35:44","modified_gmt":"2023-08-23T06:35:44","slug":"accueil","status":"publish","type":"page","link":"https:\/\/instant-en-soie.ch\/","title":{"rendered":"Accueil"},"content":{"rendered":"\t\t<div data-elementor-type=\"wp-post\" data-elementor-id=\"30\" class=\"elementor elementor-30\">\n\t\t\t\t\t\t<section class=\"elementor-section elementor-top-section elementor-element elementor-element-f9e95d2 elementor-section-boxed elementor-section-height-default elementor-section-height-default\" data-id=\"f9e95d2\" data-element_type=\"section\" data-e-type=\"section\">\n\t\t\t\t\t\t<div class=\"elementor-container elementor-column-gap-default\">\n\t\t\t\t\t<div class=\"elementor-column elementor-col-33 elementor-top-column elementor-element elementor-element-1834bdb8\" data-id=\"1834bdb8\" data-element_type=\"column\" data-e-type=\"column\">\n\t\t\t<div class=\"elementor-widget-wrap\">\n\t\t\t\t\t\t\t<\/div>\n\t\t<\/div>\n\t\t\t\t<div class=\"elementor-column elementor-col-33 elementor-top-column elementor-element elementor-element-0fab05d\" data-id=\"0fab05d\" data-element_type=\"column\" data-e-type=\"column\">\n\t\t\t<div class=\"elementor-widget-wrap elementor-element-populated\">\n\t\t\t\t\t\t<div class=\"elementor-element elementor-element-afc68ee elementor-widget elementor-widget-spacer\" data-id=\"afc68ee\" data-element_type=\"widget\" data-e-type=\"widget\" data-widget_type=\"spacer.default\">\n\t\t\t\t<div class=\"elementor-widget-container\">\n\t\t\t\t\t\t\t<div class=\"elementor-spacer\">\n\t\t\t<div class=\"elementor-spacer-inner\"><\/div>\n\t\t<\/div>\n\t\t\t\t\t\t<\/div>\n\t\t\t\t<\/div>\n\t\t\t\t<div class=\"elementor-element elementor-element-80ec332 elementor-button-info elementor-align-center elementor-invisible elementor-widget elementor-widget-button\" data-id=\"80ec332\" data-element_type=\"widget\" data-e-type=\"widget\" data-settings=\"{&quot;_animation&quot;:&quot;bounceIn&quot;,&quot;_animation_delay&quot;:1000}\" data-widget_type=\"button.default\">\n\t\t\t\t<div class=\"elementor-widget-container\">\n\t\t\t\t\t\t\t\t\t<div class=\"elementor-button-wrapper\">\n\t\t\t\t\t<a class=\"elementor-button elementor-button-link elementor-size-md\" href=\"tel:+41797481405\">\n\t\t\t\t\t\t<span class=\"elementor-button-content-wrapper\">\n\t\t\t\t\t\t<span class=\"elementor-button-icon\">\n\t\t\t\t<i aria-hidden=\"true\" class=\"fas fa-phone\"><\/i>\t\t\t<\/span>\n\t\t\t\t\t\t\t\t\t<span class=\"elementor-button-text\">Appel direct<\/span>\n\t\t\t\t\t<\/span>\n\t\t\t\t\t<\/a>\n\t\t\t\t<\/div>\n\t\t\t\t\t\t\t\t<\/div>\n\t\t\t\t<\/div>\n\t\t\t\t<div class=\"elementor-element elementor-element-c03a175 elementor-button-info elementor-align-center animated-slow elementor-invisible elementor-widget elementor-widget-button\" data-id=\"c03a175\" data-element_type=\"widget\" data-e-type=\"widget\" data-settings=\"{&quot;_animation&quot;:&quot;fadeIn&quot;,&quot;_animation_delay&quot;:1000}\" data-widget_type=\"button.default\">\n\t\t\t\t<div class=\"elementor-widget-container\">\n\t\t\t\t\t\t\t\t\t<div class=\"elementor-button-wrapper\">\n\t\t\t\t\t<a class=\"elementor-button elementor-button-link elementor-size-md\" href=\"https:\/\/instant-en-soie.ch\/index.php\/contact\/\">\n\t\t\t\t\t\t<span class=\"elementor-button-content-wrapper\">\n\t\t\t\t\t\t<span class=\"elementor-button-icon\">\n\t\t\t\t<i aria-hidden=\"true\" class=\"fas fa-calendar-alt\"><\/i>\t\t\t<\/span>\n\t\t\t\t\t\t\t\t\t<span class=\"elementor-button-text\">Prendre rendez-vous<\/span>\n\t\t\t\t\t<\/span>\n\t\t\t\t\t<\/a>\n\t\t\t\t<\/div>\n\t\t\t\t\t\t\t\t<\/div>\n\t\t\t\t<\/div>\n\t\t\t\t\t<\/div>\n\t\t<\/div>\n\t\t\t\t<div class=\"elementor-column elementor-col-33 elementor-top-column elementor-element elementor-element-6d15c492\" data-id=\"6d15c492\" data-element_type=\"column\" data-e-type=\"column\">\n\t\t\t<div class=\"elementor-widget-wrap elementor-element-populated\">\n\t\t\t\t\t\t<div class=\"elementor-element elementor-element-4f6a5b0c elementor-invisible elementor-widget elementor-widget-heading\" data-id=\"4f6a5b0c\" data-element_type=\"widget\" data-e-type=\"widget\" data-settings=\"{&quot;_animation&quot;:&quot;fadeInDown&quot;}\" data-widget_type=\"heading.default\">\n\t\t\t\t<div class=\"elementor-widget-container\">\n\t\t\t\t\t<h2 class=\"elementor-heading-title elementor-size-default\">Instant en Soie <\/h2>\t\t\t\t<\/div>\n\t\t\t\t<\/div>\n\t\t\t\t<div class=\"elementor-element elementor-element-a089237 elementor-invisible elementor-widget elementor-widget-heading\" data-id=\"a089237\" data-element_type=\"widget\" data-e-type=\"widget\" data-settings=\"{&quot;_animation&quot;:&quot;fadeIn&quot;,&quot;_animation_delay&quot;:500}\" data-widget_type=\"heading.default\">\n\t\t\t\t<div class=\"elementor-widget-container\">\n\t\t\t\t\t<h2 class=\"elementor-heading-title elementor-size-default\">Cabinet d'hypnose th\u00e9rapeutique &amp; r\u00e9flexologie<\/h2>\t\t\t\t<\/div>\n\t\t\t\t<\/div>\n\t\t\t\t<div class=\"elementor-element elementor-element-42cc884 elementor-invisible elementor-widget elementor-widget-text-editor\" data-id=\"42cc884\" data-element_type=\"widget\" data-e-type=\"widget\" data-settings=\"{&quot;_animation&quot;:&quot;fadeIn&quot;}\" data-widget_type=\"text-editor.default\">\n\t\t\t\t<div class=\"elementor-widget-container\">\n\t\t\t\t\t\t\t\t\t<p><span style=\"font-weight: 400;\">Je vous re\u00e7ois \u00e0 Est\u00e9venens, dans le canton de Fribourg, \u00e0 proximit\u00e9 de Bulle, Romont, Payerne.<\/span><\/p><p><span style=\"font-weight: 400;\">Je vous invite \u00e0 prendre connaissance des diff\u00e9rentes th\u00e9rapies et tarifs en parcourant ce site.<\/span><\/p><p><span style=\"font-weight: 400;\">Je suis disponible en semaine et je serai tr\u00e8s heureuse de vous r\u00e9pondre personnellement pour une prise de rendez-vous ou une question sp\u00e9cifique.<\/span><\/p><p><span style=\"font-weight: 400;\">Vous pouvez me joindre en cliquant sur le petit logo Whatsapp ci-dessous ou par e-mail et t\u00e9l\u00e9phone.\u00a0<\/span><\/p><p><strong>\u00a0<a href=\"https:\/\/instant-en-soie.ch\/index.php\/contact\/\">Contact et adresse<\/a><\/strong><\/p>\t\t\t\t\t\t\t\t<\/div>\n\t\t\t\t<\/div>\n\t\t\t\t<div class=\"elementor-element elementor-element-b6e14d8 e-grid-align-left e-grid-align-tablet-left elementor-shape-rounded elementor-grid-0 elementor-widget elementor-widget-social-icons\" data-id=\"b6e14d8\" data-element_type=\"widget\" data-e-type=\"widget\" data-widget_type=\"social-icons.default\">\n\t\t\t\t<div class=\"elementor-widget-container\">\n\t\t\t\t\t\t\t<div class=\"elementor-social-icons-wrapper elementor-grid\" role=\"list\">\n\t\t\t\t\t\t\t<span class=\"elementor-grid-item\" role=\"listitem\">\n\t\t\t\t\t<a class=\"elementor-icon elementor-social-icon elementor-social-icon-whatsapp elementor-repeater-item-3594f7b\" href=\"https:\/\/wa.me\/41797481405\" target=\"_blank\">\n\t\t\t\t\t\t<span class=\"elementor-screen-only\">Whatsapp<\/span>\n\t\t\t\t\t\t<i aria-hidden=\"true\" class=\"fab fa-whatsapp\"><\/i>\t\t\t\t\t<\/a>\n\t\t\t\t<\/span>\n\t\t\t\t\t\t\t<span class=\"elementor-grid-item\" role=\"listitem\">\n\t\t\t\t\t<a class=\"elementor-icon elementor-social-icon elementor-social-icon-envelope elementor-repeater-item-8048709\" href=\"mailto:contact@instant-en-soie.ch%20?subject=Prise%20de%20contact\" target=\"_blank\">\n\t\t\t\t\t\t<span class=\"elementor-screen-only\">Envelope<\/span>\n\t\t\t\t\t\t<i aria-hidden=\"true\" class=\"fas fa-envelope\"><\/i>\t\t\t\t\t<\/a>\n\t\t\t\t<\/span>\n\t\t\t\t\t\t\t<span class=\"elementor-grid-item\" role=\"listitem\">\n\t\t\t\t\t<a class=\"elementor-icon elementor-social-icon elementor-social-icon-facebook-f elementor-repeater-item-4b35d30\" href=\"https:\/\/www.facebook.com\/instantensoie\" target=\"_blank\">\n\t\t\t\t\t\t<span class=\"elementor-screen-only\">Facebook-f<\/span>\n\t\t\t\t\t\t<i aria-hidden=\"true\" class=\"fab fa-facebook-f\"><\/i>\t\t\t\t\t<\/a>\n\t\t\t\t<\/span>\n\t\t\t\t\t<\/div>\n\t\t\t\t\t\t<\/div>\n\t\t\t\t<\/div>\n\t\t\t\t\t<\/div>\n\t\t<\/div>\n\t\t\t\t\t<\/div>\n\t\t<\/section>\n\t\t\t\t<section class=\"elementor-section elementor-top-section elementor-element elementor-element-2d02eb7 elementor-section-boxed elementor-section-height-default elementor-section-height-default\" data-id=\"2d02eb7\" data-element_type=\"section\" data-e-type=\"section\">\n\t\t\t\t\t\t<div class=\"elementor-container elementor-column-gap-default\">\n\t\t\t\t\t<div class=\"elementor-column elementor-col-100 elementor-top-column elementor-element elementor-element-bd257ff\" data-id=\"bd257ff\" data-element_type=\"column\" data-e-type=\"column\">\n\t\t\t<div class=\"elementor-widget-wrap elementor-element-populated\">\n\t\t\t\t\t\t<div class=\"elementor-element elementor-element-5088698 elementor-widget elementor-widget-spacer\" data-id=\"5088698\" data-element_type=\"widget\" data-e-type=\"widget\" data-widget_type=\"spacer.default\">\n\t\t\t\t<div class=\"elementor-widget-container\">\n\t\t\t\t\t\t\t<div class=\"elementor-spacer\">\n\t\t\t<div class=\"elementor-spacer-inner\"><\/div>\n\t\t<\/div>\n\t\t\t\t\t\t<\/div>\n\t\t\t\t<\/div>\n\t\t\t\t\t<\/div>\n\t\t<\/div>\n\t\t\t\t\t<\/div>\n\t\t<\/section>\n\t\t\t\t<\/div>\n\t\t","protected":false},"excerpt":{"rendered":"<p>Appel direct Prendre rendez-vous Instant en Soie Cabinet d&rsquo;hypnose th\u00e9rapeutique &#038; r\u00e9flexologie Je vous re\u00e7ois \u00e0 Est\u00e9venens, dans le canton de Fribourg, \u00e0 proximit\u00e9 de Bulle, Romont, Payerne. Je vous invite \u00e0 prendre connaissance des diff\u00e9rentes th\u00e9rapies et tarifs en parcourant ce site. Je suis disponible en semaine et je serai tr\u00e8s heureuse de vous [&hellip;]<\/p>\n","protected":false},"author":1,"featured_media":0,"parent":0,"menu_order":0,"comment_status":"closed","ping_status":"closed","template":"elementor_header_footer","meta":{"_exactmetrics_skip_tracking":false,"_exactmetrics_sitenote_active":false,"_exactmetrics_sitenote_note":"","_exactmetrics_sitenote_category":0,"footnotes":""},"class_list":["post-30","page","type-page","status-publish","hentry"],"yoast_head":"<!-- This site is optimized with the Yoast SEO plugin v27.5 - https:\/\/yoast.com\/product\/yoast-seo-wordpress\/ -->\n<title>Accueil - Instant en soie<\/title>\n<meta name=\"robots\" content=\"index, follow, max-snippet:-1, max-image-preview:large, max-video-preview:-1\" \/>\n<link rel=\"canonical\" href=\"https:\/\/instant-en-soie.ch\/\" \/>\n<meta property=\"og:locale\" content=\"fr_FR\" \/>\n<meta property=\"og:type\" content=\"article\" \/>\n<meta property=\"og:title\" content=\"Accueil - Instant en soie\" \/>\n<meta property=\"og:description\" content=\"Appel direct Prendre rendez-vous Instant en Soie Cabinet d&rsquo;hypnose th\u00e9rapeutique &#038; r\u00e9flexologie Je vous re\u00e7ois \u00e0 Est\u00e9venens, dans le canton de Fribourg, \u00e0 proximit\u00e9 de Bulle, Romont, Payerne. Je vous invite \u00e0 prendre connaissance des diff\u00e9rentes th\u00e9rapies et tarifs en parcourant ce site. Je suis disponible en semaine et je serai tr\u00e8s heureuse de vous [&hellip;]\" \/>\n<meta property=\"og:url\" content=\"https:\/\/instant-en-soie.ch\/\" \/>\n<meta property=\"og:site_name\" content=\"Instant en soie\" \/>\n<meta property=\"article:publisher\" content=\"https:\/\/www.facebook.com\/instantensoie\/\" \/>\n<meta property=\"article:modified_time\" content=\"2023-08-23T06:35:44+00:00\" \/>\n<meta name=\"twitter:card\" content=\"summary_large_image\" \/>\n<meta name=\"twitter:label1\" content=\"Dur\u00e9e de lecture estim\u00e9e\" \/>\n\t<meta name=\"twitter:data1\" content=\"1 minute\" \/>\n<script type=\"application\/ld+json\" class=\"yoast-schema-graph\">{\"@context\":\"https:\\\/\\\/schema.org\",\"@graph\":[{\"@type\":\"WebPage\",\"@id\":\"https:\\\/\\\/instant-en-soie.ch\\\/\",\"url\":\"https:\\\/\\\/instant-en-soie.ch\\\/\",\"name\":\"Accueil - Instant en soie\",\"isPartOf\":{\"@id\":\"https:\\\/\\\/instant-en-soie.ch\\\/#website\"},\"datePublished\":\"2018-10-03T13:54:20+00:00\",\"dateModified\":\"2023-08-23T06:35:44+00:00\",\"breadcrumb\":{\"@id\":\"https:\\\/\\\/instant-en-soie.ch\\\/#breadcrumb\"},\"inLanguage\":\"fr-FR\",\"potentialAction\":[{\"@type\":\"ReadAction\",\"target\":[\"https:\\\/\\\/instant-en-soie.ch\\\/\"]}]},{\"@type\":\"BreadcrumbList\",\"@id\":\"https:\\\/\\\/instant-en-soie.ch\\\/#breadcrumb\",\"itemListElement\":[{\"@type\":\"ListItem\",\"position\":1,\"name\":\"Accueil\",\"item\":\"https:\\\/\\\/instant-en-soie.ch\\\/\"},{\"@type\":\"ListItem\",\"position\":2,\"name\":\"Accueil\"}]},{\"@type\":\"WebSite\",\"@id\":\"https:\\\/\\\/instant-en-soie.ch\\\/#website\",\"url\":\"https:\\\/\\\/instant-en-soie.ch\\\/\",\"name\":\"Instant en soie\",\"description\":\"Lib\u00e9rez vos ressources int\u00e9rieures\",\"publisher\":{\"@id\":\"https:\\\/\\\/instant-en-soie.ch\\\/#\\\/schema\\\/person\\\/c35de4dba4b7acebcffdb28457742c9b\"},\"potentialAction\":[{\"@type\":\"SearchAction\",\"target\":{\"@type\":\"EntryPoint\",\"urlTemplate\":\"https:\\\/\\\/instant-en-soie.ch\\\/?s={search_term_string}\"},\"query-input\":{\"@type\":\"PropertyValueSpecification\",\"valueRequired\":true,\"valueName\":\"search_term_string\"}}],\"inLanguage\":\"fr-FR\"},{\"@type\":[\"Person\",\"Organization\"],\"@id\":\"https:\\\/\\\/instant-en-soie.ch\\\/#\\\/schema\\\/person\\\/c35de4dba4b7acebcffdb28457742c9b\",\"name\":\"St\u00e9phanie\",\"image\":{\"@type\":\"ImageObject\",\"inLanguage\":\"fr-FR\",\"@id\":\"https:\\\/\\\/instant-en-soie.ch\\\/wp-content\\\/uploads\\\/2018\\\/10\\\/cropped-icon-G_S.2-1.png\",\"url\":\"https:\\\/\\\/instant-en-soie.ch\\\/wp-content\\\/uploads\\\/2018\\\/10\\\/cropped-icon-G_S.2-1.png\",\"contentUrl\":\"https:\\\/\\\/instant-en-soie.ch\\\/wp-content\\\/uploads\\\/2018\\\/10\\\/cropped-icon-G_S.2-1.png\",\"width\":512,\"height\":512,\"caption\":\"St\u00e9phanie\"},\"logo\":{\"@id\":\"https:\\\/\\\/instant-en-soie.ch\\\/wp-content\\\/uploads\\\/2018\\\/10\\\/cropped-icon-G_S.2-1.png\"},\"sameAs\":[\"https:\\\/\\\/www.instant-en-soie.ch\",\"https:\\\/\\\/www.facebook.com\\\/instantensoie\\\/\"]}]}<\/script>\n<!-- \/ Yoast SEO plugin. -->","yoast_head_json":{"title":"Accueil - Instant en soie","robots":{"index":"index","follow":"follow","max-snippet":"max-snippet:-1","max-image-preview":"max-image-preview:large","max-video-preview":"max-video-preview:-1"},"canonical":"https:\/\/instant-en-soie.ch\/","og_locale":"fr_FR","og_type":"article","og_title":"Accueil - Instant en soie","og_description":"Appel direct Prendre rendez-vous Instant en Soie Cabinet d&rsquo;hypnose th\u00e9rapeutique &#038; r\u00e9flexologie Je vous re\u00e7ois \u00e0 Est\u00e9venens, dans le canton de Fribourg, \u00e0 proximit\u00e9 de Bulle, Romont, Payerne. Je vous invite \u00e0 prendre connaissance des diff\u00e9rentes th\u00e9rapies et tarifs en parcourant ce site. Je suis disponible en semaine et je serai tr\u00e8s heureuse de vous [&hellip;]","og_url":"https:\/\/instant-en-soie.ch\/","og_site_name":"Instant en soie","article_publisher":"https:\/\/www.facebook.com\/instantensoie\/","article_modified_time":"2023-08-23T06:35:44+00:00","twitter_card":"summary_large_image","twitter_misc":{"Dur\u00e9e de lecture estim\u00e9e":"1 minute"},"schema":{"@context":"https:\/\/schema.org","@graph":[{"@type":"WebPage","@id":"https:\/\/instant-en-soie.ch\/","url":"https:\/\/instant-en-soie.ch\/","name":"Accueil - Instant en soie","isPartOf":{"@id":"https:\/\/instant-en-soie.ch\/#website"},"datePublished":"2018-10-03T13:54:20+00:00","dateModified":"2023-08-23T06:35:44+00:00","breadcrumb":{"@id":"https:\/\/instant-en-soie.ch\/#breadcrumb"},"inLanguage":"fr-FR","potentialAction":[{"@type":"ReadAction","target":["https:\/\/instant-en-soie.ch\/"]}]},{"@type":"BreadcrumbList","@id":"https:\/\/instant-en-soie.ch\/#breadcrumb","itemListElement":[{"@type":"ListItem","position":1,"name":"Accueil","item":"https:\/\/instant-en-soie.ch\/"},{"@type":"ListItem","position":2,"name":"Accueil"}]},{"@type":"WebSite","@id":"https:\/\/instant-en-soie.ch\/#website","url":"https:\/\/instant-en-soie.ch\/","name":"Instant en soie","description":"Lib\u00e9rez vos ressources int\u00e9rieures","publisher":{"@id":"https:\/\/instant-en-soie.ch\/#\/schema\/person\/c35de4dba4b7acebcffdb28457742c9b"},"potentialAction":[{"@type":"SearchAction","target":{"@type":"EntryPoint","urlTemplate":"https:\/\/instant-en-soie.ch\/?s={search_term_string}"},"query-input":{"@type":"PropertyValueSpecification","valueRequired":true,"valueName":"search_term_string"}}],"inLanguage":"fr-FR"},{"@type":["Person","Organization"],"@id":"https:\/\/instant-en-soie.ch\/#\/schema\/person\/c35de4dba4b7acebcffdb28457742c9b","name":"St\u00e9phanie","image":{"@type":"ImageObject","inLanguage":"fr-FR","@id":"https:\/\/instant-en-soie.ch\/wp-content\/uploads\/2018\/10\/cropped-icon-G_S.2-1.png","url":"https:\/\/instant-en-soie.ch\/wp-content\/uploads\/2018\/10\/cropped-icon-G_S.2-1.png","contentUrl":"https:\/\/instant-en-soie.ch\/wp-content\/uploads\/2018\/10\/cropped-icon-G_S.2-1.png","width":512,"height":512,"caption":"St\u00e9phanie"},"logo":{"@id":"https:\/\/instant-en-soie.ch\/wp-content\/uploads\/2018\/10\/cropped-icon-G_S.2-1.png"},"sameAs":["https:\/\/www.instant-en-soie.ch","https:\/\/www.facebook.com\/instantensoie\/"]}]}},"_links":{"self":[{"href":"https:\/\/instant-en-soie.ch\/index.php\/wp-json\/wp\/v2\/pages\/30","targetHints":{"allow":["GET"]}}],"collection":[{"href":"https:\/\/instant-en-soie.ch\/index.php\/wp-json\/wp\/v2\/pages"}],"about":[{"href":"https:\/\/instant-en-soie.ch\/index.php\/wp-json\/wp\/v2\/types\/page"}],"author":[{"embeddable":true,"href":"https:\/\/instant-en-soie.ch\/index.php\/wp-json\/wp\/v2\/users\/1"}],"replies":[{"embeddable":true,"href":"https:\/\/instant-en-soie.ch\/index.php\/wp-json\/wp\/v2\/comments?post=30"}],"version-history":[{"count":155,"href":"https:\/\/instant-en-soie.ch\/index.php\/wp-json\/wp\/v2\/pages\/30\/revisions"}],"predecessor-version":[{"id":1763,"href":"https:\/\/instant-en-soie.ch\/index.php\/wp-json\/wp\/v2\/pages\/30\/revisions\/1763"}],"wp:attachment":[{"href":"https:\/\/instant-en-soie.ch\/index.php\/wp-json\/wp\/v2\/media?parent=30"}],"curies":[{"name":"wp","href":"https:\/\/api.w.org\/{rel}","templated":true}]}}