{"id":208,"date":"2018-10-29T11:13:20","date_gmt":"2018-10-29T10:13:20","guid":{"rendered":"https:\/\/instant-en-soie.ch\/?page_id=208"},"modified":"2025-08-20T12:38:51","modified_gmt":"2025-08-20T10:38:51","slug":"lhypnose-pour-quoi","status":"publish","type":"page","link":"https:\/\/instant-en-soie.ch\/index.php\/lhypnose-pour-quoi\/","title":{"rendered":"L&rsquo;hypnose, pourquoi ?"},"content":{"rendered":"\t\t<div data-elementor-type=\"wp-post\" data-elementor-id=\"208\" class=\"elementor elementor-208\">\n\t\t\t\t\t\t<section class=\"elementor-section elementor-top-section elementor-element elementor-element-d78278a elementor-section-boxed elementor-section-height-default elementor-section-height-default\" data-id=\"d78278a\" data-element_type=\"section\" data-e-type=\"section\">\n\t\t\t\t\t\t<div class=\"elementor-container elementor-column-gap-default\">\n\t\t\t\t\t<div class=\"elementor-column elementor-col-100 elementor-top-column elementor-element elementor-element-61e33a4\" data-id=\"61e33a4\" data-element_type=\"column\" data-e-type=\"column\">\n\t\t\t<div class=\"elementor-widget-wrap\">\n\t\t\t\t\t\t\t<\/div>\n\t\t<\/div>\n\t\t\t\t\t<\/div>\n\t\t<\/section>\n\t\t\t\t<section class=\"elementor-section elementor-top-section elementor-element elementor-element-3446fb4 elementor-section-boxed elementor-section-height-default elementor-section-height-default\" data-id=\"3446fb4\" data-element_type=\"section\" data-e-type=\"section\">\n\t\t\t\t\t\t<div class=\"elementor-container elementor-column-gap-default\">\n\t\t\t\t\t<div class=\"elementor-column elementor-col-33 elementor-top-column elementor-element elementor-element-c7344ba elementor-invisible\" data-id=\"c7344ba\" data-element_type=\"column\" data-e-type=\"column\" data-settings=\"{&quot;animation&quot;:&quot;fadeInDown&quot;}\">\n\t\t\t<div class=\"elementor-widget-wrap elementor-element-populated\">\n\t\t\t\t\t\t<div class=\"elementor-element elementor-element-a03050e elementor-widget elementor-widget-testimonial\" data-id=\"a03050e\" data-element_type=\"widget\" data-e-type=\"widget\" data-widget_type=\"testimonial.default\">\n\t\t\t\t<div class=\"elementor-widget-container\">\n\t\t\t\t\t\t\t<div class=\"elementor-testimonial-wrapper\">\n\t\t\t\t\t\t\t<div class=\"elementor-testimonial-content\"><b><i style=\"font-size: 17.5px;text-align: start;white-space: normal\">\u00ab&nbsp;L\u2019hypnose, c\u2019est une relation pleine de vie qui a lieu dans une personne et qui est suscit\u00e9e par la chaleur d\u2019une autre personne.&nbsp;\u00bb&nbsp;<\/i><\/b><\/div>\n\t\t\t\n\t\t\t\t\t\t<div class=\"elementor-testimonial-meta elementor-has-image elementor-testimonial-image-position-top\">\n\t\t\t\t<div class=\"elementor-testimonial-meta-inner\">\n\t\t\t\t\t\t\t\t\t\t\t<div class=\"elementor-testimonial-image\">\n\t\t\t\t\t\t\t<img fetchpriority=\"high\" decoding=\"async\" width=\"250\" height=\"300\" src=\"https:\/\/instant-en-soie.ch\/wp-content\/uploads\/2018\/10\/79897-250x300.jpg\" class=\"attachment-post-thumbnail size-post-thumbnail wp-image-223\" alt=\"\" \/>\t\t\t\t\t\t<\/div>\n\t\t\t\t\t\n\t\t\t\t\t\t\t\t\t\t<div class=\"elementor-testimonial-details\">\n\t\t\t\t\t\t\t\t\t\t\t\t\t\t<div class=\"elementor-testimonial-name\">Milton Erickson<\/div>\n\t\t\t\t\t\t\t\t\t\t\t\t\t\t\t\t\t\t\t<\/div>\n\t\t\t\t\t\t\t\t\t<\/div>\n\t\t\t<\/div>\n\t\t\t\t\t<\/div>\n\t\t\t\t\t\t<\/div>\n\t\t\t\t<\/div>\n\t\t\t\t\t<\/div>\n\t\t<\/div>\n\t\t\t\t<div class=\"elementor-column elementor-col-33 elementor-top-column elementor-element elementor-element-8b222dc\" data-id=\"8b222dc\" data-element_type=\"column\" data-e-type=\"column\">\n\t\t\t<div class=\"elementor-widget-wrap elementor-element-populated\">\n\t\t\t\t\t\t<div class=\"elementor-element elementor-element-681311d elementor-button-info elementor-align-center animated-slow elementor-invisible elementor-widget elementor-widget-button\" data-id=\"681311d\" data-element_type=\"widget\" data-e-type=\"widget\" data-settings=\"{&quot;_animation&quot;:&quot;fadeIn&quot;,&quot;_animation_mobile&quot;:&quot;fadeIn&quot;,&quot;_animation_delay&quot;:1500}\" data-widget_type=\"button.default\">\n\t\t\t\t<div class=\"elementor-widget-container\">\n\t\t\t\t\t\t\t\t\t<div class=\"elementor-button-wrapper\">\n\t\t\t\t\t<a class=\"elementor-button elementor-button-link elementor-size-md\" href=\"https:\/\/instant-en-soie.ch\/index.php\/contact\/\">\n\t\t\t\t\t\t<span class=\"elementor-button-content-wrapper\">\n\t\t\t\t\t\t<span class=\"elementor-button-icon\">\n\t\t\t\t<i aria-hidden=\"true\" class=\"far fa-calendar-alt\"><\/i>\t\t\t<\/span>\n\t\t\t\t\t\t\t\t\t<span class=\"elementor-button-text\">Prendre rendez-vous<\/span>\n\t\t\t\t\t<\/span>\n\t\t\t\t\t<\/a>\n\t\t\t\t<\/div>\n\t\t\t\t\t\t\t\t<\/div>\n\t\t\t\t<\/div>\n\t\t\t\t\t<\/div>\n\t\t<\/div>\n\t\t\t\t<div class=\"elementor-column elementor-col-33 elementor-top-column elementor-element elementor-element-857d066\" data-id=\"857d066\" data-element_type=\"column\" data-e-type=\"column\">\n\t\t\t<div class=\"elementor-widget-wrap elementor-element-populated\">\n\t\t\t\t\t\t<div class=\"elementor-element elementor-element-d8f8e43 elementor-invisible elementor-widget elementor-widget-text-editor\" data-id=\"d8f8e43\" data-element_type=\"widget\" data-e-type=\"widget\" data-settings=\"{&quot;_animation&quot;:&quot;fadeInUp&quot;}\" data-widget_type=\"text-editor.default\">\n\t\t\t\t<div class=\"elementor-widget-container\">\n\t\t\t\t\t\t\t\t\t<h1 style=\"text-align: left;\">Pourquoi l&rsquo;hypnose?<\/h1><p><span style=\"font-weight: 400;\">L\u2019hypnose th\u00e9rapeutique n\u2019a rien \u00e0 voir avec l\u2019hypnose que l\u2019on peut voir \u00e0 la t\u00e9l\u00e9vision.\u00a0\u00a0En \u00e9tat d\u2019hypnose, \u00e0 chaque instant, vous restez ma\u00eetre de vous-m\u00eame, ma\u00eetre de vos propres choix!<\/span><\/p><p><span style=\"font-weight: 400;\">C\u2019est en vous que se trouve la solution; et c\u2019est l\u2019\u00e9tat d\u2019hypnose qui vous permet d\u2019y acc\u00e9der.<\/span><\/p><p><span style=\"font-weight: 400;\">Lors d\u2019une s\u00e9ance d\u2019hypnose vous entrez dans un \u00e9tat de conscience modifi\u00e9e. L\u2019hypnoth\u00e9rapeute, vous guide vers votre inconscient et vous aide \u00e0 y puiser les ressources n\u00e9cessaires \u00e0 la r\u00e9solution de votre probl\u00e8me.<\/span><\/p><p><span style=\"font-weight: 400;\">L\u2019hypnose peut vous aider \u00e0 trouver une solution \u00e0 un \u00e9tat d\u2019angoisse ou de stress, \u00e0 une d\u00e9pendance, ou un comportement n\u00e9faste, \u00e0 un surpoids, etc\u2026<\/span><\/p><p><span style=\"font-weight: 400;\">Mais aussi pour performer dans un domaine tel que le sport, lors d\u2019examens, pour maximiser votre concentration, vous pr\u00e9parer \u00e0 devenir\u00a0 parents,\u2026<\/span><\/p><p><span style=\"font-weight: 400;\">L\u2019hypnoth\u00e9rapeute vous permet d\u2019allumer la lumi\u00e8re dans la chambre de votre esprit et d\u2019y trouver l\u2019outil qui vous permettra au mieux de r\u00e9soudre votre probl\u00e8me.<\/span><\/p><p><span style=\"font-weight: 400;\">Vous avez des ressources en vous, il faut aller \u00e0 leur recherche.Vous pouvez avec l\u2019hypnose et l\u2019aide de l\u2019hypnoth\u00e9rapeute induire le changement positif qui vous tient tant \u00e0 c\u0153ur.<\/span><\/p><p><span style=\"font-weight: 400;\">Pour les enfants, l\u2019hypnose passe par le monde imaginaire, que cela soit par le dessin, le jeu, les comptes\u2026<\/span><\/p><p><span style=\"font-weight: 400;\">J\u2019ai effectu\u00e9 une formation \u00e0 l\u2019hypnose p\u00e9diatrique avec Lise Bartoli ou l\u2019enfant se sert de cartes imag\u00e9es pour raconter une histoire qui vient, gr\u00e2ce \u00e0 \u00e9tat d\u2019hypnose, de l\u2019int\u00e9rieur et est pleine de sens, \u2026.th\u00e9rapeutique !<\/span><\/p><p><span style=\"font-weight: 400;\">L&rsquo;hypnose est une aide dans de nombreux cas de figure, notamment:<\/span><\/p><p><a href=\"https:\/\/instant-en-soie.ch\/index.php\/tabac\/\" target=\"_blank\" rel=\"noopener\"><strong>\u2192Arr\u00eater de fumer<\/strong><\/a><\/p><p><strong><a href=\"https:\/\/instant-en-soie.ch\/index.php\/tabac\/\" target=\"_blank\" rel=\"noopener\"> \u2192<\/a><a href=\"https:\/\/instant-en-soie.ch\/index.php\/insomnie\/\" target=\"_blank\" rel=\"noopener\">Insomnie<\/a><\/strong><\/p><p><strong>\u2192Confiance en soi<\/strong><\/p><p><strong>\u2192Surpoids, trouble alimentaire<\/strong><\/p><p><a href=\"https:\/\/instant-en-soie.ch\/index.php\/angoisse\/\" target=\"_blank\" rel=\"noopener\"><strong>\u2192Anxi\u00e9t\u00e9, angoisse, stress<\/strong><\/a><\/p><p><a href=\"https:\/\/instant-en-soie.ch\/index.php\/angoisse\/\" target=\"_blank\" rel=\"noopener\"><strong>\u2192Traumatismes, phobies<\/strong><\/a><\/p>\t\t\t\t\t\t\t\t<\/div>\n\t\t\t\t<\/div>\n\t\t\t\t\t<\/div>\n\t\t<\/div>\n\t\t\t\t\t<\/div>\n\t\t<\/section>\n\t\t\t\t<section class=\"elementor-section elementor-top-section elementor-element elementor-element-11b5775 elementor-section-boxed elementor-section-height-default elementor-section-height-default\" data-id=\"11b5775\" data-element_type=\"section\" data-e-type=\"section\">\n\t\t\t\t\t\t<div class=\"elementor-container elementor-column-gap-default\">\n\t\t\t\t\t<div class=\"elementor-column elementor-col-100 elementor-top-column elementor-element elementor-element-b3c25ac\" data-id=\"b3c25ac\" data-element_type=\"column\" data-e-type=\"column\">\n\t\t\t<div class=\"elementor-widget-wrap elementor-element-populated\">\n\t\t\t\t\t\t<div class=\"elementor-element elementor-element-2636210 elementor-widget elementor-widget-spacer\" data-id=\"2636210\" data-element_type=\"widget\" data-e-type=\"widget\" data-widget_type=\"spacer.default\">\n\t\t\t\t<div class=\"elementor-widget-container\">\n\t\t\t\t\t\t\t<div class=\"elementor-spacer\">\n\t\t\t<div class=\"elementor-spacer-inner\"><\/div>\n\t\t<\/div>\n\t\t\t\t\t\t<\/div>\n\t\t\t\t<\/div>\n\t\t\t\t\t<\/div>\n\t\t<\/div>\n\t\t\t\t\t<\/div>\n\t\t<\/section>\n\t\t\t\t<\/div>\n\t\t","protected":false},"excerpt":{"rendered":"<p>\u00ab&nbsp;L\u2019hypnose, c\u2019est une relation pleine de vie qui a lieu dans une personne et qui est suscit\u00e9e par la chaleur d\u2019une autre personne.&nbsp;\u00bb&nbsp; Milton Erickson Prendre rendez-vous Pourquoi l&rsquo;hypnose? L\u2019hypnose th\u00e9rapeutique n\u2019a rien \u00e0 voir avec l\u2019hypnose que l\u2019on peut voir \u00e0 la t\u00e9l\u00e9vision.\u00a0\u00a0En \u00e9tat d\u2019hypnose, \u00e0 chaque instant, vous restez ma\u00eetre de vous-m\u00eame, ma\u00eetre [&hellip;]<\/p>\n","protected":false},"author":1,"featured_media":0,"parent":0,"menu_order":0,"comment_status":"closed","ping_status":"closed","template":"elementor_header_footer","meta":{"_exactmetrics_skip_tracking":false,"_exactmetrics_sitenote_active":false,"_exactmetrics_sitenote_note":"","_exactmetrics_sitenote_category":0,"footnotes":""},"class_list":["post-208","page","type-page","status-publish","hentry"],"yoast_head":"<!-- This site is optimized with the Yoast SEO plugin v27.5 - https:\/\/yoast.com\/product\/yoast-seo-wordpress\/ -->\n<title>L&#039;hypnose, pourquoi ? - Instant en soie<\/title>\n<meta name=\"robots\" content=\"index, follow, max-snippet:-1, max-image-preview:large, max-video-preview:-1\" \/>\n<link rel=\"canonical\" href=\"https:\/\/instant-en-soie.ch\/index.php\/lhypnose-pour-quoi\/\" \/>\n<meta property=\"og:locale\" content=\"fr_FR\" \/>\n<meta property=\"og:type\" content=\"article\" \/>\n<meta property=\"og:title\" content=\"L&#039;hypnose, pourquoi ? - Instant en soie\" \/>\n<meta property=\"og:description\" content=\"\u00ab&nbsp;L\u2019hypnose, c\u2019est une relation pleine de vie qui a lieu dans une personne et qui est suscit\u00e9e par la chaleur d\u2019une autre personne.&nbsp;\u00bb&nbsp; Milton Erickson Prendre rendez-vous Pourquoi l&rsquo;hypnose? L\u2019hypnose th\u00e9rapeutique n\u2019a rien \u00e0 voir avec l\u2019hypnose que l\u2019on peut voir \u00e0 la t\u00e9l\u00e9vision.\u00a0\u00a0En \u00e9tat d\u2019hypnose, \u00e0 chaque instant, vous restez ma\u00eetre de vous-m\u00eame, ma\u00eetre [&hellip;]\" \/>\n<meta property=\"og:url\" content=\"https:\/\/instant-en-soie.ch\/index.php\/lhypnose-pour-quoi\/\" \/>\n<meta property=\"og:site_name\" content=\"Instant en soie\" \/>\n<meta property=\"article:publisher\" content=\"https:\/\/www.facebook.com\/instantensoie\/\" \/>\n<meta property=\"article:modified_time\" content=\"2025-08-20T10:38:51+00:00\" \/>\n<meta property=\"og:image\" content=\"https:\/\/instant-en-soie.ch\/wp-content\/uploads\/2018\/10\/79897.jpg\" \/>\n\t<meta property=\"og:image:width\" content=\"250\" \/>\n\t<meta property=\"og:image:height\" content=\"375\" \/>\n\t<meta property=\"og:image:type\" content=\"image\/jpeg\" \/>\n<meta name=\"twitter:card\" content=\"summary_large_image\" \/>\n<meta name=\"twitter:label1\" content=\"Dur\u00e9e de lecture estim\u00e9e\" \/>\n\t<meta name=\"twitter:data1\" content=\"2 minutes\" \/>\n<script type=\"application\/ld+json\" class=\"yoast-schema-graph\">{\"@context\":\"https:\\\/\\\/schema.org\",\"@graph\":[{\"@type\":\"WebPage\",\"@id\":\"https:\\\/\\\/instant-en-soie.ch\\\/index.php\\\/lhypnose-pour-quoi\\\/\",\"url\":\"https:\\\/\\\/instant-en-soie.ch\\\/index.php\\\/lhypnose-pour-quoi\\\/\",\"name\":\"L'hypnose, pourquoi ? - Instant en soie\",\"isPartOf\":{\"@id\":\"https:\\\/\\\/instant-en-soie.ch\\\/#website\"},\"primaryImageOfPage\":{\"@id\":\"https:\\\/\\\/instant-en-soie.ch\\\/index.php\\\/lhypnose-pour-quoi\\\/#primaryimage\"},\"image\":{\"@id\":\"https:\\\/\\\/instant-en-soie.ch\\\/index.php\\\/lhypnose-pour-quoi\\\/#primaryimage\"},\"thumbnailUrl\":\"https:\\\/\\\/instant-en-soie.ch\\\/wp-content\\\/uploads\\\/2018\\\/10\\\/79897-250x300.jpg\",\"datePublished\":\"2018-10-29T10:13:20+00:00\",\"dateModified\":\"2025-08-20T10:38:51+00:00\",\"breadcrumb\":{\"@id\":\"https:\\\/\\\/instant-en-soie.ch\\\/index.php\\\/lhypnose-pour-quoi\\\/#breadcrumb\"},\"inLanguage\":\"fr-FR\",\"potentialAction\":[{\"@type\":\"ReadAction\",\"target\":[\"https:\\\/\\\/instant-en-soie.ch\\\/index.php\\\/lhypnose-pour-quoi\\\/\"]}]},{\"@type\":\"ImageObject\",\"inLanguage\":\"fr-FR\",\"@id\":\"https:\\\/\\\/instant-en-soie.ch\\\/index.php\\\/lhypnose-pour-quoi\\\/#primaryimage\",\"url\":\"https:\\\/\\\/instant-en-soie.ch\\\/wp-content\\\/uploads\\\/2018\\\/10\\\/79897.jpg\",\"contentUrl\":\"https:\\\/\\\/instant-en-soie.ch\\\/wp-content\\\/uploads\\\/2018\\\/10\\\/79897.jpg\",\"width\":250,\"height\":375},{\"@type\":\"BreadcrumbList\",\"@id\":\"https:\\\/\\\/instant-en-soie.ch\\\/index.php\\\/lhypnose-pour-quoi\\\/#breadcrumb\",\"itemListElement\":[{\"@type\":\"ListItem\",\"position\":1,\"name\":\"Accueil\",\"item\":\"https:\\\/\\\/instant-en-soie.ch\\\/\"},{\"@type\":\"ListItem\",\"position\":2,\"name\":\"L&rsquo;hypnose, pourquoi ?\"}]},{\"@type\":\"WebSite\",\"@id\":\"https:\\\/\\\/instant-en-soie.ch\\\/#website\",\"url\":\"https:\\\/\\\/instant-en-soie.ch\\\/\",\"name\":\"Instant en soie\",\"description\":\"Lib\u00e9rez vos ressources int\u00e9rieures\",\"publisher\":{\"@id\":\"https:\\\/\\\/instant-en-soie.ch\\\/#\\\/schema\\\/person\\\/c35de4dba4b7acebcffdb28457742c9b\"},\"potentialAction\":[{\"@type\":\"SearchAction\",\"target\":{\"@type\":\"EntryPoint\",\"urlTemplate\":\"https:\\\/\\\/instant-en-soie.ch\\\/?s={search_term_string}\"},\"query-input\":{\"@type\":\"PropertyValueSpecification\",\"valueRequired\":true,\"valueName\":\"search_term_string\"}}],\"inLanguage\":\"fr-FR\"},{\"@type\":[\"Person\",\"Organization\"],\"@id\":\"https:\\\/\\\/instant-en-soie.ch\\\/#\\\/schema\\\/person\\\/c35de4dba4b7acebcffdb28457742c9b\",\"name\":\"St\u00e9phanie\",\"image\":{\"@type\":\"ImageObject\",\"inLanguage\":\"fr-FR\",\"@id\":\"https:\\\/\\\/instant-en-soie.ch\\\/wp-content\\\/uploads\\\/2018\\\/10\\\/cropped-icon-G_S.2-1.png\",\"url\":\"https:\\\/\\\/instant-en-soie.ch\\\/wp-content\\\/uploads\\\/2018\\\/10\\\/cropped-icon-G_S.2-1.png\",\"contentUrl\":\"https:\\\/\\\/instant-en-soie.ch\\\/wp-content\\\/uploads\\\/2018\\\/10\\\/cropped-icon-G_S.2-1.png\",\"width\":512,\"height\":512,\"caption\":\"St\u00e9phanie\"},\"logo\":{\"@id\":\"https:\\\/\\\/instant-en-soie.ch\\\/wp-content\\\/uploads\\\/2018\\\/10\\\/cropped-icon-G_S.2-1.png\"},\"sameAs\":[\"https:\\\/\\\/www.instant-en-soie.ch\",\"https:\\\/\\\/www.facebook.com\\\/instantensoie\\\/\"]}]}<\/script>\n<!-- \/ Yoast SEO plugin. -->","yoast_head_json":{"title":"L'hypnose, pourquoi ? - Instant en soie","robots":{"index":"index","follow":"follow","max-snippet":"max-snippet:-1","max-image-preview":"max-image-preview:large","max-video-preview":"max-video-preview:-1"},"canonical":"https:\/\/instant-en-soie.ch\/index.php\/lhypnose-pour-quoi\/","og_locale":"fr_FR","og_type":"article","og_title":"L'hypnose, pourquoi ? - Instant en soie","og_description":"\u00ab&nbsp;L\u2019hypnose, c\u2019est une relation pleine de vie qui a lieu dans une personne et qui est suscit\u00e9e par la chaleur d\u2019une autre personne.&nbsp;\u00bb&nbsp; Milton Erickson Prendre rendez-vous Pourquoi l&rsquo;hypnose? L\u2019hypnose th\u00e9rapeutique n\u2019a rien \u00e0 voir avec l\u2019hypnose que l\u2019on peut voir \u00e0 la t\u00e9l\u00e9vision.\u00a0\u00a0En \u00e9tat d\u2019hypnose, \u00e0 chaque instant, vous restez ma\u00eetre de vous-m\u00eame, ma\u00eetre [&hellip;]","og_url":"https:\/\/instant-en-soie.ch\/index.php\/lhypnose-pour-quoi\/","og_site_name":"Instant en soie","article_publisher":"https:\/\/www.facebook.com\/instantensoie\/","article_modified_time":"2025-08-20T10:38:51+00:00","og_image":[{"width":250,"height":375,"url":"https:\/\/instant-en-soie.ch\/wp-content\/uploads\/2018\/10\/79897.jpg","type":"image\/jpeg"}],"twitter_card":"summary_large_image","twitter_misc":{"Dur\u00e9e de lecture estim\u00e9e":"2 minutes"},"schema":{"@context":"https:\/\/schema.org","@graph":[{"@type":"WebPage","@id":"https:\/\/instant-en-soie.ch\/index.php\/lhypnose-pour-quoi\/","url":"https:\/\/instant-en-soie.ch\/index.php\/lhypnose-pour-quoi\/","name":"L'hypnose, pourquoi ? - Instant en soie","isPartOf":{"@id":"https:\/\/instant-en-soie.ch\/#website"},"primaryImageOfPage":{"@id":"https:\/\/instant-en-soie.ch\/index.php\/lhypnose-pour-quoi\/#primaryimage"},"image":{"@id":"https:\/\/instant-en-soie.ch\/index.php\/lhypnose-pour-quoi\/#primaryimage"},"thumbnailUrl":"https:\/\/instant-en-soie.ch\/wp-content\/uploads\/2018\/10\/79897-250x300.jpg","datePublished":"2018-10-29T10:13:20+00:00","dateModified":"2025-08-20T10:38:51+00:00","breadcrumb":{"@id":"https:\/\/instant-en-soie.ch\/index.php\/lhypnose-pour-quoi\/#breadcrumb"},"inLanguage":"fr-FR","potentialAction":[{"@type":"ReadAction","target":["https:\/\/instant-en-soie.ch\/index.php\/lhypnose-pour-quoi\/"]}]},{"@type":"ImageObject","inLanguage":"fr-FR","@id":"https:\/\/instant-en-soie.ch\/index.php\/lhypnose-pour-quoi\/#primaryimage","url":"https:\/\/instant-en-soie.ch\/wp-content\/uploads\/2018\/10\/79897.jpg","contentUrl":"https:\/\/instant-en-soie.ch\/wp-content\/uploads\/2018\/10\/79897.jpg","width":250,"height":375},{"@type":"BreadcrumbList","@id":"https:\/\/instant-en-soie.ch\/index.php\/lhypnose-pour-quoi\/#breadcrumb","itemListElement":[{"@type":"ListItem","position":1,"name":"Accueil","item":"https:\/\/instant-en-soie.ch\/"},{"@type":"ListItem","position":2,"name":"L&rsquo;hypnose, pourquoi ?"}]},{"@type":"WebSite","@id":"https:\/\/instant-en-soie.ch\/#website","url":"https:\/\/instant-en-soie.ch\/","name":"Instant en soie","description":"Lib\u00e9rez vos ressources int\u00e9rieures","publisher":{"@id":"https:\/\/instant-en-soie.ch\/#\/schema\/person\/c35de4dba4b7acebcffdb28457742c9b"},"potentialAction":[{"@type":"SearchAction","target":{"@type":"EntryPoint","urlTemplate":"https:\/\/instant-en-soie.ch\/?s={search_term_string}"},"query-input":{"@type":"PropertyValueSpecification","valueRequired":true,"valueName":"search_term_string"}}],"inLanguage":"fr-FR"},{"@type":["Person","Organization"],"@id":"https:\/\/instant-en-soie.ch\/#\/schema\/person\/c35de4dba4b7acebcffdb28457742c9b","name":"St\u00e9phanie","image":{"@type":"ImageObject","inLanguage":"fr-FR","@id":"https:\/\/instant-en-soie.ch\/wp-content\/uploads\/2018\/10\/cropped-icon-G_S.2-1.png","url":"https:\/\/instant-en-soie.ch\/wp-content\/uploads\/2018\/10\/cropped-icon-G_S.2-1.png","contentUrl":"https:\/\/instant-en-soie.ch\/wp-content\/uploads\/2018\/10\/cropped-icon-G_S.2-1.png","width":512,"height":512,"caption":"St\u00e9phanie"},"logo":{"@id":"https:\/\/instant-en-soie.ch\/wp-content\/uploads\/2018\/10\/cropped-icon-G_S.2-1.png"},"sameAs":["https:\/\/www.instant-en-soie.ch","https:\/\/www.facebook.com\/instantensoie\/"]}]}},"_links":{"self":[{"href":"https:\/\/instant-en-soie.ch\/index.php\/wp-json\/wp\/v2\/pages\/208","targetHints":{"allow":["GET"]}}],"collection":[{"href":"https:\/\/instant-en-soie.ch\/index.php\/wp-json\/wp\/v2\/pages"}],"about":[{"href":"https:\/\/instant-en-soie.ch\/index.php\/wp-json\/wp\/v2\/types\/page"}],"author":[{"embeddable":true,"href":"https:\/\/instant-en-soie.ch\/index.php\/wp-json\/wp\/v2\/users\/1"}],"replies":[{"embeddable":true,"href":"https:\/\/instant-en-soie.ch\/index.php\/wp-json\/wp\/v2\/comments?post=208"}],"version-history":[{"count":114,"href":"https:\/\/instant-en-soie.ch\/index.php\/wp-json\/wp\/v2\/pages\/208\/revisions"}],"predecessor-version":[{"id":1794,"href":"https:\/\/instant-en-soie.ch\/index.php\/wp-json\/wp\/v2\/pages\/208\/revisions\/1794"}],"wp:attachment":[{"href":"https:\/\/instant-en-soie.ch\/index.php\/wp-json\/wp\/v2\/media?parent=208"}],"curies":[{"name":"wp","href":"https:\/\/api.w.org\/{rel}","templated":true}]}}