{"id":1770,"date":"2024-01-08T11:32:25","date_gmt":"2024-01-08T10:32:25","guid":{"rendered":"https:\/\/instant-en-soie.ch\/?page_id=1770"},"modified":"2024-01-08T12:12:35","modified_gmt":"2024-01-08T11:12:35","slug":"angoisse","status":"publish","type":"page","link":"https:\/\/instant-en-soie.ch\/index.php\/angoisse\/","title":{"rendered":"Angoisse"},"content":{"rendered":"\t\t<div data-elementor-type=\"wp-page\" data-elementor-id=\"1770\" class=\"elementor elementor-1770\">\n\t\t\t\t\t\t<section class=\"elementor-section elementor-top-section elementor-element elementor-element-67faeaa elementor-section-boxed elementor-section-height-default elementor-section-height-default\" data-id=\"67faeaa\" data-element_type=\"section\" data-e-type=\"section\">\n\t\t\t\t\t\t<div class=\"elementor-container elementor-column-gap-default\">\n\t\t\t\t\t<div class=\"elementor-column elementor-col-100 elementor-top-column elementor-element elementor-element-606eb93\" data-id=\"606eb93\" data-element_type=\"column\" data-e-type=\"column\">\n\t\t\t<div class=\"elementor-widget-wrap elementor-element-populated\">\n\t\t\t\t\t\t<section class=\"elementor-section elementor-inner-section elementor-element elementor-element-68edacd elementor-section-boxed elementor-section-height-default elementor-section-height-default\" data-id=\"68edacd\" data-element_type=\"section\" data-e-type=\"section\">\n\t\t\t\t\t\t<div class=\"elementor-container elementor-column-gap-default\">\n\t\t\t\t\t<div class=\"elementor-column elementor-col-50 elementor-inner-column elementor-element elementor-element-4d79be8\" data-id=\"4d79be8\" data-element_type=\"column\" data-e-type=\"column\">\n\t\t\t<div class=\"elementor-widget-wrap elementor-element-populated\">\n\t\t\t\t\t\t<div class=\"elementor-element elementor-element-d0124a4 elementor-button-success elementor-align-center animated-fast elementor-invisible elementor-widget elementor-widget-button\" data-id=\"d0124a4\" data-element_type=\"widget\" data-e-type=\"widget\" data-settings=\"{&quot;_animation&quot;:&quot;fadeIn&quot;,&quot;_animation_delay&quot;:1500}\" data-widget_type=\"button.default\">\n\t\t\t\t<div class=\"elementor-widget-container\">\n\t\t\t\t\t\t\t\t\t<div class=\"elementor-button-wrapper\">\n\t\t\t\t\t<a class=\"elementor-button elementor-button-link elementor-size-md\" href=\"https:\/\/instant-en-soie.ch\/index.php\/contact\/\">\n\t\t\t\t\t\t<span class=\"elementor-button-content-wrapper\">\n\t\t\t\t\t\t<span class=\"elementor-button-icon\">\n\t\t\t\t<i aria-hidden=\"true\" class=\"far fa-calendar-alt\"><\/i>\t\t\t<\/span>\n\t\t\t\t\t\t\t\t\t<span class=\"elementor-button-text\">R\u00e9servez votre s\u00e9ance maintenant <\/span>\n\t\t\t\t\t<\/span>\n\t\t\t\t\t<\/a>\n\t\t\t\t<\/div>\n\t\t\t\t\t\t\t\t<\/div>\n\t\t\t\t<\/div>\n\t\t\t\t<div class=\"elementor-element elementor-element-0884432 elementor-invisible elementor-widget elementor-widget-text-editor\" data-id=\"0884432\" data-element_type=\"widget\" data-e-type=\"widget\" data-settings=\"{&quot;_animation&quot;:&quot;fadeInUp&quot;}\" data-widget_type=\"text-editor.default\">\n\t\t\t\t<div class=\"elementor-widget-container\">\n\t\t\t\t\t\t\t\t\t<h1>Angoisse, stress, anxi\u00e9t\u00e9<\/h1>\n<p><span style=\"font-weight: 400;\">Quelle solution pour le \u00ab&nbsp;trop de stress&nbsp;\u00bb, l\u2019anxi\u00e9t\u00e9, les angoisses&nbsp;?<\/span><\/p>\n<p><span style=\"font-weight: 400;\">Les \u00e9tats de sur-stress, d\u2019anxi\u00e9t\u00e9 et\/ou angoisse proviennent de notre construction profonde ou l\u2019on<br>exige toujours plus de soi mais aussi, de la soci\u00e9t\u00e9 qui demande toujours plus sans consid\u00e9rer le bien<br>\u00eatre des individus.<\/span><\/p>\n<p><span style=\"font-weight: 400;\">Cela touche les adultes mais aussi les enfants d\u00e8s leur plus jeune \u00e2ge.<br>Imaginez votre confort de vie si vous \u00e9tiez capable de r\u00e9duire votre anxi\u00e9t\u00e9 au moins de moiti\u00e9,<br>pouvoir le sentir venir et r\u00e9agir assez vite pour ne pas se laisser envahir.<\/span><\/p>\n<p><strong>L\u2019hypnose peut d\u2019abord venir travailler sur vos croyances et ce que vous avez int\u00e9gr\u00e9<br>inconsciemment sur la vie et ses dangers, g\u00e9n\u00e9rant des peurs, des blocages, des mal-\u00eatre etc\u2026<\/strong><\/p>\n<p><strong>Puis, dans un 2eme temps, travailler sur les outils \u00e0 int\u00e9grer pour mieux les g\u00e9rer.. <\/strong><\/p>\n<p><strong>Pourquoi ne pas vous offrir la possibilit\u00e9 d\u2019avoir du r\u00e9pit ?<\/strong><\/p>\t\t\t\t\t\t\t\t<\/div>\n\t\t\t\t<\/div>\n\t\t\t\t\t<\/div>\n\t\t<\/div>\n\t\t\t\t<div class=\"elementor-column elementor-col-50 elementor-inner-column elementor-element elementor-element-d1b047e\" data-id=\"d1b047e\" data-element_type=\"column\" data-e-type=\"column\">\n\t\t\t<div class=\"elementor-widget-wrap elementor-element-populated\">\n\t\t\t\t\t\t<div class=\"elementor-element elementor-element-3368d01 elementor-button-info elementor-align-center elementor-invisible elementor-widget elementor-widget-button\" data-id=\"3368d01\" data-element_type=\"widget\" data-e-type=\"widget\" data-settings=\"{&quot;_animation&quot;:&quot;fadeIn&quot;}\" data-widget_type=\"button.default\">\n\t\t\t\t<div class=\"elementor-widget-container\">\n\t\t\t\t\t\t\t\t\t<div class=\"elementor-button-wrapper\">\n\t\t\t\t\t<a class=\"elementor-button elementor-button-link elementor-size-md\" href=\"https:\/\/instant-en-soie.ch\/index.php\/presentation\/\">\n\t\t\t\t\t\t<span class=\"elementor-button-content-wrapper\">\n\t\t\t\t\t\t<span class=\"elementor-button-icon\">\n\t\t\t\t<i aria-hidden=\"true\" class=\"fas fa-arrow-circle-right\"><\/i>\t\t\t<\/span>\n\t\t\t\t\t\t\t\t\t<span class=\"elementor-button-text\">Qui suis-je ?<\/span>\n\t\t\t\t\t<\/span>\n\t\t\t\t\t<\/a>\n\t\t\t\t<\/div>\n\t\t\t\t\t\t\t\t<\/div>\n\t\t\t\t<\/div>\n\t\t\t\t<div class=\"elementor-element elementor-element-c01b963 elementor-invisible elementor-widget elementor-widget-text-editor\" data-id=\"c01b963\" data-element_type=\"widget\" data-e-type=\"widget\" data-settings=\"{&quot;_animation&quot;:&quot;fadeInUp&quot;}\" data-widget_type=\"text-editor.default\">\n\t\t\t\t<div class=\"elementor-widget-container\">\n\t\t\t\t\t\t\t\t\t<h1>Rendez-vous et contact<\/h1><div><p><span style=\"font-weight: 400;\"> R\u00e9servez votre s\u00e9ance d&rsquo;hypnose, posez vos questions. Je vous r\u00e9pondrai rapidement !<\/span><\/p><p><span style=\"font-weight: 400;\">Appel direct au <strong><a href=\"tel:+41797481405\">079 748 14 05<\/a><\/strong><\/span><\/p><p><span style=\"font-weight: 400;\">Envoyez-moi un message <strong><a href=\"https:\/\/wa.me\/41797481405\">Whatsapp<\/a><\/strong><\/span><\/p><p><span style=\"font-weight: 400;\">Ou un e-mail <strong><a href=\"mailto:contact@instant-en-soie.ch%20?subject=Prise%20de%20contact%20insomnie\">contact@instant-en-soie.ch<\/a><\/strong><\/span><\/p><p>\u00a0<\/p><\/div><h4 style=\"letter-spacing: -0.1px;\"><strong>Cabinet Instant en Soie\u00a0<\/strong><\/h4><h4 style=\"letter-spacing: -0.1px;\"><strong>Route d&rsquo;Est\u00e9venens 94<\/strong><\/h4><h4 style=\"letter-spacing: -0.1px;\"><strong>1687 Est\u00e9venens<\/strong><\/h4>\t\t\t\t\t\t\t\t<\/div>\n\t\t\t\t<\/div>\n\t\t\t\t<div class=\"elementor-element elementor-element-3f69a8d elementor-invisible elementor-widget elementor-widget-google_maps\" data-id=\"3f69a8d\" data-element_type=\"widget\" data-e-type=\"widget\" data-settings=\"{&quot;_animation&quot;:&quot;fadeInRight&quot;}\" data-widget_type=\"google_maps.default\">\n\t\t\t\t<div class=\"elementor-widget-container\">\n\t\t\t\t\t\t\t<div class=\"elementor-custom-embed\">\n\t\t\t<iframe loading=\"lazy\"\n\t\t\t\t\tsrc=\"https:\/\/maps.google.com\/maps?q=Instant%20en%20Soie&#038;t=m&#038;z=10&#038;output=embed&#038;iwloc=near\"\n\t\t\t\t\ttitle=\"Instant en Soie\"\n\t\t\t\t\taria-label=\"Instant en Soie\"\n\t\t\t><\/iframe>\n\t\t<\/div>\n\t\t\t\t\t\t<\/div>\n\t\t\t\t<\/div>\n\t\t\t\t\t<\/div>\n\t\t<\/div>\n\t\t\t\t\t<\/div>\n\t\t<\/section>\n\t\t\t\t\t<\/div>\n\t\t<\/div>\n\t\t\t\t\t<\/div>\n\t\t<\/section>\n\t\t\t\t<section class=\"elementor-section elementor-top-section elementor-element elementor-element-f302d67 elementor-section-boxed elementor-section-height-default elementor-section-height-default\" data-id=\"f302d67\" data-element_type=\"section\" data-e-type=\"section\">\n\t\t\t\t\t\t<div class=\"elementor-container elementor-column-gap-default\">\n\t\t\t\t\t<div class=\"elementor-column elementor-col-100 elementor-top-column elementor-element elementor-element-2b16c76\" data-id=\"2b16c76\" data-element_type=\"column\" data-e-type=\"column\">\n\t\t\t<div class=\"elementor-widget-wrap elementor-element-populated\">\n\t\t\t\t\t\t<div class=\"elementor-element elementor-element-75acf95 elementor-widget elementor-widget-spacer\" data-id=\"75acf95\" data-element_type=\"widget\" data-e-type=\"widget\" data-widget_type=\"spacer.default\">\n\t\t\t\t<div class=\"elementor-widget-container\">\n\t\t\t\t\t\t\t<div class=\"elementor-spacer\">\n\t\t\t<div class=\"elementor-spacer-inner\"><\/div>\n\t\t<\/div>\n\t\t\t\t\t\t<\/div>\n\t\t\t\t<\/div>\n\t\t\t\t\t<\/div>\n\t\t<\/div>\n\t\t\t\t\t<\/div>\n\t\t<\/section>\n\t\t\t\t<\/div>\n\t\t","protected":false},"excerpt":{"rendered":"<p>R\u00e9servez votre s\u00e9ance maintenant Angoisse, stress, anxi\u00e9t\u00e9 Quelle solution pour le \u00ab&nbsp;trop de stress&nbsp;\u00bb, l\u2019anxi\u00e9t\u00e9, les angoisses&nbsp;? Les \u00e9tats de sur-stress, d\u2019anxi\u00e9t\u00e9 et\/ou angoisse proviennent de notre construction profonde ou l\u2019onexige toujours plus de soi mais aussi, de la soci\u00e9t\u00e9 qui demande toujours plus sans consid\u00e9rer le bien\u00eatre des individus. Cela touche les adultes mais [&hellip;]<\/p>\n","protected":false},"author":1,"featured_media":1567,"parent":0,"menu_order":0,"comment_status":"closed","ping_status":"closed","template":"elementor_header_footer","meta":{"_exactmetrics_skip_tracking":false,"_exactmetrics_sitenote_active":false,"_exactmetrics_sitenote_note":"","_exactmetrics_sitenote_category":0,"footnotes":""},"class_list":["post-1770","page","type-page","status-publish","has-post-thumbnail","hentry"],"yoast_head":"<!-- This site is optimized with the Yoast SEO plugin v27.5 - https:\/\/yoast.com\/product\/yoast-seo-wordpress\/ -->\n<title>Angoisse - Instant en soie<\/title>\n<meta name=\"description\" content=\"R\u00e9servez votre s\u00e9ance d&#039;hypnose pour vous aider \u00e0 lutter contre vos insomnies\" \/>\n<meta name=\"robots\" content=\"index, follow, max-snippet:-1, max-image-preview:large, max-video-preview:-1\" \/>\n<link rel=\"canonical\" href=\"https:\/\/instant-en-soie.ch\/index.php\/angoisse\/\" \/>\n<meta property=\"og:locale\" content=\"fr_FR\" \/>\n<meta property=\"og:type\" content=\"article\" \/>\n<meta property=\"og:title\" content=\"Angoisse - Instant en soie\" \/>\n<meta property=\"og:description\" content=\"R\u00e9servez votre s\u00e9ance d&#039;hypnose pour vous aider \u00e0 lutter contre vos insomnies\" \/>\n<meta property=\"og:url\" content=\"https:\/\/instant-en-soie.ch\/index.php\/angoisse\/\" \/>\n<meta property=\"og:site_name\" content=\"Instant en soie\" \/>\n<meta property=\"article:publisher\" content=\"https:\/\/www.facebook.com\/instantensoie\/\" \/>\n<meta property=\"article:modified_time\" content=\"2024-01-08T11:12:35+00:00\" \/>\n<meta property=\"og:image\" content=\"https:\/\/instant-en-soie.ch\/wp-content\/uploads\/2022\/03\/maxres-hypnose.jpg\" \/>\n\t<meta property=\"og:image:width\" content=\"1595\" \/>\n\t<meta property=\"og:image:height\" content=\"919\" \/>\n\t<meta property=\"og:image:type\" content=\"image\/jpeg\" \/>\n<meta name=\"twitter:card\" content=\"summary_large_image\" \/>\n<meta name=\"twitter:label1\" content=\"Dur\u00e9e de lecture estim\u00e9e\" \/>\n\t<meta name=\"twitter:data1\" content=\"1 minute\" \/>\n<script type=\"application\/ld+json\" class=\"yoast-schema-graph\">{\"@context\":\"https:\\\/\\\/schema.org\",\"@graph\":[{\"@type\":\"WebPage\",\"@id\":\"https:\\\/\\\/instant-en-soie.ch\\\/index.php\\\/angoisse\\\/\",\"url\":\"https:\\\/\\\/instant-en-soie.ch\\\/index.php\\\/angoisse\\\/\",\"name\":\"Angoisse - Instant en soie\",\"isPartOf\":{\"@id\":\"https:\\\/\\\/instant-en-soie.ch\\\/#website\"},\"primaryImageOfPage\":{\"@id\":\"https:\\\/\\\/instant-en-soie.ch\\\/index.php\\\/angoisse\\\/#primaryimage\"},\"image\":{\"@id\":\"https:\\\/\\\/instant-en-soie.ch\\\/index.php\\\/angoisse\\\/#primaryimage\"},\"thumbnailUrl\":\"https:\\\/\\\/instant-en-soie.ch\\\/wp-content\\\/uploads\\\/2022\\\/03\\\/maxres-hypnose.jpg\",\"datePublished\":\"2024-01-08T10:32:25+00:00\",\"dateModified\":\"2024-01-08T11:12:35+00:00\",\"description\":\"R\u00e9servez votre s\u00e9ance d'hypnose pour vous aider \u00e0 lutter contre vos insomnies\",\"breadcrumb\":{\"@id\":\"https:\\\/\\\/instant-en-soie.ch\\\/index.php\\\/angoisse\\\/#breadcrumb\"},\"inLanguage\":\"fr-FR\",\"potentialAction\":[{\"@type\":\"ReadAction\",\"target\":[\"https:\\\/\\\/instant-en-soie.ch\\\/index.php\\\/angoisse\\\/\"]}]},{\"@type\":\"ImageObject\",\"inLanguage\":\"fr-FR\",\"@id\":\"https:\\\/\\\/instant-en-soie.ch\\\/index.php\\\/angoisse\\\/#primaryimage\",\"url\":\"https:\\\/\\\/instant-en-soie.ch\\\/wp-content\\\/uploads\\\/2022\\\/03\\\/maxres-hypnose.jpg\",\"contentUrl\":\"https:\\\/\\\/instant-en-soie.ch\\\/wp-content\\\/uploads\\\/2022\\\/03\\\/maxres-hypnose.jpg\",\"width\":1595,\"height\":919,\"caption\":\"Insomnie hypnose\"},{\"@type\":\"BreadcrumbList\",\"@id\":\"https:\\\/\\\/instant-en-soie.ch\\\/index.php\\\/angoisse\\\/#breadcrumb\",\"itemListElement\":[{\"@type\":\"ListItem\",\"position\":1,\"name\":\"Accueil\",\"item\":\"https:\\\/\\\/instant-en-soie.ch\\\/\"},{\"@type\":\"ListItem\",\"position\":2,\"name\":\"Angoisse\"}]},{\"@type\":\"WebSite\",\"@id\":\"https:\\\/\\\/instant-en-soie.ch\\\/#website\",\"url\":\"https:\\\/\\\/instant-en-soie.ch\\\/\",\"name\":\"Instant en soie\",\"description\":\"Lib\u00e9rez vos ressources int\u00e9rieures\",\"publisher\":{\"@id\":\"https:\\\/\\\/instant-en-soie.ch\\\/#\\\/schema\\\/person\\\/c35de4dba4b7acebcffdb28457742c9b\"},\"potentialAction\":[{\"@type\":\"SearchAction\",\"target\":{\"@type\":\"EntryPoint\",\"urlTemplate\":\"https:\\\/\\\/instant-en-soie.ch\\\/?s={search_term_string}\"},\"query-input\":{\"@type\":\"PropertyValueSpecification\",\"valueRequired\":true,\"valueName\":\"search_term_string\"}}],\"inLanguage\":\"fr-FR\"},{\"@type\":[\"Person\",\"Organization\"],\"@id\":\"https:\\\/\\\/instant-en-soie.ch\\\/#\\\/schema\\\/person\\\/c35de4dba4b7acebcffdb28457742c9b\",\"name\":\"St\u00e9phanie\",\"image\":{\"@type\":\"ImageObject\",\"inLanguage\":\"fr-FR\",\"@id\":\"https:\\\/\\\/instant-en-soie.ch\\\/wp-content\\\/uploads\\\/2018\\\/10\\\/cropped-icon-G_S.2-1.png\",\"url\":\"https:\\\/\\\/instant-en-soie.ch\\\/wp-content\\\/uploads\\\/2018\\\/10\\\/cropped-icon-G_S.2-1.png\",\"contentUrl\":\"https:\\\/\\\/instant-en-soie.ch\\\/wp-content\\\/uploads\\\/2018\\\/10\\\/cropped-icon-G_S.2-1.png\",\"width\":512,\"height\":512,\"caption\":\"St\u00e9phanie\"},\"logo\":{\"@id\":\"https:\\\/\\\/instant-en-soie.ch\\\/wp-content\\\/uploads\\\/2018\\\/10\\\/cropped-icon-G_S.2-1.png\"},\"sameAs\":[\"https:\\\/\\\/www.instant-en-soie.ch\",\"https:\\\/\\\/www.facebook.com\\\/instantensoie\\\/\"]}]}<\/script>\n<!-- \/ Yoast SEO plugin. -->","yoast_head_json":{"title":"Angoisse - Instant en soie","description":"R\u00e9servez votre s\u00e9ance d'hypnose pour vous aider \u00e0 lutter contre vos insomnies","robots":{"index":"index","follow":"follow","max-snippet":"max-snippet:-1","max-image-preview":"max-image-preview:large","max-video-preview":"max-video-preview:-1"},"canonical":"https:\/\/instant-en-soie.ch\/index.php\/angoisse\/","og_locale":"fr_FR","og_type":"article","og_title":"Angoisse - Instant en soie","og_description":"R\u00e9servez votre s\u00e9ance d'hypnose pour vous aider \u00e0 lutter contre vos insomnies","og_url":"https:\/\/instant-en-soie.ch\/index.php\/angoisse\/","og_site_name":"Instant en soie","article_publisher":"https:\/\/www.facebook.com\/instantensoie\/","article_modified_time":"2024-01-08T11:12:35+00:00","og_image":[{"width":1595,"height":919,"url":"https:\/\/instant-en-soie.ch\/wp-content\/uploads\/2022\/03\/maxres-hypnose.jpg","type":"image\/jpeg"}],"twitter_card":"summary_large_image","twitter_misc":{"Dur\u00e9e de lecture estim\u00e9e":"1 minute"},"schema":{"@context":"https:\/\/schema.org","@graph":[{"@type":"WebPage","@id":"https:\/\/instant-en-soie.ch\/index.php\/angoisse\/","url":"https:\/\/instant-en-soie.ch\/index.php\/angoisse\/","name":"Angoisse - Instant en soie","isPartOf":{"@id":"https:\/\/instant-en-soie.ch\/#website"},"primaryImageOfPage":{"@id":"https:\/\/instant-en-soie.ch\/index.php\/angoisse\/#primaryimage"},"image":{"@id":"https:\/\/instant-en-soie.ch\/index.php\/angoisse\/#primaryimage"},"thumbnailUrl":"https:\/\/instant-en-soie.ch\/wp-content\/uploads\/2022\/03\/maxres-hypnose.jpg","datePublished":"2024-01-08T10:32:25+00:00","dateModified":"2024-01-08T11:12:35+00:00","description":"R\u00e9servez votre s\u00e9ance d'hypnose pour vous aider \u00e0 lutter contre vos insomnies","breadcrumb":{"@id":"https:\/\/instant-en-soie.ch\/index.php\/angoisse\/#breadcrumb"},"inLanguage":"fr-FR","potentialAction":[{"@type":"ReadAction","target":["https:\/\/instant-en-soie.ch\/index.php\/angoisse\/"]}]},{"@type":"ImageObject","inLanguage":"fr-FR","@id":"https:\/\/instant-en-soie.ch\/index.php\/angoisse\/#primaryimage","url":"https:\/\/instant-en-soie.ch\/wp-content\/uploads\/2022\/03\/maxres-hypnose.jpg","contentUrl":"https:\/\/instant-en-soie.ch\/wp-content\/uploads\/2022\/03\/maxres-hypnose.jpg","width":1595,"height":919,"caption":"Insomnie hypnose"},{"@type":"BreadcrumbList","@id":"https:\/\/instant-en-soie.ch\/index.php\/angoisse\/#breadcrumb","itemListElement":[{"@type":"ListItem","position":1,"name":"Accueil","item":"https:\/\/instant-en-soie.ch\/"},{"@type":"ListItem","position":2,"name":"Angoisse"}]},{"@type":"WebSite","@id":"https:\/\/instant-en-soie.ch\/#website","url":"https:\/\/instant-en-soie.ch\/","name":"Instant en soie","description":"Lib\u00e9rez vos ressources int\u00e9rieures","publisher":{"@id":"https:\/\/instant-en-soie.ch\/#\/schema\/person\/c35de4dba4b7acebcffdb28457742c9b"},"potentialAction":[{"@type":"SearchAction","target":{"@type":"EntryPoint","urlTemplate":"https:\/\/instant-en-soie.ch\/?s={search_term_string}"},"query-input":{"@type":"PropertyValueSpecification","valueRequired":true,"valueName":"search_term_string"}}],"inLanguage":"fr-FR"},{"@type":["Person","Organization"],"@id":"https:\/\/instant-en-soie.ch\/#\/schema\/person\/c35de4dba4b7acebcffdb28457742c9b","name":"St\u00e9phanie","image":{"@type":"ImageObject","inLanguage":"fr-FR","@id":"https:\/\/instant-en-soie.ch\/wp-content\/uploads\/2018\/10\/cropped-icon-G_S.2-1.png","url":"https:\/\/instant-en-soie.ch\/wp-content\/uploads\/2018\/10\/cropped-icon-G_S.2-1.png","contentUrl":"https:\/\/instant-en-soie.ch\/wp-content\/uploads\/2018\/10\/cropped-icon-G_S.2-1.png","width":512,"height":512,"caption":"St\u00e9phanie"},"logo":{"@id":"https:\/\/instant-en-soie.ch\/wp-content\/uploads\/2018\/10\/cropped-icon-G_S.2-1.png"},"sameAs":["https:\/\/www.instant-en-soie.ch","https:\/\/www.facebook.com\/instantensoie\/"]}]}},"_links":{"self":[{"href":"https:\/\/instant-en-soie.ch\/index.php\/wp-json\/wp\/v2\/pages\/1770","targetHints":{"allow":["GET"]}}],"collection":[{"href":"https:\/\/instant-en-soie.ch\/index.php\/wp-json\/wp\/v2\/pages"}],"about":[{"href":"https:\/\/instant-en-soie.ch\/index.php\/wp-json\/wp\/v2\/types\/page"}],"author":[{"embeddable":true,"href":"https:\/\/instant-en-soie.ch\/index.php\/wp-json\/wp\/v2\/users\/1"}],"replies":[{"embeddable":true,"href":"https:\/\/instant-en-soie.ch\/index.php\/wp-json\/wp\/v2\/comments?post=1770"}],"version-history":[{"count":13,"href":"https:\/\/instant-en-soie.ch\/index.php\/wp-json\/wp\/v2\/pages\/1770\/revisions"}],"predecessor-version":[{"id":1785,"href":"https:\/\/instant-en-soie.ch\/index.php\/wp-json\/wp\/v2\/pages\/1770\/revisions\/1785"}],"wp:featuredmedia":[{"embeddable":true,"href":"https:\/\/instant-en-soie.ch\/index.php\/wp-json\/wp\/v2\/media\/1567"}],"wp:attachment":[{"href":"https:\/\/instant-en-soie.ch\/index.php\/wp-json\/wp\/v2\/media?parent=1770"}],"curies":[{"name":"wp","href":"https:\/\/api.w.org\/{rel}","templated":true}]}}