{"id":141,"date":"2018-10-27T14:23:46","date_gmt":"2018-10-27T12:23:46","guid":{"rendered":"http:\/\/tercier.ch\/?page_id=141"},"modified":"2025-09-29T14:55:25","modified_gmt":"2025-09-29T12:55:25","slug":"presentation","status":"publish","type":"page","link":"https:\/\/instant-en-soie.ch\/index.php\/presentation\/","title":{"rendered":"Pr\u00e9sentation"},"content":{"rendered":"\t\t<div data-elementor-type=\"wp-post\" data-elementor-id=\"141\" class=\"elementor elementor-141\">\n\t\t\t\t\t\t<section class=\"elementor-section elementor-top-section elementor-element elementor-element-3552a2e elementor-section-boxed elementor-section-height-default elementor-section-height-default\" data-id=\"3552a2e\" data-element_type=\"section\" data-e-type=\"section\">\n\t\t\t\t\t\t<div class=\"elementor-container elementor-column-gap-default\">\n\t\t\t\t\t<div class=\"elementor-column elementor-col-100 elementor-top-column elementor-element elementor-element-59b32b5\" data-id=\"59b32b5\" data-element_type=\"column\" data-e-type=\"column\">\n\t\t\t<div class=\"elementor-widget-wrap elementor-element-populated\">\n\t\t\t\t\t\t<section class=\"elementor-section elementor-inner-section elementor-element elementor-element-c9f6c14 elementor-section-boxed elementor-section-height-default elementor-section-height-default\" data-id=\"c9f6c14\" data-element_type=\"section\" data-e-type=\"section\">\n\t\t\t\t\t\t<div class=\"elementor-container elementor-column-gap-default\">\n\t\t\t\t\t<div class=\"elementor-column elementor-col-50 elementor-inner-column elementor-element elementor-element-32d713a\" data-id=\"32d713a\" data-element_type=\"column\" data-e-type=\"column\">\n\t\t\t<div class=\"elementor-widget-wrap elementor-element-populated\">\n\t\t\t\t\t\t<div class=\"elementor-element elementor-element-dcac9d0 elementor-button-info elementor-align-center elementor-invisible elementor-widget elementor-widget-button\" data-id=\"dcac9d0\" data-element_type=\"widget\" data-e-type=\"widget\" data-settings=\"{&quot;_animation&quot;:&quot;fadeIn&quot;}\" data-widget_type=\"button.default\">\n\t\t\t\t<div class=\"elementor-widget-container\">\n\t\t\t\t\t\t\t\t\t<div class=\"elementor-button-wrapper\">\n\t\t\t\t\t<a class=\"elementor-button elementor-button-link elementor-size-md\" href=\"https:\/\/instant-en-soie.ch\/index.php\/contact\/\">\n\t\t\t\t\t\t<span class=\"elementor-button-content-wrapper\">\n\t\t\t\t\t\t<span class=\"elementor-button-icon\">\n\t\t\t\t<i aria-hidden=\"true\" class=\"far fa-hand-point-right\"><\/i>\t\t\t<\/span>\n\t\t\t\t\t\t\t\t\t<span class=\"elementor-button-text\">Prendre rendez-vous<\/span>\n\t\t\t\t\t<\/span>\n\t\t\t\t\t<\/a>\n\t\t\t\t<\/div>\n\t\t\t\t\t\t\t\t<\/div>\n\t\t\t\t<\/div>\n\t\t\t\t<div class=\"elementor-element elementor-element-d4c1a7f elementor-invisible elementor-widget elementor-widget-text-editor\" data-id=\"d4c1a7f\" data-element_type=\"widget\" data-e-type=\"widget\" data-settings=\"{&quot;_animation&quot;:&quot;fadeInLeft&quot;}\" data-widget_type=\"text-editor.default\">\n\t\t\t\t<div class=\"elementor-widget-container\">\n\t\t\t\t\t\t\t\t\t<p><strong>St\u00e9phanie Houlette<\/strong><\/p><p>Hypnoth\u00e9rapeute<\/p><p>Infirmi\u00e8re HES<\/p>\t\t\t\t\t\t\t\t<\/div>\n\t\t\t\t<\/div>\n\t\t\t\t<div class=\"elementor-element elementor-element-93d402d elementor-invisible elementor-widget elementor-widget-image\" data-id=\"93d402d\" data-element_type=\"widget\" data-e-type=\"widget\" data-settings=\"{&quot;_animation&quot;:&quot;fadeInLeft&quot;}\" data-widget_type=\"image.default\">\n\t\t\t\t<div class=\"elementor-widget-container\">\n\t\t\t\t\t\t\t\t\t\t\t\t\t\t\t\t<a href=\"mailto:contact@instant-en-soie.ch\">\n\t\t\t\t\t\t\t<img decoding=\"async\" src=\"https:\/\/instant-en-soie.ch\/wp-content\/uploads\/elementor\/thumbs\/DSC_0027-nyaba9mm409pk4ybjnimarklgpljpyz1alv87mjzqw.jpg\" title=\"DSC_0027\" alt=\"DSC_0027\" loading=\"lazy\" \/>\t\t\t\t\t\t\t\t<\/a>\n\t\t\t\t\t\t\t\t\t\t\t\t\t\t\t<\/div>\n\t\t\t\t<\/div>\n\t\t\t\t<div class=\"elementor-element elementor-element-ef47644 e-grid-align-tablet-left e-grid-align-mobile-center elementor-shape-rounded elementor-grid-0 e-grid-align-center elementor-widget elementor-widget-social-icons\" data-id=\"ef47644\" data-element_type=\"widget\" data-e-type=\"widget\" data-widget_type=\"social-icons.default\">\n\t\t\t\t<div class=\"elementor-widget-container\">\n\t\t\t\t\t\t\t<div class=\"elementor-social-icons-wrapper elementor-grid\" role=\"list\">\n\t\t\t\t\t\t\t<span class=\"elementor-grid-item\" role=\"listitem\">\n\t\t\t\t\t<a class=\"elementor-icon elementor-social-icon elementor-social-icon-whatsapp elementor-repeater-item-3594f7b\" href=\"https:\/\/wa.me\/41797481405\" target=\"_blank\">\n\t\t\t\t\t\t<span class=\"elementor-screen-only\">Whatsapp<\/span>\n\t\t\t\t\t\t<i aria-hidden=\"true\" class=\"fab fa-whatsapp\"><\/i>\t\t\t\t\t<\/a>\n\t\t\t\t<\/span>\n\t\t\t\t\t\t\t<span class=\"elementor-grid-item\" role=\"listitem\">\n\t\t\t\t\t<a class=\"elementor-icon elementor-social-icon elementor-social-icon-envelope elementor-repeater-item-8048709\" href=\"mailto:contact@instant-en-soie.ch%20?subject=Prise%20de%20contact\" target=\"_blank\">\n\t\t\t\t\t\t<span class=\"elementor-screen-only\">Envelope<\/span>\n\t\t\t\t\t\t<i aria-hidden=\"true\" class=\"fas fa-envelope\"><\/i>\t\t\t\t\t<\/a>\n\t\t\t\t<\/span>\n\t\t\t\t\t\t\t<span class=\"elementor-grid-item\" role=\"listitem\">\n\t\t\t\t\t<a class=\"elementor-icon elementor-social-icon elementor-social-icon-phone elementor-repeater-item-ff08bc5\" href=\"tel:+41797481405\" target=\"_blank\">\n\t\t\t\t\t\t<span class=\"elementor-screen-only\">Phone<\/span>\n\t\t\t\t\t\t<i aria-hidden=\"true\" class=\"fas fa-phone\"><\/i>\t\t\t\t\t<\/a>\n\t\t\t\t<\/span>\n\t\t\t\t\t<\/div>\n\t\t\t\t\t\t<\/div>\n\t\t\t\t<\/div>\n\t\t\t\t\t<\/div>\n\t\t<\/div>\n\t\t\t\t<div class=\"elementor-column elementor-col-50 elementor-inner-column elementor-element elementor-element-817bd72\" data-id=\"817bd72\" data-element_type=\"column\" data-e-type=\"column\" data-settings=\"{&quot;background_background&quot;:&quot;gradient&quot;}\">\n\t\t\t<div class=\"elementor-widget-wrap elementor-element-populated\">\n\t\t\t\t\t\t<div class=\"elementor-element elementor-element-f157281 elementor-invisible elementor-widget elementor-widget-text-editor\" data-id=\"f157281\" data-element_type=\"widget\" data-e-type=\"widget\" data-settings=\"{&quot;_animation&quot;:&quot;fadeInUp&quot;}\" data-widget_type=\"text-editor.default\">\n\t\t\t\t<div class=\"elementor-widget-container\">\n\t\t\t\t\t\t\t\t\t<h1>Qui suis-je<\/h1>\n<p><strong><a href=\"https:\/\/instant-en-soie.ch\/index.php\/a-propos\/\">Adresse<\/a>&nbsp; &nbsp; &nbsp; &nbsp;<\/strong><strong style=\"color: inherit; font-family: inherit; letter-spacing: 0px; background-color: transparent;\"><a href=\"https:\/\/instant-en-soie.ch\/index.php\/tarifs\/\">Tarifs<\/a>&nbsp; &nbsp; &nbsp; <strong> &nbsp; &nbsp;<\/strong><a href=\"https:\/\/instant-en-soie.ch\/index.php\/lhypnose-pour-quoi\/\">Hypnose<\/a>&nbsp; &nbsp; &nbsp; &nbsp; <b style=\"letter-spacing: 0px; background-color: transparent;\"><a href=\"https:\/\/instant-en-soie.ch\/index.php\/reflexologie\/\">R\u00e9flexologie<\/a><\/b>&nbsp;&nbsp; &nbsp;&nbsp; &nbsp;<\/strong><b style=\"letter-spacing: 0px; background-color: transparent;\"><a href=\"https:\/\/instant-en-soie.ch\/index.php\/contact\/\">Rendez-vous<\/a><\/b><\/p>\n<p><br><\/p>\n<div>\n<p><span style=\"font-weight: 400;\">Je vous re\u00e7ois \u00e0&nbsp;<\/span><a href=\"https:\/\/instant-en-soie.ch\/index.php\/a-propos\/\" target=\"_blank\" rel=\"noopener\"><b>Est\u00e9venens<\/b><\/a><span style=\"font-weight: 400;\">, dans le canton de Fribourg.<\/span><\/p>\n<p><span style=\"font-weight: 400;\"><br><\/span><\/p>\n<p>J\u2019ai 48 ans, je suis mari\u00e9e et maman de 3 enfants qui sont le terreau de toutes mes remises en<\/p>\n<p>question et de mes recherches pour les accompagner \u00e0 grandir afin qu\u2019ils puissent voler un jour de<\/p>\n<p>leurs propres ailes dans ce monde qui \u00e9volue \u00e0 toute vitesse dans tout les sens.<\/p>\n<p><br><\/p>\n<p>Celui-ci peut vite nous faire perdre les p\u00e9dales.<\/p>\n<p><br><\/p>\n<p>Chaque membre de ma famille me fait grandir tout autant que je les aide eux \u00e0 grandir, chaque fois<\/p>\n<p>qu\u2019ils me repoussent dans mes retranchements, ils me font explorer des fronti\u00e8res plus grandes que<\/p>\n<p>mes croyances sur la vie auraient pu le faire.<\/p>\n<p><br><\/p>\n<p>Infirmi\u00e8re de formation depuis 26 ans, j\u2019ai surtout travaill\u00e9 dans un service d\u2019urgences que j\u2019ai quitt\u00e9<\/p>\n<p>en 2020 pour me d\u00e9dier totalement au suivi des mes patients.<\/p>\n<p><br><\/p>\n<p>Puis mes enfants grandissant j\u2019ai repris en 2025, 40% \u00e0 la ligue du diab\u00e8te, comme podologue.<\/p>\n<p><br><\/p>\n<p>C\u2019est au contact de mes patients, tout au long de ces ann\u00e9es que j\u2019ai eu envie d\u2019apporter une autre<\/p>\n<p>approche que celle purement m\u00e9dicale ou chimique avec les m\u00e9dicaments, aussi bien dans les<\/p>\n<p>probl\u00e8mes physiques que psychiques (lors de fractures, de crises d\u2019angoisse,\u2026).<\/p>\n<p>J\u2019ai donc suivi une formation d\u2019hypnoth\u00e9rapeute \u00e0 l\u2019institut d\u2019hypnose th\u00e9rapeutique Denis Jaccard<\/p>\n<p>en 2017.<\/p>\n<p><br><\/p>\n<p>L\u2019hypnose est devenue alors une \u00e9vidence, et m\u2019a donn\u00e9 envie d\u2019en faire profiter plus de personnes<\/p>\n<p>que celles rencontr\u00e9es dans ma profession, o\u00f9 il m\u2019\u00e9tait tr\u00e8s difficile de la mettre en place et je me<\/p>\n<p>suis sentie frustr\u00e9e de ne pouvoir apporter plus par une s\u00e9ance compl\u00e8te et un suivi.<\/p>\n<p><br><\/p>\n<p>C\u2019est pourquoi j\u2019ai d\u00e9cid\u00e9 en janvier 2019 d\u2019en faire b\u00e9n\u00e9ficier d\u2019autres personnes en ouvrant mon<\/p>\n<p>cabinet, \u00e0 domicile, facile d\u2019acc\u00e8s, avec place de parc \u00e0 la porte.<\/p>\n<p>Et depuis, c\u2019est avec de perp\u00e9tuelles recherches par mes lectures, par de nouvelles formations dans<\/p>\n<p>le domaine de l\u2019hypnose, par l\u2019\u00e9coute de podcast, par de belles s\u00e9ances faites pour vous que je<\/p>\n<p>m\u2019enrichis de jour en jour.<\/p>\n<p><br><\/p>\n<p>Ma formation d\u2019infirmi\u00e8re et ma pratique aux urgences ont \u00e9t\u00e9 des atouts consid\u00e9rables au<\/p>\n<p>quotidien, j\u2019y ai rencontr\u00e9 des situations qui m\u2019ont dot\u00e9 d\u2019une exp\u00e9rience solide tant dans mes<\/p>\n<p>connaissances th\u00e9oriques que sur la psychologie et l\u2019accompagnement, et par-dessus tout<\/p>\n<p>l\u2019empathie et le respect de chaque histoire, que j\u2019accueille avec bienveillance.<\/p>\n<p><br><\/p>\n<p>Avec l\u2019exp\u00e9rience, en plus des techniques hypnotiques, il y a de plus en plus d\u2019intuition dans mes<\/p>\n<p>prises en charge, et j\u2019ai toujours plus de plaisir \u00e0 entendre \u00ab comment avez-vous fait pour me dire<\/p>\n<p>ces mots qui r\u00e9sonnent en moi ? \u00bb<\/p>\n<p><br><\/p>\n<p>Les mots peuvent gu\u00e9rir les maux de l\u2019\u00e2me ; j\u2019ai toujours aim\u00e9 \u00e9crire du plus loin que je me<\/p>\n<p>souvienne ; les mots sont th\u00e9rapeutiques.<\/p>\n<p><br><\/p>\n<p>Ayant c\u00f4toy\u00e9 des personnes malades au quotidien, j\u2019ai r\u00e9alis\u00e9 \u00e0 quel point il est important d\u2019agir<\/p>\n<p>avant que la maladie s\u2019installe, surtout \u00e0 une \u00e9poque ou l\u2019\u00e9tat du monde g\u00e9n\u00e8re du stress et que le<\/p>\n<p>mal-\u00eatre (angoisse, anxi\u00e9t\u00e9, trouble du ou des comportements), est un mal qui touche une grande<\/p>\n<p>partie de la population, jusqu\u2019aux enfants.<\/p>\n<p><br><\/p>\n<p>M\u2019int\u00e9ressant \u00e0 la r\u00e9flexologie depuis des ann\u00e9es et afin de vous proposer une prise en charge qui<\/p>\n<p>r\u00e9unit le corps et l\u2019esprit (le mental\/cerveau), je me suis form\u00e9e en r\u00e9flexologie plantaire en 2019,<\/p>\n<p>tout aussi passionnante et efficace. J\u2019ai poursuivi avec la formation de r\u00e9flexologie g\u00e9n\u00e9rale qui<\/p>\n<p>comprend les mains, le visage.<\/p>\n<p><br><\/p>\n<p>Gr\u00e2ce \u00e0 la confiance que mes patients suivis en hypnose et en r\u00e9fl\u00e9xologie m\u2019ont accord\u00e9, ainsi que<\/p>\n<p>mes exp\u00e9riences de vie ( cancer de ma fille de 13 ans, enfant HPI, TDAH, \u2026) qui m\u2019ont beaucoup<\/p>\n<p>appris de la vie, j\u2019ai pu constater combien les 2 th\u00e9rapies sont compl\u00e9mentaires : l\u2019inconscient<\/p>\n<p>soutient les processus d\u2019autogu\u00e9rison amorc\u00e9s avec la r\u00e9flexologie<\/p>\n<p>.<\/p>\n<p>Je m\u2019int\u00e9resse aussi beaucoup \u00e0 la philosophie, qui m\u2019ouvre aussi \u00e0 voir le monde sous tout ses<\/p>\n<p>aspects, les diff\u00e9rents points de vue, les courants de pens\u00e9es qui sont autant de mani\u00e8re<\/p>\n<p>d\u2019appr\u00e9hender le monde avec ce qui est en notre pouvoir \u00e0 un moment donn\u00e9\u2026<\/p>\n<p><br><\/p>\n<p>Je vous propose d\u00e9sormais gr\u00e2ce \u00e0 mes outils th\u00e9rapeutiques que sont l\u2019hypnose et la<\/p>\n<p>r\u00e9flexologie\u2026et mon exp\u00e9rience, un accompagnement unique \u00e0 vous dans un moment de vie qui a<\/p>\n<p>besoin d\u2019\u00e9clairage, de coup de pouce.<\/p>\n<p><br><\/p>\n<p>Notre monde int\u00e9rieur est illimit\u00e9 dans un monde limit\u00e9\u2026.alors \u00e0 tout ceux qui cherchent \u00e0&nbsp;<\/p>\n<p>comprendre qui ils sont, \u00e0 explorer leur force, \u00e0 modifier des comportements, \u00e0 accompagner une<\/p>\n<p>maladie physique, des douleurs, etc\u2026 je me r\u00e9jouis de vous accueillir et de vous accompagner dans<\/p>\n<p>ce merveilleux voyage.<\/p>\n<p><span style=\"font-weight: 400;\"><br><\/span><\/p>\n<h5><a href=\"https:\/\/instant-en-soie.ch\/index.php\/a-propos\/\"><strong>Adresse<\/strong><\/a><\/h5>\n<h5><strong><a href=\"https:\/\/instant-en-soie.ch\/index.php\/tarifs\/\">Tarifs<\/a><\/strong><\/h5>\n<h5 style=\"font-family: Montserrat, sans-serif; color: #000000;\"><a href=\"https:\/\/instant-en-soie.ch\/index.php\/contact\/\"><b>Rendez-vous<\/b><\/a><\/h5>\n<div>\n<h5 style=\"font-family: Montserrat, sans-serif; color: #000000;\"><a href=\"https:\/\/instant-en-soie.ch\/index.php\/lhypnose-pour-quoi\/\"><b>Pourquoi l&rsquo;hypnose ?<\/b><\/a><\/h5>\n<h5 style=\"font-family: Montserrat, sans-serif; color: #000000;\"><a href=\"https:\/\/instant-en-soie.ch\/index.php\/reflexologie\/\"><b>R\u00e9flexologie plantaire<\/b><\/a><\/h5>\n<div>\n<h5 style=\"font-family: Montserrat, sans-serif; color: #000000;\"><span style=\"font-weight: bold;\"><a href=\"https:\/\/instant-en-soie.ch\/\">Accuei<\/a><\/span><\/h5>\n<\/div>\n<\/div>\n<\/div>\t\t\t\t\t\t\t\t<\/div>\n\t\t\t\t<\/div>\n\t\t\t\t\t<\/div>\n\t\t<\/div>\n\t\t\t\t\t<\/div>\n\t\t<\/section>\n\t\t\t\t\t<\/div>\n\t\t<\/div>\n\t\t\t\t\t<\/div>\n\t\t<\/section>\n\t\t\t\t<section class=\"elementor-section elementor-top-section elementor-element elementor-element-f0eba18 elementor-section-boxed elementor-section-height-default elementor-section-height-default\" data-id=\"f0eba18\" data-element_type=\"section\" data-e-type=\"section\">\n\t\t\t\t\t\t<div class=\"elementor-container elementor-column-gap-default\">\n\t\t\t\t\t<div class=\"elementor-column elementor-col-100 elementor-top-column elementor-element elementor-element-0c78970\" data-id=\"0c78970\" data-element_type=\"column\" data-e-type=\"column\">\n\t\t\t<div class=\"elementor-widget-wrap elementor-element-populated\">\n\t\t\t\t\t\t<div class=\"elementor-element elementor-element-6527e13 elementor-widget elementor-widget-spacer\" data-id=\"6527e13\" data-element_type=\"widget\" data-e-type=\"widget\" data-widget_type=\"spacer.default\">\n\t\t\t\t<div class=\"elementor-widget-container\">\n\t\t\t\t\t\t\t<div class=\"elementor-spacer\">\n\t\t\t<div class=\"elementor-spacer-inner\"><\/div>\n\t\t<\/div>\n\t\t\t\t\t\t<\/div>\n\t\t\t\t<\/div>\n\t\t\t\t\t<\/div>\n\t\t<\/div>\n\t\t\t\t\t<\/div>\n\t\t<\/section>\n\t\t\t\t<\/div>\n\t\t","protected":false},"excerpt":{"rendered":"<p>Prendre rendez-vous St\u00e9phanie Houlette Hypnoth\u00e9rapeute Infirmi\u00e8re HES Whatsapp Envelope Phone Qui suis-je Adresse&nbsp; &nbsp; &nbsp; &nbsp;Tarifs&nbsp; &nbsp; &nbsp; &nbsp; &nbsp;Hypnose&nbsp; &nbsp; &nbsp; &nbsp; R\u00e9flexologie&nbsp;&nbsp; &nbsp;&nbsp; &nbsp;Rendez-vous Je vous re\u00e7ois \u00e0&nbsp;Est\u00e9venens, dans le canton de Fribourg. J\u2019ai 48 ans, je suis mari\u00e9e et maman de 3 enfants qui sont le terreau de toutes mes remises en [&hellip;]<\/p>\n","protected":false},"author":1,"featured_media":0,"parent":0,"menu_order":0,"comment_status":"closed","ping_status":"closed","template":"elementor_header_footer","meta":{"_exactmetrics_skip_tracking":false,"_exactmetrics_sitenote_active":false,"_exactmetrics_sitenote_note":"","_exactmetrics_sitenote_category":0,"footnotes":""},"class_list":["post-141","page","type-page","status-publish","hentry"],"yoast_head":"<!-- This site is optimized with the Yoast SEO plugin v27.5 - https:\/\/yoast.com\/product\/yoast-seo-wordpress\/ -->\n<title>Pr\u00e9sentation - Instant en soie<\/title>\n<meta name=\"description\" content=\"St\u00e9phanie Houlette - Infirrmi\u00e8re - Cabinet d&#039;hypnose et r\u00e9flexologie\" \/>\n<meta name=\"robots\" content=\"index, follow, max-snippet:-1, max-image-preview:large, max-video-preview:-1\" \/>\n<link rel=\"canonical\" href=\"https:\/\/instant-en-soie.ch\/index.php\/presentation\/\" \/>\n<meta property=\"og:locale\" content=\"fr_FR\" \/>\n<meta property=\"og:type\" content=\"article\" \/>\n<meta property=\"og:title\" content=\"Pr\u00e9sentation - Instant en soie\" \/>\n<meta property=\"og:description\" content=\"St\u00e9phanie Houlette - Infirrmi\u00e8re - Cabinet d&#039;hypnose et r\u00e9flexologie\" \/>\n<meta property=\"og:url\" content=\"https:\/\/instant-en-soie.ch\/index.php\/presentation\/\" \/>\n<meta property=\"og:site_name\" content=\"Instant en soie\" \/>\n<meta property=\"article:publisher\" content=\"https:\/\/www.facebook.com\/instantensoie\/\" \/>\n<meta property=\"article:modified_time\" content=\"2025-09-29T12:55:25+00:00\" \/>\n<meta property=\"og:image\" content=\"https:\/\/instant-en-soie.ch\/wp-content\/uploads\/elementor\/thumbs\/DSC_0027-nyaba9mm409pk4ybjnimarklgpljpyz1alv87mjzqw.jpg\" \/>\n<meta name=\"twitter:card\" content=\"summary_large_image\" \/>\n<meta name=\"twitter:label1\" content=\"Dur\u00e9e de lecture estim\u00e9e\" \/>\n\t<meta name=\"twitter:data1\" content=\"5 minutes\" \/>\n<script type=\"application\/ld+json\" class=\"yoast-schema-graph\">{\"@context\":\"https:\\\/\\\/schema.org\",\"@graph\":[{\"@type\":\"WebPage\",\"@id\":\"https:\\\/\\\/instant-en-soie.ch\\\/index.php\\\/presentation\\\/\",\"url\":\"https:\\\/\\\/instant-en-soie.ch\\\/index.php\\\/presentation\\\/\",\"name\":\"Pr\u00e9sentation - Instant en soie\",\"isPartOf\":{\"@id\":\"https:\\\/\\\/instant-en-soie.ch\\\/#website\"},\"primaryImageOfPage\":{\"@id\":\"https:\\\/\\\/instant-en-soie.ch\\\/index.php\\\/presentation\\\/#primaryimage\"},\"image\":{\"@id\":\"https:\\\/\\\/instant-en-soie.ch\\\/index.php\\\/presentation\\\/#primaryimage\"},\"thumbnailUrl\":\"https:\\\/\\\/instant-en-soie.ch\\\/wp-content\\\/uploads\\\/elementor\\\/thumbs\\\/DSC_0027-nyaba9mm409pk4ybjnimarklgpljpyz1alv87mjzqw.jpg\",\"datePublished\":\"2018-10-27T12:23:46+00:00\",\"dateModified\":\"2025-09-29T12:55:25+00:00\",\"description\":\"St\u00e9phanie Houlette - Infirrmi\u00e8re - Cabinet d'hypnose et r\u00e9flexologie\",\"breadcrumb\":{\"@id\":\"https:\\\/\\\/instant-en-soie.ch\\\/index.php\\\/presentation\\\/#breadcrumb\"},\"inLanguage\":\"fr-FR\",\"potentialAction\":[{\"@type\":\"ReadAction\",\"target\":[\"https:\\\/\\\/instant-en-soie.ch\\\/index.php\\\/presentation\\\/\"]}]},{\"@type\":\"ImageObject\",\"inLanguage\":\"fr-FR\",\"@id\":\"https:\\\/\\\/instant-en-soie.ch\\\/index.php\\\/presentation\\\/#primaryimage\",\"url\":\"https:\\\/\\\/instant-en-soie.ch\\\/wp-content\\\/uploads\\\/elementor\\\/thumbs\\\/DSC_0027-nyaba9mm409pk4ybjnimarklgpljpyz1alv87mjzqw.jpg\",\"contentUrl\":\"https:\\\/\\\/instant-en-soie.ch\\\/wp-content\\\/uploads\\\/elementor\\\/thumbs\\\/DSC_0027-nyaba9mm409pk4ybjnimarklgpljpyz1alv87mjzqw.jpg\"},{\"@type\":\"BreadcrumbList\",\"@id\":\"https:\\\/\\\/instant-en-soie.ch\\\/index.php\\\/presentation\\\/#breadcrumb\",\"itemListElement\":[{\"@type\":\"ListItem\",\"position\":1,\"name\":\"Accueil\",\"item\":\"https:\\\/\\\/instant-en-soie.ch\\\/\"},{\"@type\":\"ListItem\",\"position\":2,\"name\":\"Pr\u00e9sentation\"}]},{\"@type\":\"WebSite\",\"@id\":\"https:\\\/\\\/instant-en-soie.ch\\\/#website\",\"url\":\"https:\\\/\\\/instant-en-soie.ch\\\/\",\"name\":\"Instant en soie\",\"description\":\"Lib\u00e9rez vos ressources int\u00e9rieures\",\"publisher\":{\"@id\":\"https:\\\/\\\/instant-en-soie.ch\\\/#\\\/schema\\\/person\\\/c35de4dba4b7acebcffdb28457742c9b\"},\"potentialAction\":[{\"@type\":\"SearchAction\",\"target\":{\"@type\":\"EntryPoint\",\"urlTemplate\":\"https:\\\/\\\/instant-en-soie.ch\\\/?s={search_term_string}\"},\"query-input\":{\"@type\":\"PropertyValueSpecification\",\"valueRequired\":true,\"valueName\":\"search_term_string\"}}],\"inLanguage\":\"fr-FR\"},{\"@type\":[\"Person\",\"Organization\"],\"@id\":\"https:\\\/\\\/instant-en-soie.ch\\\/#\\\/schema\\\/person\\\/c35de4dba4b7acebcffdb28457742c9b\",\"name\":\"St\u00e9phanie\",\"image\":{\"@type\":\"ImageObject\",\"inLanguage\":\"fr-FR\",\"@id\":\"https:\\\/\\\/instant-en-soie.ch\\\/wp-content\\\/uploads\\\/2018\\\/10\\\/cropped-icon-G_S.2-1.png\",\"url\":\"https:\\\/\\\/instant-en-soie.ch\\\/wp-content\\\/uploads\\\/2018\\\/10\\\/cropped-icon-G_S.2-1.png\",\"contentUrl\":\"https:\\\/\\\/instant-en-soie.ch\\\/wp-content\\\/uploads\\\/2018\\\/10\\\/cropped-icon-G_S.2-1.png\",\"width\":512,\"height\":512,\"caption\":\"St\u00e9phanie\"},\"logo\":{\"@id\":\"https:\\\/\\\/instant-en-soie.ch\\\/wp-content\\\/uploads\\\/2018\\\/10\\\/cropped-icon-G_S.2-1.png\"},\"sameAs\":[\"https:\\\/\\\/www.instant-en-soie.ch\",\"https:\\\/\\\/www.facebook.com\\\/instantensoie\\\/\"]}]}<\/script>\n<!-- \/ Yoast SEO plugin. -->","yoast_head_json":{"title":"Pr\u00e9sentation - Instant en soie","description":"St\u00e9phanie Houlette - Infirrmi\u00e8re - Cabinet d'hypnose et r\u00e9flexologie","robots":{"index":"index","follow":"follow","max-snippet":"max-snippet:-1","max-image-preview":"max-image-preview:large","max-video-preview":"max-video-preview:-1"},"canonical":"https:\/\/instant-en-soie.ch\/index.php\/presentation\/","og_locale":"fr_FR","og_type":"article","og_title":"Pr\u00e9sentation - Instant en soie","og_description":"St\u00e9phanie Houlette - Infirrmi\u00e8re - Cabinet d'hypnose et r\u00e9flexologie","og_url":"https:\/\/instant-en-soie.ch\/index.php\/presentation\/","og_site_name":"Instant en soie","article_publisher":"https:\/\/www.facebook.com\/instantensoie\/","article_modified_time":"2025-09-29T12:55:25+00:00","og_image":[{"url":"https:\/\/instant-en-soie.ch\/wp-content\/uploads\/elementor\/thumbs\/DSC_0027-nyaba9mm409pk4ybjnimarklgpljpyz1alv87mjzqw.jpg","type":"","width":"","height":""}],"twitter_card":"summary_large_image","twitter_misc":{"Dur\u00e9e de lecture estim\u00e9e":"5 minutes"},"schema":{"@context":"https:\/\/schema.org","@graph":[{"@type":"WebPage","@id":"https:\/\/instant-en-soie.ch\/index.php\/presentation\/","url":"https:\/\/instant-en-soie.ch\/index.php\/presentation\/","name":"Pr\u00e9sentation - Instant en soie","isPartOf":{"@id":"https:\/\/instant-en-soie.ch\/#website"},"primaryImageOfPage":{"@id":"https:\/\/instant-en-soie.ch\/index.php\/presentation\/#primaryimage"},"image":{"@id":"https:\/\/instant-en-soie.ch\/index.php\/presentation\/#primaryimage"},"thumbnailUrl":"https:\/\/instant-en-soie.ch\/wp-content\/uploads\/elementor\/thumbs\/DSC_0027-nyaba9mm409pk4ybjnimarklgpljpyz1alv87mjzqw.jpg","datePublished":"2018-10-27T12:23:46+00:00","dateModified":"2025-09-29T12:55:25+00:00","description":"St\u00e9phanie Houlette - Infirrmi\u00e8re - Cabinet d'hypnose et r\u00e9flexologie","breadcrumb":{"@id":"https:\/\/instant-en-soie.ch\/index.php\/presentation\/#breadcrumb"},"inLanguage":"fr-FR","potentialAction":[{"@type":"ReadAction","target":["https:\/\/instant-en-soie.ch\/index.php\/presentation\/"]}]},{"@type":"ImageObject","inLanguage":"fr-FR","@id":"https:\/\/instant-en-soie.ch\/index.php\/presentation\/#primaryimage","url":"https:\/\/instant-en-soie.ch\/wp-content\/uploads\/elementor\/thumbs\/DSC_0027-nyaba9mm409pk4ybjnimarklgpljpyz1alv87mjzqw.jpg","contentUrl":"https:\/\/instant-en-soie.ch\/wp-content\/uploads\/elementor\/thumbs\/DSC_0027-nyaba9mm409pk4ybjnimarklgpljpyz1alv87mjzqw.jpg"},{"@type":"BreadcrumbList","@id":"https:\/\/instant-en-soie.ch\/index.php\/presentation\/#breadcrumb","itemListElement":[{"@type":"ListItem","position":1,"name":"Accueil","item":"https:\/\/instant-en-soie.ch\/"},{"@type":"ListItem","position":2,"name":"Pr\u00e9sentation"}]},{"@type":"WebSite","@id":"https:\/\/instant-en-soie.ch\/#website","url":"https:\/\/instant-en-soie.ch\/","name":"Instant en soie","description":"Lib\u00e9rez vos ressources int\u00e9rieures","publisher":{"@id":"https:\/\/instant-en-soie.ch\/#\/schema\/person\/c35de4dba4b7acebcffdb28457742c9b"},"potentialAction":[{"@type":"SearchAction","target":{"@type":"EntryPoint","urlTemplate":"https:\/\/instant-en-soie.ch\/?s={search_term_string}"},"query-input":{"@type":"PropertyValueSpecification","valueRequired":true,"valueName":"search_term_string"}}],"inLanguage":"fr-FR"},{"@type":["Person","Organization"],"@id":"https:\/\/instant-en-soie.ch\/#\/schema\/person\/c35de4dba4b7acebcffdb28457742c9b","name":"St\u00e9phanie","image":{"@type":"ImageObject","inLanguage":"fr-FR","@id":"https:\/\/instant-en-soie.ch\/wp-content\/uploads\/2018\/10\/cropped-icon-G_S.2-1.png","url":"https:\/\/instant-en-soie.ch\/wp-content\/uploads\/2018\/10\/cropped-icon-G_S.2-1.png","contentUrl":"https:\/\/instant-en-soie.ch\/wp-content\/uploads\/2018\/10\/cropped-icon-G_S.2-1.png","width":512,"height":512,"caption":"St\u00e9phanie"},"logo":{"@id":"https:\/\/instant-en-soie.ch\/wp-content\/uploads\/2018\/10\/cropped-icon-G_S.2-1.png"},"sameAs":["https:\/\/www.instant-en-soie.ch","https:\/\/www.facebook.com\/instantensoie\/"]}]}},"_links":{"self":[{"href":"https:\/\/instant-en-soie.ch\/index.php\/wp-json\/wp\/v2\/pages\/141","targetHints":{"allow":["GET"]}}],"collection":[{"href":"https:\/\/instant-en-soie.ch\/index.php\/wp-json\/wp\/v2\/pages"}],"about":[{"href":"https:\/\/instant-en-soie.ch\/index.php\/wp-json\/wp\/v2\/types\/page"}],"author":[{"embeddable":true,"href":"https:\/\/instant-en-soie.ch\/index.php\/wp-json\/wp\/v2\/users\/1"}],"replies":[{"embeddable":true,"href":"https:\/\/instant-en-soie.ch\/index.php\/wp-json\/wp\/v2\/comments?post=141"}],"version-history":[{"count":179,"href":"https:\/\/instant-en-soie.ch\/index.php\/wp-json\/wp\/v2\/pages\/141\/revisions"}],"predecessor-version":[{"id":1802,"href":"https:\/\/instant-en-soie.ch\/index.php\/wp-json\/wp\/v2\/pages\/141\/revisions\/1802"}],"wp:attachment":[{"href":"https:\/\/instant-en-soie.ch\/index.php\/wp-json\/wp\/v2\/media?parent=141"}],"curies":[{"name":"wp","href":"https:\/\/api.w.org\/{rel}","templated":true}]}}