{"id":1070,"date":"2021-03-05T17:20:16","date_gmt":"2021-03-05T16:20:16","guid":{"rendered":"https:\/\/instant-en-soie.ch\/?page_id=1070"},"modified":"2021-03-05T17:24:00","modified_gmt":"2021-03-05T16:24:00","slug":"confidentiel","status":"publish","type":"page","link":"https:\/\/instant-en-soie.ch\/index.php\/confidentiel\/","title":{"rendered":"confidentiel"},"content":{"rendered":"\t\t<div data-elementor-type=\"wp-page\" data-elementor-id=\"1070\" class=\"elementor elementor-1070\">\n\t\t\t\t\t\t<section class=\"elementor-section elementor-top-section elementor-element elementor-element-71e6821 elementor-section-boxed elementor-section-height-default elementor-section-height-default\" data-id=\"71e6821\" data-element_type=\"section\" data-e-type=\"section\">\n\t\t\t\t\t\t<div class=\"elementor-container elementor-column-gap-default\">\n\t\t\t\t\t<div class=\"elementor-column elementor-col-100 elementor-top-column elementor-element elementor-element-33841ee\" data-id=\"33841ee\" data-element_type=\"column\" data-e-type=\"column\">\n\t\t\t<div class=\"elementor-widget-wrap elementor-element-populated\">\n\t\t\t\t\t\t<div class=\"elementor-element elementor-element-95a965a elementor-widget elementor-widget-text-editor\" data-id=\"95a965a\" data-element_type=\"widget\" data-e-type=\"widget\" data-widget_type=\"text-editor.default\">\n\t\t\t\t<div class=\"elementor-widget-container\">\n\t\t\t\t\t\t\t\t\t<h2>Politique de confidentialit\u00e9 \u2013 Protection des donn\u00e9es<\/h2><h3 dir=\"ltr\">Protection des donn\u00e9es<\/h3><p dir=\"ltr\">Instant-en-Soie enregistre et utilise vos donn\u00e9es personnelles uniquement si vous nous les fournissez volontairement (par t\u00e9l\u00e9phone, par \u00e9crit, en personne ou lors de l\u2019envoi d\u2019un e-mail pour une commande ou une demande d\u2019information, etc..). Les donn\u00e9es collect\u00e9es sont d\u00e9tenues par Instant-en-Soie.<\/p><p dir=\"ltr\">L\u2019utilisation de donn\u00e9es \u00e0 caract\u00e8re personnel se fait de mani\u00e8re confidentielle et uniquement pour les activit\u00e9s n\u00e9cessaires au traitement des commandes. La loi f\u00e9d\u00e9rale sur la protection des donn\u00e9es (LPD) s\u2019applique.<\/p><p dir=\"ltr\">Les donn\u00e9es personnelles enregistr\u00e9es sont prot\u00e9g\u00e9es par un mot de passe contre tout acc\u00e8s non autoris\u00e9.<\/p><h3 dir=\"ltr\">Google Analytics<\/h3><p dir=\"ltr\">Le site Internet utilise Google Analytics, il s\u2019agit d\u2019un service d\u2019analyse de la soci\u00e9t\u00e9 Google Inc. (\u00abGoogle\u00bb). Ce service utilise des cookies (les fichiers textes enregistr\u00e9s sur votre ordinateur, qui permettent d\u2019analyser votre utilisation du site web www.instant-en-soie.ch). Les informations sur votre emploi du site (y compris votre adresse IP), collect\u00e9es par des cookies, sont transmises \u00e0 un serveur appartenant \u00e0 Google aux USA et y sont stock\u00e9es.<\/p><p dir=\"ltr\">En utilisant ce site, vous acceptez le traitement des donn\u00e9es recueillies sur vous par Google, tel que d\u00e9crit ci-dessus, et dans le but mentionn\u00e9 pr\u00e9c\u00e9demment.<\/p><p dir=\"ltr\">Si vous ne souhaitez pas transmettre d\u2019informations \u00e0 Google et emp\u00eacher le traitement de vos donn\u00e9es par l\u2019entreprise, vous pouvez bloquer l\u2019enregistrement des donn\u00e9es relatives \u00e0 votre utilisation de ce site g\u00e9n\u00e9r\u00e9es par le cookie. Pour ce faire, t\u00e9l\u00e9chargez et installez le module compl\u00e9mentaire de navigateur disponible<a href=\"https:\/\/chrome.google.com\/webstore\/detail\/google-analytics-opt-out\/fllaojicojecljbmefodhfapmkghcbnh?hl=fr\">\u00a0ici<\/a> (https:\/\/chrome.google.com\/webstore\/detail\/google-analytics-opt-out\/fllaojicojecljbmefodhfapmkghcbnh?hl=fr).<\/p><h3 dir=\"ltr\">Utilisation d\u2019adresses e-mail<\/h3><p dir=\"ltr\">A travers l\u2019indication volontaire de votre adresse e-mail (par t\u00e9l\u00e9phone, par \u00e9crit, en personne ou lors de l\u2019envoi d\u2019un e-mail pour une commande ou une demande d\u2019information), vous nous donnez votre accord pour communiquer avec vous.<\/p><p dir=\"ltr\">Nous utilisons vos donn\u00e9es pour traiter vos commandes et am\u00e9liorer le service \u00e0 nos clients par le biais de mails d\u2019information, ce uniquement pour annoncer: des changements techniques li\u00e9s aux instruments, de potentiels \u00e9v\u00e8nements li\u00e9s \u00e0 la facture instrumentale o\u00f9 Instant-en-Soie est pr\u00e9sent, le lancement sur le march\u00e9 de nouveaux instruments ou l\u2019am\u00e9lioration d\u2019instruments existants.<\/p><p dir=\"ltr\">Il est possible de se d\u00e9sinscrire de tous mailings \u00e9lectroniques \u00e0 tout moment en envoyant un e-mail signifiant votre d\u00e9sire de vous d\u00e9sinscrire \u00e0 contact@instant-en-soie.ch<\/p><h3 dir=\"ltr\">Utilisation des r\u00e9seaux sociaux<\/h3><p dir=\"ltr\">Nous utilisons sur notre site des plug-ins et liens de r\u00e9seaux sociaux tels que Facebook, Twitter ou Instagram. Cela vous est rendu visible dans chaque cas. Les exploitants des r\u00e9seaux sociaux concern\u00e9s peuvent enregistrer le fait que vous \u00eates pr\u00e9sents sur notre site web et sur quelle page, et peuvent utiliser ces informations \u00e0 leurs propres fins. Le traitement de vos donn\u00e9es personnelles rel\u00e8ve alors de la responsabilit\u00e9 de ces op\u00e9rateurs, conform\u00e9ment \u00e0 leurs dispositions en mati\u00e8re de protection des donn\u00e9es. Nous ne recevons aucune donn\u00e9e vous concernant de la part de ces op\u00e9rateurs.\u00a0<\/p>\t\t\t\t\t\t\t\t<\/div>\n\t\t\t\t<\/div>\n\t\t\t\t\t<\/div>\n\t\t<\/div>\n\t\t\t\t\t<\/div>\n\t\t<\/section>\n\t\t\t\t<\/div>\n\t\t","protected":false},"excerpt":{"rendered":"<p>Politique de confidentialit\u00e9 \u2013 Protection des donn\u00e9es Protection des donn\u00e9es Instant-en-Soie enregistre et utilise vos donn\u00e9es personnelles uniquement si vous nous les fournissez volontairement (par t\u00e9l\u00e9phone, par \u00e9crit, en personne ou lors de l\u2019envoi d\u2019un e-mail pour une commande ou une demande d\u2019information, etc..). Les donn\u00e9es collect\u00e9es sont d\u00e9tenues par Instant-en-Soie. L\u2019utilisation de donn\u00e9es \u00e0 [&hellip;]<\/p>\n","protected":false},"author":1,"featured_media":0,"parent":0,"menu_order":0,"comment_status":"closed","ping_status":"closed","template":"elementor_header_footer","meta":{"_exactmetrics_skip_tracking":false,"_exactmetrics_sitenote_active":false,"_exactmetrics_sitenote_note":"","_exactmetrics_sitenote_category":0,"footnotes":""},"class_list":["post-1070","page","type-page","status-publish","hentry"],"yoast_head":"<!-- This site is optimized with the Yoast SEO plugin v27.5 - https:\/\/yoast.com\/product\/yoast-seo-wordpress\/ -->\n<title>confidentiel - Instant en soie<\/title>\n<meta name=\"robots\" content=\"index, follow, max-snippet:-1, max-image-preview:large, max-video-preview:-1\" \/>\n<link rel=\"canonical\" href=\"https:\/\/instant-en-soie.ch\/index.php\/confidentiel\/\" \/>\n<meta property=\"og:locale\" content=\"fr_FR\" \/>\n<meta property=\"og:type\" content=\"article\" \/>\n<meta property=\"og:title\" content=\"confidentiel - Instant en soie\" \/>\n<meta property=\"og:description\" content=\"Politique de confidentialit\u00e9 \u2013 Protection des donn\u00e9es Protection des donn\u00e9es Instant-en-Soie enregistre et utilise vos donn\u00e9es personnelles uniquement si vous nous les fournissez volontairement (par t\u00e9l\u00e9phone, par \u00e9crit, en personne ou lors de l\u2019envoi d\u2019un e-mail pour une commande ou une demande d\u2019information, etc..). Les donn\u00e9es collect\u00e9es sont d\u00e9tenues par Instant-en-Soie. L\u2019utilisation de donn\u00e9es \u00e0 [&hellip;]\" \/>\n<meta property=\"og:url\" content=\"https:\/\/instant-en-soie.ch\/index.php\/confidentiel\/\" \/>\n<meta property=\"og:site_name\" content=\"Instant en soie\" \/>\n<meta property=\"article:publisher\" content=\"https:\/\/www.facebook.com\/instantensoie\/\" \/>\n<meta property=\"article:modified_time\" content=\"2021-03-05T16:24:00+00:00\" \/>\n<meta name=\"twitter:card\" content=\"summary_large_image\" \/>\n<meta name=\"twitter:label1\" content=\"Dur\u00e9e de lecture estim\u00e9e\" \/>\n\t<meta name=\"twitter:data1\" content=\"3 minutes\" \/>\n<script type=\"application\/ld+json\" class=\"yoast-schema-graph\">{\"@context\":\"https:\\\/\\\/schema.org\",\"@graph\":[{\"@type\":\"WebPage\",\"@id\":\"https:\\\/\\\/instant-en-soie.ch\\\/index.php\\\/confidentiel\\\/\",\"url\":\"https:\\\/\\\/instant-en-soie.ch\\\/index.php\\\/confidentiel\\\/\",\"name\":\"confidentiel - Instant en soie\",\"isPartOf\":{\"@id\":\"https:\\\/\\\/instant-en-soie.ch\\\/#website\"},\"datePublished\":\"2021-03-05T16:20:16+00:00\",\"dateModified\":\"2021-03-05T16:24:00+00:00\",\"breadcrumb\":{\"@id\":\"https:\\\/\\\/instant-en-soie.ch\\\/index.php\\\/confidentiel\\\/#breadcrumb\"},\"inLanguage\":\"fr-FR\",\"potentialAction\":[{\"@type\":\"ReadAction\",\"target\":[\"https:\\\/\\\/instant-en-soie.ch\\\/index.php\\\/confidentiel\\\/\"]}]},{\"@type\":\"BreadcrumbList\",\"@id\":\"https:\\\/\\\/instant-en-soie.ch\\\/index.php\\\/confidentiel\\\/#breadcrumb\",\"itemListElement\":[{\"@type\":\"ListItem\",\"position\":1,\"name\":\"Accueil\",\"item\":\"https:\\\/\\\/instant-en-soie.ch\\\/\"},{\"@type\":\"ListItem\",\"position\":2,\"name\":\"confidentiel\"}]},{\"@type\":\"WebSite\",\"@id\":\"https:\\\/\\\/instant-en-soie.ch\\\/#website\",\"url\":\"https:\\\/\\\/instant-en-soie.ch\\\/\",\"name\":\"Instant en soie\",\"description\":\"Lib\u00e9rez vos ressources int\u00e9rieures\",\"publisher\":{\"@id\":\"https:\\\/\\\/instant-en-soie.ch\\\/#\\\/schema\\\/person\\\/c35de4dba4b7acebcffdb28457742c9b\"},\"potentialAction\":[{\"@type\":\"SearchAction\",\"target\":{\"@type\":\"EntryPoint\",\"urlTemplate\":\"https:\\\/\\\/instant-en-soie.ch\\\/?s={search_term_string}\"},\"query-input\":{\"@type\":\"PropertyValueSpecification\",\"valueRequired\":true,\"valueName\":\"search_term_string\"}}],\"inLanguage\":\"fr-FR\"},{\"@type\":[\"Person\",\"Organization\"],\"@id\":\"https:\\\/\\\/instant-en-soie.ch\\\/#\\\/schema\\\/person\\\/c35de4dba4b7acebcffdb28457742c9b\",\"name\":\"St\u00e9phanie\",\"image\":{\"@type\":\"ImageObject\",\"inLanguage\":\"fr-FR\",\"@id\":\"https:\\\/\\\/instant-en-soie.ch\\\/wp-content\\\/uploads\\\/2018\\\/10\\\/cropped-icon-G_S.2-1.png\",\"url\":\"https:\\\/\\\/instant-en-soie.ch\\\/wp-content\\\/uploads\\\/2018\\\/10\\\/cropped-icon-G_S.2-1.png\",\"contentUrl\":\"https:\\\/\\\/instant-en-soie.ch\\\/wp-content\\\/uploads\\\/2018\\\/10\\\/cropped-icon-G_S.2-1.png\",\"width\":512,\"height\":512,\"caption\":\"St\u00e9phanie\"},\"logo\":{\"@id\":\"https:\\\/\\\/instant-en-soie.ch\\\/wp-content\\\/uploads\\\/2018\\\/10\\\/cropped-icon-G_S.2-1.png\"},\"sameAs\":[\"https:\\\/\\\/www.instant-en-soie.ch\",\"https:\\\/\\\/www.facebook.com\\\/instantensoie\\\/\"]}]}<\/script>\n<!-- \/ Yoast SEO plugin. -->","yoast_head_json":{"title":"confidentiel - Instant en soie","robots":{"index":"index","follow":"follow","max-snippet":"max-snippet:-1","max-image-preview":"max-image-preview:large","max-video-preview":"max-video-preview:-1"},"canonical":"https:\/\/instant-en-soie.ch\/index.php\/confidentiel\/","og_locale":"fr_FR","og_type":"article","og_title":"confidentiel - Instant en soie","og_description":"Politique de confidentialit\u00e9 \u2013 Protection des donn\u00e9es Protection des donn\u00e9es Instant-en-Soie enregistre et utilise vos donn\u00e9es personnelles uniquement si vous nous les fournissez volontairement (par t\u00e9l\u00e9phone, par \u00e9crit, en personne ou lors de l\u2019envoi d\u2019un e-mail pour une commande ou une demande d\u2019information, etc..). Les donn\u00e9es collect\u00e9es sont d\u00e9tenues par Instant-en-Soie. L\u2019utilisation de donn\u00e9es \u00e0 [&hellip;]","og_url":"https:\/\/instant-en-soie.ch\/index.php\/confidentiel\/","og_site_name":"Instant en soie","article_publisher":"https:\/\/www.facebook.com\/instantensoie\/","article_modified_time":"2021-03-05T16:24:00+00:00","twitter_card":"summary_large_image","twitter_misc":{"Dur\u00e9e de lecture estim\u00e9e":"3 minutes"},"schema":{"@context":"https:\/\/schema.org","@graph":[{"@type":"WebPage","@id":"https:\/\/instant-en-soie.ch\/index.php\/confidentiel\/","url":"https:\/\/instant-en-soie.ch\/index.php\/confidentiel\/","name":"confidentiel - Instant en soie","isPartOf":{"@id":"https:\/\/instant-en-soie.ch\/#website"},"datePublished":"2021-03-05T16:20:16+00:00","dateModified":"2021-03-05T16:24:00+00:00","breadcrumb":{"@id":"https:\/\/instant-en-soie.ch\/index.php\/confidentiel\/#breadcrumb"},"inLanguage":"fr-FR","potentialAction":[{"@type":"ReadAction","target":["https:\/\/instant-en-soie.ch\/index.php\/confidentiel\/"]}]},{"@type":"BreadcrumbList","@id":"https:\/\/instant-en-soie.ch\/index.php\/confidentiel\/#breadcrumb","itemListElement":[{"@type":"ListItem","position":1,"name":"Accueil","item":"https:\/\/instant-en-soie.ch\/"},{"@type":"ListItem","position":2,"name":"confidentiel"}]},{"@type":"WebSite","@id":"https:\/\/instant-en-soie.ch\/#website","url":"https:\/\/instant-en-soie.ch\/","name":"Instant en soie","description":"Lib\u00e9rez vos ressources int\u00e9rieures","publisher":{"@id":"https:\/\/instant-en-soie.ch\/#\/schema\/person\/c35de4dba4b7acebcffdb28457742c9b"},"potentialAction":[{"@type":"SearchAction","target":{"@type":"EntryPoint","urlTemplate":"https:\/\/instant-en-soie.ch\/?s={search_term_string}"},"query-input":{"@type":"PropertyValueSpecification","valueRequired":true,"valueName":"search_term_string"}}],"inLanguage":"fr-FR"},{"@type":["Person","Organization"],"@id":"https:\/\/instant-en-soie.ch\/#\/schema\/person\/c35de4dba4b7acebcffdb28457742c9b","name":"St\u00e9phanie","image":{"@type":"ImageObject","inLanguage":"fr-FR","@id":"https:\/\/instant-en-soie.ch\/wp-content\/uploads\/2018\/10\/cropped-icon-G_S.2-1.png","url":"https:\/\/instant-en-soie.ch\/wp-content\/uploads\/2018\/10\/cropped-icon-G_S.2-1.png","contentUrl":"https:\/\/instant-en-soie.ch\/wp-content\/uploads\/2018\/10\/cropped-icon-G_S.2-1.png","width":512,"height":512,"caption":"St\u00e9phanie"},"logo":{"@id":"https:\/\/instant-en-soie.ch\/wp-content\/uploads\/2018\/10\/cropped-icon-G_S.2-1.png"},"sameAs":["https:\/\/www.instant-en-soie.ch","https:\/\/www.facebook.com\/instantensoie\/"]}]}},"_links":{"self":[{"href":"https:\/\/instant-en-soie.ch\/index.php\/wp-json\/wp\/v2\/pages\/1070","targetHints":{"allow":["GET"]}}],"collection":[{"href":"https:\/\/instant-en-soie.ch\/index.php\/wp-json\/wp\/v2\/pages"}],"about":[{"href":"https:\/\/instant-en-soie.ch\/index.php\/wp-json\/wp\/v2\/types\/page"}],"author":[{"embeddable":true,"href":"https:\/\/instant-en-soie.ch\/index.php\/wp-json\/wp\/v2\/users\/1"}],"replies":[{"embeddable":true,"href":"https:\/\/instant-en-soie.ch\/index.php\/wp-json\/wp\/v2\/comments?post=1070"}],"version-history":[{"count":10,"href":"https:\/\/instant-en-soie.ch\/index.php\/wp-json\/wp\/v2\/pages\/1070\/revisions"}],"predecessor-version":[{"id":1080,"href":"https:\/\/instant-en-soie.ch\/index.php\/wp-json\/wp\/v2\/pages\/1070\/revisions\/1080"}],"wp:attachment":[{"href":"https:\/\/instant-en-soie.ch\/index.php\/wp-json\/wp\/v2\/media?parent=1070"}],"curies":[{"name":"wp","href":"https:\/\/api.w.org\/{rel}","templated":true}]}}