{"id":1056,"date":"2021-03-05T17:14:59","date_gmt":"2021-03-05T16:14:59","guid":{"rendered":"https:\/\/instant-en-soie.ch\/?page_id=1056"},"modified":"2021-03-05T17:18:47","modified_gmt":"2021-03-05T16:18:47","slug":"legale","status":"publish","type":"page","link":"https:\/\/instant-en-soie.ch\/index.php\/legale\/","title":{"rendered":"legale"},"content":{"rendered":"\t\t<div data-elementor-type=\"wp-page\" data-elementor-id=\"1056\" class=\"elementor elementor-1056\">\n\t\t\t\t\t\t<section class=\"elementor-section elementor-top-section elementor-element elementor-element-70e0a7d elementor-section-boxed elementor-section-height-default elementor-section-height-default\" data-id=\"70e0a7d\" data-element_type=\"section\" data-e-type=\"section\">\n\t\t\t\t\t\t<div class=\"elementor-container elementor-column-gap-default\">\n\t\t\t\t\t<div class=\"elementor-column elementor-col-100 elementor-top-column elementor-element elementor-element-857e799\" data-id=\"857e799\" data-element_type=\"column\" data-e-type=\"column\">\n\t\t\t<div class=\"elementor-widget-wrap elementor-element-populated\">\n\t\t\t\t\t\t<div class=\"elementor-element elementor-element-2ba2d59 elementor-widget elementor-widget-text-editor\" data-id=\"2ba2d59\" data-element_type=\"widget\" data-e-type=\"widget\" data-widget_type=\"text-editor.default\">\n\t\t\t\t<div class=\"elementor-widget-container\">\n\t\t\t\t\t\t\t\t\t<h2>Mentions l\u00e9gales<\/h2><div><p>Adresse de contact<br \/>St\u00e9phanie Houlette\/ 1687 Est\u00e9venens, Fribourg\u00a0 \/ Suisse \/ contact@instant-en-soie.ch<\/p><p>Marque et droits d\u2019auteur<br \/>Tous les \u00e9l\u00e9ments du site www.instant-en-soie.ch sont et restent la propri\u00e9t\u00e9 intellectuelle et exclusive de St\u00e9phanie Houlette. Nul n\u2019est autoris\u00e9 \u00e0 reproduire, exploiter, rediffuser, ou utiliser \u00e0 quelque titre que ce soit, m\u00eame partiellement, des \u00e9l\u00e9ments du site qu\u2019ils soient logiciels, visuels ou sonores. Tout lien simple ou par hypertexte est strictement interdit sans un accord \u00e9crit expr\u00e8s de Instant-en-Soie.<\/p><p>Responsabilit\u00e9<br \/>L\u2019auteur veille avec le plus grand soin \u00e0 l\u2019exactitude des informations publi\u00e9es, il n\u2019assume aucune responsabilit\u00e9 quant \u00e0 l\u2019exactitude, la pr\u00e9cision, l\u2019actualit\u00e9, la fiabilit\u00e9 ou l\u2019exhaustivit\u00e9 de ces informations. L\u2019auteur se r\u00e9serve express\u00e9ment le droit de modifier, de supprimer ou de suspendre en tout temps et sans annonce pr\u00e9alable tout ou partie des contenus.\u00a0<\/p><p>Toute pr\u00e9tention en responsabilit\u00e9 vis-\u00e0-vis de Instant-en-Soie\u00a0 pour des dommages mat\u00e9riels ou immat\u00e9riels qui pourraient d\u00e9couler de l\u2019acc\u00e8s aux informations diffus\u00e9es ou de leur utilisation ou non-utilisation, de l\u2019usage abusif de la connexion ou de probl\u00e8mes techniques est exclue.\u00a0<\/p><p>Les liens, les r\u00e9f\u00e9rences et les liens vers des sites Web tiers ne rel\u00e8vent pas de notre comp\u00e9tence. Nous rejetons toute responsabilit\u00e9 relative \u00e0 ces sites Web. L\u2019acc\u00e8s et l\u2019utilisation de ces sites Web se font aux risques et p\u00e9rils de l\u2019utilisateur.<\/p><p>Toute les offres sont sans engagement. L\u2019auteur n\u2019a pas v\u00e9rifi\u00e9 les sites tiers qui ne sont pas h\u00e9berg\u00e9s sur son serveur ou ne sont pas sous son contr\u00f4le et auxquels ne font que renvoyer des liens de son site et elle n\u2019assume aucune responsabilit\u00e9 pour les contenus et les services ou produits offerts sur ceux-ci.<\/p><\/div>\t\t\t\t\t\t\t\t<\/div>\n\t\t\t\t<\/div>\n\t\t\t\t\t<\/div>\n\t\t<\/div>\n\t\t\t\t\t<\/div>\n\t\t<\/section>\n\t\t\t\t<\/div>\n\t\t","protected":false},"excerpt":{"rendered":"<p>Mentions l\u00e9gales Adresse de contactSt\u00e9phanie Houlette\/ 1687 Est\u00e9venens, Fribourg\u00a0 \/ Suisse \/ contact@instant-en-soie.ch Marque et droits d\u2019auteurTous les \u00e9l\u00e9ments du site www.instant-en-soie.ch sont et restent la propri\u00e9t\u00e9 intellectuelle et exclusive de St\u00e9phanie Houlette. Nul n\u2019est autoris\u00e9 \u00e0 reproduire, exploiter, rediffuser, ou utiliser \u00e0 quelque titre que ce soit, m\u00eame partiellement, des \u00e9l\u00e9ments du site qu\u2019ils [&hellip;]<\/p>\n","protected":false},"author":1,"featured_media":0,"parent":0,"menu_order":0,"comment_status":"closed","ping_status":"closed","template":"elementor_header_footer","meta":{"_exactmetrics_skip_tracking":false,"_exactmetrics_sitenote_active":false,"_exactmetrics_sitenote_note":"","_exactmetrics_sitenote_category":0,"footnotes":""},"class_list":["post-1056","page","type-page","status-publish","hentry"],"yoast_head":"<!-- This site is optimized with the Yoast SEO plugin v27.5 - https:\/\/yoast.com\/product\/yoast-seo-wordpress\/ -->\n<title>legale - Instant en soie<\/title>\n<meta name=\"robots\" content=\"index, follow, max-snippet:-1, max-image-preview:large, max-video-preview:-1\" \/>\n<link rel=\"canonical\" href=\"https:\/\/instant-en-soie.ch\/index.php\/legale\/\" \/>\n<meta property=\"og:locale\" content=\"fr_FR\" \/>\n<meta property=\"og:type\" content=\"article\" \/>\n<meta property=\"og:title\" content=\"legale - Instant en soie\" \/>\n<meta property=\"og:description\" content=\"Mentions l\u00e9gales Adresse de contactSt\u00e9phanie Houlette\/ 1687 Est\u00e9venens, Fribourg\u00a0 \/ Suisse \/ contact@instant-en-soie.ch Marque et droits d\u2019auteurTous les \u00e9l\u00e9ments du site www.instant-en-soie.ch sont et restent la propri\u00e9t\u00e9 intellectuelle et exclusive de St\u00e9phanie Houlette. Nul n\u2019est autoris\u00e9 \u00e0 reproduire, exploiter, rediffuser, ou utiliser \u00e0 quelque titre que ce soit, m\u00eame partiellement, des \u00e9l\u00e9ments du site qu\u2019ils [&hellip;]\" \/>\n<meta property=\"og:url\" content=\"https:\/\/instant-en-soie.ch\/index.php\/legale\/\" \/>\n<meta property=\"og:site_name\" content=\"Instant en soie\" \/>\n<meta property=\"article:publisher\" content=\"https:\/\/www.facebook.com\/instantensoie\/\" \/>\n<meta property=\"article:modified_time\" content=\"2021-03-05T16:18:47+00:00\" \/>\n<meta name=\"twitter:card\" content=\"summary_large_image\" \/>\n<meta name=\"twitter:label1\" content=\"Dur\u00e9e de lecture estim\u00e9e\" \/>\n\t<meta name=\"twitter:data1\" content=\"2 minutes\" \/>\n<script type=\"application\/ld+json\" class=\"yoast-schema-graph\">{\"@context\":\"https:\\\/\\\/schema.org\",\"@graph\":[{\"@type\":\"WebPage\",\"@id\":\"https:\\\/\\\/instant-en-soie.ch\\\/index.php\\\/legale\\\/\",\"url\":\"https:\\\/\\\/instant-en-soie.ch\\\/index.php\\\/legale\\\/\",\"name\":\"legale - Instant en soie\",\"isPartOf\":{\"@id\":\"https:\\\/\\\/instant-en-soie.ch\\\/#website\"},\"datePublished\":\"2021-03-05T16:14:59+00:00\",\"dateModified\":\"2021-03-05T16:18:47+00:00\",\"breadcrumb\":{\"@id\":\"https:\\\/\\\/instant-en-soie.ch\\\/index.php\\\/legale\\\/#breadcrumb\"},\"inLanguage\":\"fr-FR\",\"potentialAction\":[{\"@type\":\"ReadAction\",\"target\":[\"https:\\\/\\\/instant-en-soie.ch\\\/index.php\\\/legale\\\/\"]}]},{\"@type\":\"BreadcrumbList\",\"@id\":\"https:\\\/\\\/instant-en-soie.ch\\\/index.php\\\/legale\\\/#breadcrumb\",\"itemListElement\":[{\"@type\":\"ListItem\",\"position\":1,\"name\":\"Accueil\",\"item\":\"https:\\\/\\\/instant-en-soie.ch\\\/\"},{\"@type\":\"ListItem\",\"position\":2,\"name\":\"legale\"}]},{\"@type\":\"WebSite\",\"@id\":\"https:\\\/\\\/instant-en-soie.ch\\\/#website\",\"url\":\"https:\\\/\\\/instant-en-soie.ch\\\/\",\"name\":\"Instant en soie\",\"description\":\"Lib\u00e9rez vos ressources int\u00e9rieures\",\"publisher\":{\"@id\":\"https:\\\/\\\/instant-en-soie.ch\\\/#\\\/schema\\\/person\\\/c35de4dba4b7acebcffdb28457742c9b\"},\"potentialAction\":[{\"@type\":\"SearchAction\",\"target\":{\"@type\":\"EntryPoint\",\"urlTemplate\":\"https:\\\/\\\/instant-en-soie.ch\\\/?s={search_term_string}\"},\"query-input\":{\"@type\":\"PropertyValueSpecification\",\"valueRequired\":true,\"valueName\":\"search_term_string\"}}],\"inLanguage\":\"fr-FR\"},{\"@type\":[\"Person\",\"Organization\"],\"@id\":\"https:\\\/\\\/instant-en-soie.ch\\\/#\\\/schema\\\/person\\\/c35de4dba4b7acebcffdb28457742c9b\",\"name\":\"St\u00e9phanie\",\"image\":{\"@type\":\"ImageObject\",\"inLanguage\":\"fr-FR\",\"@id\":\"https:\\\/\\\/instant-en-soie.ch\\\/wp-content\\\/uploads\\\/2018\\\/10\\\/cropped-icon-G_S.2-1.png\",\"url\":\"https:\\\/\\\/instant-en-soie.ch\\\/wp-content\\\/uploads\\\/2018\\\/10\\\/cropped-icon-G_S.2-1.png\",\"contentUrl\":\"https:\\\/\\\/instant-en-soie.ch\\\/wp-content\\\/uploads\\\/2018\\\/10\\\/cropped-icon-G_S.2-1.png\",\"width\":512,\"height\":512,\"caption\":\"St\u00e9phanie\"},\"logo\":{\"@id\":\"https:\\\/\\\/instant-en-soie.ch\\\/wp-content\\\/uploads\\\/2018\\\/10\\\/cropped-icon-G_S.2-1.png\"},\"sameAs\":[\"https:\\\/\\\/www.instant-en-soie.ch\",\"https:\\\/\\\/www.facebook.com\\\/instantensoie\\\/\"]}]}<\/script>\n<!-- \/ Yoast SEO plugin. -->","yoast_head_json":{"title":"legale - Instant en soie","robots":{"index":"index","follow":"follow","max-snippet":"max-snippet:-1","max-image-preview":"max-image-preview:large","max-video-preview":"max-video-preview:-1"},"canonical":"https:\/\/instant-en-soie.ch\/index.php\/legale\/","og_locale":"fr_FR","og_type":"article","og_title":"legale - Instant en soie","og_description":"Mentions l\u00e9gales Adresse de contactSt\u00e9phanie Houlette\/ 1687 Est\u00e9venens, Fribourg\u00a0 \/ Suisse \/ contact@instant-en-soie.ch Marque et droits d\u2019auteurTous les \u00e9l\u00e9ments du site www.instant-en-soie.ch sont et restent la propri\u00e9t\u00e9 intellectuelle et exclusive de St\u00e9phanie Houlette. Nul n\u2019est autoris\u00e9 \u00e0 reproduire, exploiter, rediffuser, ou utiliser \u00e0 quelque titre que ce soit, m\u00eame partiellement, des \u00e9l\u00e9ments du site qu\u2019ils [&hellip;]","og_url":"https:\/\/instant-en-soie.ch\/index.php\/legale\/","og_site_name":"Instant en soie","article_publisher":"https:\/\/www.facebook.com\/instantensoie\/","article_modified_time":"2021-03-05T16:18:47+00:00","twitter_card":"summary_large_image","twitter_misc":{"Dur\u00e9e de lecture estim\u00e9e":"2 minutes"},"schema":{"@context":"https:\/\/schema.org","@graph":[{"@type":"WebPage","@id":"https:\/\/instant-en-soie.ch\/index.php\/legale\/","url":"https:\/\/instant-en-soie.ch\/index.php\/legale\/","name":"legale - Instant en soie","isPartOf":{"@id":"https:\/\/instant-en-soie.ch\/#website"},"datePublished":"2021-03-05T16:14:59+00:00","dateModified":"2021-03-05T16:18:47+00:00","breadcrumb":{"@id":"https:\/\/instant-en-soie.ch\/index.php\/legale\/#breadcrumb"},"inLanguage":"fr-FR","potentialAction":[{"@type":"ReadAction","target":["https:\/\/instant-en-soie.ch\/index.php\/legale\/"]}]},{"@type":"BreadcrumbList","@id":"https:\/\/instant-en-soie.ch\/index.php\/legale\/#breadcrumb","itemListElement":[{"@type":"ListItem","position":1,"name":"Accueil","item":"https:\/\/instant-en-soie.ch\/"},{"@type":"ListItem","position":2,"name":"legale"}]},{"@type":"WebSite","@id":"https:\/\/instant-en-soie.ch\/#website","url":"https:\/\/instant-en-soie.ch\/","name":"Instant en soie","description":"Lib\u00e9rez vos ressources int\u00e9rieures","publisher":{"@id":"https:\/\/instant-en-soie.ch\/#\/schema\/person\/c35de4dba4b7acebcffdb28457742c9b"},"potentialAction":[{"@type":"SearchAction","target":{"@type":"EntryPoint","urlTemplate":"https:\/\/instant-en-soie.ch\/?s={search_term_string}"},"query-input":{"@type":"PropertyValueSpecification","valueRequired":true,"valueName":"search_term_string"}}],"inLanguage":"fr-FR"},{"@type":["Person","Organization"],"@id":"https:\/\/instant-en-soie.ch\/#\/schema\/person\/c35de4dba4b7acebcffdb28457742c9b","name":"St\u00e9phanie","image":{"@type":"ImageObject","inLanguage":"fr-FR","@id":"https:\/\/instant-en-soie.ch\/wp-content\/uploads\/2018\/10\/cropped-icon-G_S.2-1.png","url":"https:\/\/instant-en-soie.ch\/wp-content\/uploads\/2018\/10\/cropped-icon-G_S.2-1.png","contentUrl":"https:\/\/instant-en-soie.ch\/wp-content\/uploads\/2018\/10\/cropped-icon-G_S.2-1.png","width":512,"height":512,"caption":"St\u00e9phanie"},"logo":{"@id":"https:\/\/instant-en-soie.ch\/wp-content\/uploads\/2018\/10\/cropped-icon-G_S.2-1.png"},"sameAs":["https:\/\/www.instant-en-soie.ch","https:\/\/www.facebook.com\/instantensoie\/"]}]}},"_links":{"self":[{"href":"https:\/\/instant-en-soie.ch\/index.php\/wp-json\/wp\/v2\/pages\/1056","targetHints":{"allow":["GET"]}}],"collection":[{"href":"https:\/\/instant-en-soie.ch\/index.php\/wp-json\/wp\/v2\/pages"}],"about":[{"href":"https:\/\/instant-en-soie.ch\/index.php\/wp-json\/wp\/v2\/types\/page"}],"author":[{"embeddable":true,"href":"https:\/\/instant-en-soie.ch\/index.php\/wp-json\/wp\/v2\/users\/1"}],"replies":[{"embeddable":true,"href":"https:\/\/instant-en-soie.ch\/index.php\/wp-json\/wp\/v2\/comments?post=1056"}],"version-history":[{"count":13,"href":"https:\/\/instant-en-soie.ch\/index.php\/wp-json\/wp\/v2\/pages\/1056\/revisions"}],"predecessor-version":[{"id":1069,"href":"https:\/\/instant-en-soie.ch\/index.php\/wp-json\/wp\/v2\/pages\/1056\/revisions\/1069"}],"wp:attachment":[{"href":"https:\/\/instant-en-soie.ch\/index.php\/wp-json\/wp\/v2\/media?parent=1056"}],"curies":[{"name":"wp","href":"https:\/\/api.w.org\/{rel}","templated":true}]}}